{"id":11629,"date":"2021-07-20T04:26:45","date_gmt":"2021-07-20T12:26:45","guid":{"rendered":"https:\/\/chansmachining.com\/blog\/"},"modified":"2024-12-17T23:38:28","modified_gmt":"2024-12-18T07:38:28","slug":"blog","status":"publish","type":"page","link":"https:\/\/chansmachining.com\/ro\/blog\/","title":{"rendered":"Blog"},"content":{"rendered":"\t\t<div data-elementor-type=\"wp-page\" data-elementor-id=\"11629\" class=\"elementor elementor-11629 elementor-28\" data-elementor-post-type=\"page\">\n\t\t\t\t\t\t<section class=\"elementor-section elementor-top-section elementor-element elementor-element-7b77135 elementor-section-height-min-height elementor-section-boxed elementor-section-height-default elementor-section-items-middle\" data-id=\"7b77135\" data-element_type=\"section\" data-e-type=\"section\" data-settings=\"{&quot;background_background&quot;:&quot;classic&quot;}\">\n\t\t\t\t\t\t\t<div class=\"elementor-background-overlay\"><\/div>\n\t\t\t\t\t\t\t<div class=\"elementor-container elementor-column-gap-default\">\n\t\t\t\t\t<div class=\"elementor-column elementor-col-50 elementor-top-column elementor-element elementor-element-1ce22c5\" data-id=\"1ce22c5\" data-element_type=\"column\" data-e-type=\"column\">\n\t\t\t<div class=\"elementor-widget-wrap elementor-element-populated\">\n\t\t\t\t\t\t<div class=\"elementor-element elementor-element-5e75ab3 elementor-widget elementor-widget-text-editor\" data-id=\"5e75ab3\" data-element_type=\"widget\" data-e-type=\"widget\" data-widget_type=\"text-editor.default\">\n\t\t\t\t<div class=\"elementor-widget-container\">\n\t\t\t\t\t\t\t\t\t<p><span style=\"color: #ffffff; font-family: var( --e-global-typography-text-font-family ), Montserrat;\">Sta\u021bi la curent cu cele mai recente progrese \u00een domeniul prelucr\u0103rii CNC \u0219i g<\/span><span style=\"color: #ffffff;\">ob\u021bine\u021bi cele mai recente actualiz\u0103ri \u0219i perspective privind tehnicile de prelucrare CNC, aplica\u021biile \u0219i cele mai bune practici. <\/span><\/p>\n<p><span style=\"color: #ffffff;\">Blogul nostru acoper\u0103 o gam\u0103 larg\u0103 de subiecte legate de prelucrarea CNC, inclusiv prototipuri, serii de produc\u021bie, fabricarea la comand\u0103 \u0219i multe altele. A\u021bi putea<\/span><span style=\"color: #ffffff; font-family: var( --e-global-typography-text-font-family ), Montserrat;\">\u00eenv\u0103\u021ba\u021bi cum s\u0103 maximiza\u021bi eficien\u021ba \u0219i precizia pieselor \u0219i prototipurilor dumneavoastr\u0103.<\/span><\/p>\n<p> <\/p>\n<p> <\/p>\n<p> <\/p>\t\t\t\t\t\t\t\t<\/div>\n\t\t\t\t<\/div>\n\t\t\t\t<div class=\"elementor-element elementor-element-4e14d37 elementor-align-left elementor-widget elementor-widget-button\" data-id=\"4e14d37\" data-element_type=\"widget\" data-e-type=\"widget\" data-widget_type=\"button.default\">\n\t\t\t\t<div class=\"elementor-widget-container\">\n\t\t\t\t\t\t\t\t\t<div class=\"elementor-button-wrapper\">\n\t\t\t\t\t<a class=\"elementor-button elementor-button-link elementor-size-xs\" href=\"https:\/\/chansmachining.com\/ro\/contactati-ne\/\">\n\t\t\t\t\t\t<span class=\"elementor-button-content-wrapper\">\n\t\t\t\t\t\t\t\t\t<span class=\"elementor-button-text\">Contacta\u021bi-ne pentru a ob\u021bine ajutor<\/span>\n\t\t\t\t\t<\/span>\n\t\t\t\t\t<\/a>\n\t\t\t\t<\/div>\n\t\t\t\t\t\t\t\t<\/div>\n\t\t\t\t<\/div>\n\t\t\t\t\t<\/div>\n\t\t<\/div>\n\t\t\t\t<div class=\"elementor-column elementor-col-50 elementor-top-column elementor-element elementor-element-c8633ee\" data-id=\"c8633ee\" data-element_type=\"column\" data-e-type=\"column\">\n\t\t\t<div class=\"elementor-widget-wrap\">\n\t\t\t\t\t\t\t<\/div>\n\t\t<\/div>\n\t\t\t\t\t<\/div>\n\t\t<\/section>\n\t\t\t\t<section class=\"elementor-section elementor-top-section elementor-element elementor-element-b884cb4 elementor-section-boxed elementor-section-height-default elementor-section-height-default\" data-id=\"b884cb4\" data-element_type=\"section\" data-e-type=\"section\">\n\t\t\t\t\t\t<div class=\"elementor-container elementor-column-gap-default\">\n\t\t\t\t\t<div class=\"elementor-column elementor-col-100 elementor-top-column elementor-element elementor-element-a77ca9d\" data-id=\"a77ca9d\" data-element_type=\"column\" data-e-type=\"column\">\n\t\t\t<div class=\"elementor-widget-wrap elementor-element-populated\">\n\t\t\t\t\t\t<div class=\"elementor-element elementor-element-4469895 elementor-search-form--skin-minimal elementor-widget elementor-widget-search-form\" data-id=\"4469895\" data-element_type=\"widget\" data-e-type=\"widget\" data-settings=\"{&quot;skin&quot;:&quot;minimal&quot;}\" data-widget_type=\"search-form.default\">\n\t\t\t\t<div class=\"elementor-widget-container\">\n\t\t\t\t\t\t\t<search role=\"search\">\n\t\t\t<form class=\"elementor-search-form\" action=\"https:\/\/chansmachining.com\/ro\/\" method=\"get\">\n\t\t\t\t\t\t\t\t\t\t\t\t<div class=\"elementor-search-form__container\">\n\t\t\t\t\t<label class=\"elementor-screen-only\" for=\"elementor-search-form-4469895\">Caut\u0103<\/label>\n\n\t\t\t\t\t\t\t\t\t\t\t<div class=\"elementor-search-form__icon\">\n\t\t\t\t\t\t\t<i aria-hidden=\"true\" class=\"fas fa-search\"><\/i>\t\t\t\t\t\t\t<span class=\"elementor-screen-only\">Caut\u0103<\/span>\n\t\t\t\t\t\t<\/div>\n\t\t\t\t\t\n\t\t\t\t\t<input id=\"elementor-search-form-4469895\" placeholder=\"Search...\" class=\"elementor-search-form__input\" type=\"search\" name=\"s\" value=\"\">\n\t\t\t\t\t<input type='hidden' name='lang' value='ro' \/>\n\t\t\t\t\t\n\t\t\t\t\t\t\t\t\t<\/div>\n\t\t\t<\/form>\n\t\t<\/search>\n\t\t\t\t\t\t<\/div>\n\t\t\t\t<\/div>\n\t\t\t\t\t<\/div>\n\t\t<\/div>\n\t\t\t\t\t<\/div>\n\t\t<\/section>\n\t\t\t\t<\/div>\n\t\t","protected":false},"excerpt":{"rendered":"<p>Sta\u021bi la curent cu cele mai recente progrese \u00een domeniul prelucr\u0103rii CNC \u0219i gob\u021bine\u021bi cele mai recente actualiz\u0103ri \u0219i perspective privind tehnicile de prelucrare CNC, aplica\u021biile \u0219i cele mai bune practici. Blogul nostru acoper\u0103 o gam\u0103 larg\u0103 de subiecte legate de prelucrarea CNC, inclusiv prototipuri, serii de produc\u021bie, fabricarea la comand\u0103 \u0219i multe altele. A\u021bi [&hellip;]<\/p>\n","protected":false},"author":1,"featured_media":0,"parent":0,"menu_order":0,"comment_status":"closed","ping_status":"closed","template":"","meta":{"footnotes":""},"class_list":["post-11629","page","type-page","status-publish","hentry"],"yoast_head":"<!-- This site is optimized with the Yoast SEO plugin v26.8 - https:\/\/yoast.com\/product\/yoast-seo-wordpress\/ -->\n<title>Cele mai recente actualiz\u0103ri \u0219i perspective privind tehnicile, aplica\u021biile \u0219i cele mai bune practici de prelucrare CNC<\/title>\n<meta name=\"robots\" content=\"index, follow, max-snippet:-1, max-image-preview:large, max-video-preview:-1\" \/>\n<link rel=\"canonical\" href=\"https:\/\/chansmachining.com\/ro\/blog\/\" \/>\n<meta property=\"og:locale\" content=\"ro_RO\" \/>\n<meta property=\"og:type\" content=\"article\" \/>\n<meta property=\"og:title\" content=\"Cele mai recente actualiz\u0103ri \u0219i perspective privind tehnicile, aplica\u021biile \u0219i cele mai bune practici de prelucrare CNC\" \/>\n<meta property=\"og:description\" content=\"Sta\u021bi la curent cu cele mai recente progrese \u00een domeniul prelucr\u0103rii CNC \u0219i gob\u021bine\u021bi cele mai recente actualiz\u0103ri \u0219i perspective privind tehnicile de prelucrare CNC, aplica\u021biile \u0219i cele mai bune practici. Blogul nostru acoper\u0103 o gam\u0103 larg\u0103 de subiecte legate de prelucrarea CNC, inclusiv prototipuri, serii de produc\u021bie, fabricarea la comand\u0103 \u0219i multe altele. A\u021bi [&hellip;]\" \/>\n<meta property=\"og:url\" content=\"https:\/\/chansmachining.com\/ro\/blog\/\" \/>\n<meta property=\"og:site_name\" content=\"ChansMachining\" \/>\n<meta property=\"article:modified_time\" content=\"2024-12-18T07:38:28+00:00\" \/>\n<meta name=\"twitter:card\" content=\"summary_large_image\" \/>\n<meta name=\"twitter:label1\" content=\"Timp estimat pentru citire\" \/>\n\t<meta name=\"twitter:data1\" content=\"6 minute\" \/>\n<script type=\"application\/ld+json\" class=\"yoast-schema-graph\">{\"@context\":\"https:\/\/schema.org\",\"@graph\":[{\"@type\":\"WebPage\",\"@id\":\"https:\/\/chansmachining.com\/ro\/blog\/\",\"url\":\"https:\/\/chansmachining.com\/ro\/blog\/\",\"name\":\"Cele mai recente actualiz\u0103ri \u0219i perspective privind tehnicile, aplica\u021biile \u0219i cele mai bune practici de prelucrare CNC\",\"isPartOf\":{\"@id\":\"https:\/\/chansmachining.com\/ro\/#website\"},\"datePublished\":\"2021-07-20T12:26:45+00:00\",\"dateModified\":\"2024-12-18T07:38:28+00:00\",\"breadcrumb\":{\"@id\":\"https:\/\/chansmachining.com\/ro\/blog\/#breadcrumb\"},\"inLanguage\":\"ro-RO\",\"potentialAction\":[{\"@type\":\"ReadAction\",\"target\":[\"https:\/\/chansmachining.com\/ro\/blog\/\"]}]},{\"@type\":\"BreadcrumbList\",\"@id\":\"https:\/\/chansmachining.com\/ro\/blog\/#breadcrumb\",\"itemListElement\":[{\"@type\":\"ListItem\",\"position\":1,\"name\":\"Home\",\"item\":\"https:\/\/chansmachining.com\/ro\/?page_id=9836\"},{\"@type\":\"ListItem\",\"position\":2,\"name\":\"Blog\"}]},{\"@type\":\"WebSite\",\"@id\":\"https:\/\/chansmachining.com\/ro\/#website\",\"url\":\"https:\/\/chansmachining.com\/ro\/\",\"name\":\"ChansMachining\",\"description\":\"Just another WordPress site\",\"publisher\":{\"@id\":\"https:\/\/chansmachining.com\/ro\/#organization\"},\"potentialAction\":[{\"@type\":\"SearchAction\",\"target\":{\"@type\":\"EntryPoint\",\"urlTemplate\":\"https:\/\/chansmachining.com\/ro\/?s={search_term_string}\"},\"query-input\":{\"@type\":\"PropertyValueSpecification\",\"valueRequired\":true,\"valueName\":\"search_term_string\"}}],\"inLanguage\":\"ro-RO\"},{\"@type\":\"Organization\",\"@id\":\"https:\/\/chansmachining.com\/ro\/#organization\",\"name\":\"ChansMachining\",\"url\":\"https:\/\/chansmachining.com\/ro\/\",\"logo\":{\"@type\":\"ImageObject\",\"inLanguage\":\"ro-RO\",\"@id\":\"https:\/\/chansmachining.com\/ro\/#\/schema\/logo\/image\/\",\"url\":\"https:\/\/chansmachining.com\/wp-content\/uploads\/2021\/07\/Chansmachining.com_.png\",\"contentUrl\":\"https:\/\/chansmachining.com\/wp-content\/uploads\/2021\/07\/Chansmachining.com_.png\",\"width\":151,\"height\":44,\"caption\":\"ChansMachining\"},\"image\":{\"@id\":\"https:\/\/chansmachining.com\/ro\/#\/schema\/logo\/image\/\"}}]}<\/script>\n<!-- \/ Yoast SEO plugin. -->","yoast_head_json":{"title":"Cele mai recente actualiz\u0103ri \u0219i perspective privind tehnicile, aplica\u021biile \u0219i cele mai bune practici de prelucrare CNC","robots":{"index":"index","follow":"follow","max-snippet":"max-snippet:-1","max-image-preview":"max-image-preview:large","max-video-preview":"max-video-preview:-1"},"canonical":"https:\/\/chansmachining.com\/ro\/blog\/","og_locale":"ro_RO","og_type":"article","og_title":"Cele mai recente actualiz\u0103ri \u0219i perspective privind tehnicile, aplica\u021biile \u0219i cele mai bune practici de prelucrare CNC","og_description":"Sta\u021bi la curent cu cele mai recente progrese \u00een domeniul prelucr\u0103rii CNC \u0219i gob\u021bine\u021bi cele mai recente actualiz\u0103ri \u0219i perspective privind tehnicile de prelucrare CNC, aplica\u021biile \u0219i cele mai bune practici. Blogul nostru acoper\u0103 o gam\u0103 larg\u0103 de subiecte legate de prelucrarea CNC, inclusiv prototipuri, serii de produc\u021bie, fabricarea la comand\u0103 \u0219i multe altele. A\u021bi [&hellip;]","og_url":"https:\/\/chansmachining.com\/ro\/blog\/","og_site_name":"ChansMachining","article_modified_time":"2024-12-18T07:38:28+00:00","twitter_card":"summary_large_image","twitter_misc":{"Timp estimat pentru citire":"6 minute"},"schema":{"@context":"https:\/\/schema.org","@graph":[{"@type":"WebPage","@id":"https:\/\/chansmachining.com\/ro\/blog\/","url":"https:\/\/chansmachining.com\/ro\/blog\/","name":"Cele mai recente actualiz\u0103ri \u0219i perspective privind tehnicile, aplica\u021biile \u0219i cele mai bune practici de prelucrare CNC","isPartOf":{"@id":"https:\/\/chansmachining.com\/ro\/#website"},"datePublished":"2021-07-20T12:26:45+00:00","dateModified":"2024-12-18T07:38:28+00:00","breadcrumb":{"@id":"https:\/\/chansmachining.com\/ro\/blog\/#breadcrumb"},"inLanguage":"ro-RO","potentialAction":[{"@type":"ReadAction","target":["https:\/\/chansmachining.com\/ro\/blog\/"]}]},{"@type":"BreadcrumbList","@id":"https:\/\/chansmachining.com\/ro\/blog\/#breadcrumb","itemListElement":[{"@type":"ListItem","position":1,"name":"Home","item":"https:\/\/chansmachining.com\/ro\/?page_id=9836"},{"@type":"ListItem","position":2,"name":"Blog"}]},{"@type":"WebSite","@id":"https:\/\/chansmachining.com\/ro\/#website","url":"https:\/\/chansmachining.com\/ro\/","name":"ChansMachining","description":"Just another WordPress site","publisher":{"@id":"https:\/\/chansmachining.com\/ro\/#organization"},"potentialAction":[{"@type":"SearchAction","target":{"@type":"EntryPoint","urlTemplate":"https:\/\/chansmachining.com\/ro\/?s={search_term_string}"},"query-input":{"@type":"PropertyValueSpecification","valueRequired":true,"valueName":"search_term_string"}}],"inLanguage":"ro-RO"},{"@type":"Organization","@id":"https:\/\/chansmachining.com\/ro\/#organization","name":"ChansMachining","url":"https:\/\/chansmachining.com\/ro\/","logo":{"@type":"ImageObject","inLanguage":"ro-RO","@id":"https:\/\/chansmachining.com\/ro\/#\/schema\/logo\/image\/","url":"https:\/\/chansmachining.com\/wp-content\/uploads\/2021\/07\/Chansmachining.com_.png","contentUrl":"https:\/\/chansmachining.com\/wp-content\/uploads\/2021\/07\/Chansmachining.com_.png","width":151,"height":44,"caption":"ChansMachining"},"image":{"@id":"https:\/\/chansmachining.com\/ro\/#\/schema\/logo\/image\/"}}]}},"_links":{"self":[{"href":"https:\/\/chansmachining.com\/ro\/wp-json\/wp\/v2\/pages\/11629","targetHints":{"allow":["GET"]}}],"collection":[{"href":"https:\/\/chansmachining.com\/ro\/wp-json\/wp\/v2\/pages"}],"about":[{"href":"https:\/\/chansmachining.com\/ro\/wp-json\/wp\/v2\/types\/page"}],"author":[{"embeddable":true,"href":"https:\/\/chansmachining.com\/ro\/wp-json\/wp\/v2\/users\/1"}],"replies":[{"embeddable":true,"href":"https:\/\/chansmachining.com\/ro\/wp-json\/wp\/v2\/comments?post=11629"}],"version-history":[{"count":7,"href":"https:\/\/chansmachining.com\/ro\/wp-json\/wp\/v2\/pages\/11629\/revisions"}],"predecessor-version":[{"id":22231,"href":"https:\/\/chansmachining.com\/ro\/wp-json\/wp\/v2\/pages\/11629\/revisions\/22231"}],"wp:attachment":[{"href":"https:\/\/chansmachining.com\/ro\/wp-json\/wp\/v2\/media?parent=11629"}],"curies":[{"name":"wp","href":"https:\/\/api.w.org\/{rel}","templated":true}]}}