{"id":11510,"date":"2021-11-01T08:40:01","date_gmt":"2021-11-01T16:40:01","guid":{"rendered":"https:\/\/chansmachining.com\/obtineti-o-oferta\/"},"modified":"2024-12-17T09:35:32","modified_gmt":"2024-12-17T17:35:32","slug":"obtineti-o-oferta","status":"publish","type":"page","link":"https:\/\/chansmachining.com\/ro\/obtineti-o-oferta\/","title":{"rendered":"Ob\u021bine\u021bi o ofert\u0103"},"content":{"rendered":"\t\t<div data-elementor-type=\"wp-page\" data-elementor-id=\"11510\" class=\"elementor elementor-11510 elementor-1513\" data-elementor-post-type=\"page\">\n\t\t\t\t<div class=\"elementor-element elementor-element-ea44948 e-flex e-con-boxed e-con e-parent\" data-id=\"ea44948\" data-element_type=\"container\" data-e-type=\"container\" data-settings=\"{&quot;background_background&quot;:&quot;classic&quot;}\">\n\t\t\t\t\t<div class=\"e-con-inner\">\n\t\t\t\t<div class=\"elementor-element elementor-element-011bb2b elementor-widget elementor-widget-text-editor\" data-id=\"011bb2b\" data-element_type=\"widget\" data-e-type=\"widget\" data-widget_type=\"text-editor.default\">\n\t\t\t\t<div class=\"elementor-widget-container\">\n\t\t\t\t\t\t\t\t\t<h2 class=\"elementor-heading-title elementor-size-default\">Mul\u021bumesc pentru alegerea ChanMachining&nbsp;<\/h2>\n<h2 class=\"elementor-heading-title elementor-size-default\">cu alte 3000+ companii pentru&nbsp;<\/h2>\n<h2 class=\"elementor-heading-title elementor-size-default\">Piese de \u00eenalt\u0103 calitate<\/h2>\t\t\t\t\t\t\t\t<\/div>\n\t\t\t\t<\/div>\n\t\t\t\t\t<\/div>\n\t\t\t\t<\/div>\n\t\t\t\t<section class=\"elementor-section elementor-top-section elementor-element elementor-element-ad1b28f elementor-section-boxed elementor-section-height-default elementor-section-height-default\" data-id=\"ad1b28f\" data-element_type=\"section\" data-e-type=\"section\" data-settings=\"{&quot;background_background&quot;:&quot;classic&quot;}\">\n\t\t\t\t\t\t<div class=\"elementor-container elementor-column-gap-default\">\n\t\t\t\t\t<div class=\"elementor-column elementor-col-100 elementor-top-column elementor-element elementor-element-83c997d\" data-id=\"83c997d\" data-element_type=\"column\" data-e-type=\"column\" data-settings=\"{&quot;background_background&quot;:&quot;classic&quot;}\">\n\t\t\t<div class=\"elementor-widget-wrap elementor-element-populated\">\n\t\t\t\t\t<div class=\"elementor-background-overlay\"><\/div>\n\t\t\t\t\t\t<div class=\"elementor-element elementor-element-2083e41 elementor-widget elementor-widget-heading\" data-id=\"2083e41\" data-element_type=\"widget\" data-e-type=\"widget\" data-widget_type=\"heading.default\">\n\t\t\t\t<div class=\"elementor-widget-container\">\n\t\t\t\t\t<h2 class=\"elementor-heading-title elementor-size-default\">Ob\u021bine\u021bi o cota\u021bie pentru proiectul dvs.<\/h2>\t\t\t\t<\/div>\n\t\t\t\t<\/div>\n\t\t\t\t<div class=\"elementor-element elementor-element-b7e0722 elementor-button-align-start elementor-widget elementor-widget-form\" data-id=\"b7e0722\" data-element_type=\"widget\" data-e-type=\"widget\" data-settings=\"{&quot;step_next_label&quot;:&quot;Urm\\u0103torul&quot;,&quot;step_previous_label&quot;:&quot;Articolul precedent&quot;,&quot;button_width&quot;:&quot;30&quot;,&quot;step_type&quot;:&quot;number_text&quot;,&quot;step_icon_shape&quot;:&quot;circle&quot;}\" data-widget_type=\"form.default\">\n\t\t\t\t<div class=\"elementor-widget-container\">\n\t\t\t\t\t\t\t<form class=\"elementor-form\" method=\"post\" name=\"ob\u021bine\u021bi o ofert\u0103\" aria-label=\"ob\u021bine\u021bi o ofert\u0103\">\n\t\t\t<input type=\"hidden\" name=\"post_id\" value=\"11510\"\/>\n\t\t\t<input type=\"hidden\" name=\"form_id\" value=\"b7e0722\"\/>\n\t\t\t<input type=\"hidden\" name=\"referer_title\" value=\"ChansMachining\" \/>\n\n\t\t\t\n\t\t\t<div class=\"elementor-form-fields-wrapper elementor-labels-above\">\n\t\t\t\t\t\t\t\t<div class=\"elementor-field-type-text elementor-field-group elementor-column elementor-field-group-name elementor-col-50 elementor-field-required elementor-mark-required\">\n\t\t\t\t\t\t\t\t\t\t\t\t<label for=\"form-field-name\" class=\"elementor-field-label\">\n\t\t\t\t\t\t\t\tNume \u0219i prenume\t\t\t\t\t\t\t<\/label>\n\t\t\t\t\t\t\t\t\t\t\t\t\t\t<input size=\"1\" type=\"text\" name=\"form_fields[name]\" id=\"form-field-name\" class=\"elementor-field elementor-size-md  elementor-field-textual\" placeholder=\"Nume \u0219i prenume\" required=\"required\">\n\t\t\t\t\t\t\t\t\t\t\t<\/div>\n\t\t\t\t\t\t\t\t<div class=\"elementor-field-type-text elementor-field-group elementor-column elementor-field-group-field_2effbe9 elementor-col-50\">\n\t\t\t\t\t\t\t\t\t\t\t\t<label for=\"form-field-field_2effbe9\" class=\"elementor-field-label\">\n\t\t\t\t\t\t\t\t\u021aara\t\t\t\t\t\t\t<\/label>\n\t\t\t\t\t\t\t\t\t\t\t\t\t\t<input size=\"1\" type=\"text\" name=\"form_fields[field_2effbe9]\" id=\"form-field-field_2effbe9\" class=\"elementor-field elementor-size-md  elementor-field-textual\" placeholder=\"\u021aara\">\n\t\t\t\t\t\t\t\t\t\t\t<\/div>\n\t\t\t\t\t\t\t\t<div class=\"elementor-field-type-email elementor-field-group elementor-column elementor-field-group-email elementor-col-50 elementor-field-required elementor-mark-required\">\n\t\t\t\t\t\t\t\t\t\t\t\t<label for=\"form-field-email\" class=\"elementor-field-label\">\n\t\t\t\t\t\t\t\tE-mail\t\t\t\t\t\t\t<\/label>\n\t\t\t\t\t\t\t\t\t\t\t\t\t\t<input size=\"1\" type=\"email\" name=\"form_fields[email]\" id=\"form-field-email\" class=\"elementor-field elementor-size-md  elementor-field-textual\" placeholder=\"E-mail\" required=\"required\">\n\t\t\t\t\t\t\t\t\t\t\t<\/div>\n\t\t\t\t\t\t\t\t<div class=\"elementor-field-type-tel elementor-field-group elementor-column elementor-field-group-field_5dd093a elementor-col-50\">\n\t\t\t\t\t\t\t\t\t\t\t\t<label for=\"form-field-field_5dd093a\" class=\"elementor-field-label\">\n\t\t\t\t\t\t\t\tNum\u0103r de telefon\t\t\t\t\t\t\t<\/label>\n\t\t\t\t\t\t\t\t<input size=\"1\" type=\"tel\" name=\"form_fields[field_5dd093a]\" id=\"form-field-field_5dd093a\" class=\"elementor-field elementor-size-md  elementor-field-textual\" placeholder=\"Num\u0103r de telefon\" pattern=\"[0-9()#&amp;+*-=.]+\" title=\"Only numbers and phone characters (#, -, *, etc) are accepted.\">\n\n\t\t\t\t\t\t<\/div>\n\t\t\t\t\t\t\t\t<div class=\"elementor-field-type-textarea elementor-field-group elementor-column elementor-field-group-message elementor-col-100 elementor-field-required elementor-mark-required\">\n\t\t\t\t\t\t\t\t\t\t\t\t<label for=\"form-field-message\" class=\"elementor-field-label\">\n\t\t\t\t\t\t\t\tDetalii proiect\t\t\t\t\t\t\t<\/label>\n\t\t\t\t\t\t<textarea class=\"elementor-field-textual elementor-field  elementor-size-md\" name=\"form_fields[message]\" id=\"form-field-message\" rows=\"4\" placeholder=\"Denumirea piesei \/ Cantitatea \/ Materialul \/ Culoarea \/ Finisajul suprafe\u021bei\" required=\"required\"><\/textarea>\t\t\t\t<\/div>\n\t\t\t\t\t\t\t\t<div class=\"elementor-field-type-upload elementor-field-group elementor-column elementor-field-group-field_b9db34b elementor-col-100\">\n\t\t\t\t\t\t\t<input type=\"file\" name=\"form_fields[field_b9db34b][]\" id=\"form-field-field_b9db34b\" class=\"elementor-field elementor-size-md  elementor-upload-field\" multiple=\"multiple\" data-maxsize=\"100\" data-maxsize-message=\"Fi\u0219ierul dep\u0103\u0219e\u0219te dimensiunea maxim\u0103 permis\u0103.\">\n\n\t\t\t\t\t\t<\/div>\n\t\t\t\t\t\t\t\t<div class=\"elementor-field-type-html elementor-field-group elementor-column elementor-field-group-field_27be21f elementor-col-100\">\n\t\t\t\t\t<ul>\n <li>Toate fi\u0219ierele sunt securizate \u0219i confiden\u021biale.<\/li>\n    <li>V\u0103 rug\u0103m s\u0103 ata\u0219a\u021bi desene CAD 2D \u0219i modele CAD 3D \u00een orice format, inclusiv STEP, IGES, DWG, PDF, STL, etc. Sau v\u0103 rug\u0103m s\u0103 comprima\u021bi fi\u0219ierul \u00eentr-un ZIP sau RAR. Dimensiunea fi\u0219ierului: <130 MB<\/li>\n<\/ul>\n\n\t\t\t\t<\/div>\n\t\t\t\t\t\t\t\t<div class=\"elementor-field-type-recaptcha elementor-field-group elementor-column elementor-field-group-field_372b30a elementor-col-100\">\n\t\t\t\t\t<div class=\"elementor-field\" id=\"form-field-field_372b30a\"><div class=\"elementor-g-recaptcha\" data-sitekey=\"6LcDRd4bAAAAAKCaOb_gz_IoKdVPgp1UGVdCtYMO\" data-type=\"v2_checkbox\" data-theme=\"light\" data-size=\"normal\"><\/div><\/div>\t\t\t\t<\/div>\n\t\t\t\t\t\t\t\t<div class=\"elementor-field-group elementor-column elementor-field-type-submit elementor-col-30 e-form__buttons\">\n\t\t\t\t\t<button class=\"elementor-button elementor-size-md\" type=\"submit\">\n\t\t\t\t\t\t<span class=\"elementor-button-content-wrapper\">\n\t\t\t\t\t\t\t\t\t\t\t\t\t\t\t\t\t\t\t\t\t\t<span class=\"elementor-button-text\">Trimite\u021bi<\/span>\n\t\t\t\t\t\t\t\t\t\t\t\t\t<\/span>\n\t\t\t\t\t<\/button>\n\t\t\t\t<\/div>\n\t\t\t<\/div>\n\t\t<\/form>\n\t\t\t\t\t\t<\/div>\n\t\t\t\t<\/div>\n\t\t\t\t<div class=\"elementor-element elementor-element-b6c712a elementor-widget elementor-widget-text-editor\" data-id=\"b6c712a\" data-element_type=\"widget\" data-e-type=\"widget\" data-widget_type=\"text-editor.default\">\n\t\t\t\t<div class=\"elementor-widget-container\">\n\t\t\t\t\t\t\t\t\t<p>Acest site este protejat de reCAPTCHA \u0219i urmeaz\u0103 Politica de confiden\u021bialitate Google <a href=\"https:\/\/policies.google.com\/privacy\">Privacy Policy<\/a> \u0219i <a href=\"https:\/\/policies.google.com\/terms\">Termeni de serviciu<\/a>.<\/p>\n\t\t\t\t\t\t\t\t<\/div>\n\t\t\t\t<\/div>\n\t\t\t\t\t<\/div>\n\t\t<\/div>\n\t\t\t\t\t<\/div>\n\t\t<\/section>\n\t\t\t\t<\/div>\n\t\t","protected":false},"excerpt":{"rendered":"<p>Mul\u021bumesc pentru alegerea ChanMachining&nbsp; cu alte 3000+ companii pentru&nbsp; Piese de \u00eenalt\u0103 calitate Ob\u021bine\u021bi o cota\u021bie pentru proiectul dvs. Acest site este protejat de reCAPTCHA \u0219i urmeaz\u0103 Politica de confiden\u021bialitate Google Privacy Policy \u0219i Termeni de serviciu.<\/p>\n","protected":false},"author":1,"featured_media":0,"parent":0,"menu_order":0,"comment_status":"closed","ping_status":"closed","template":"","meta":{"footnotes":""},"class_list":["post-11510","page","type-page","status-publish","hentry"],"yoast_head":"<!-- This site is optimized with the Yoast SEO plugin v26.8 - https:\/\/yoast.com\/product\/yoast-seo-wordpress\/ -->\n<title>Ob\u021bine\u021bi o ofert\u0103 pentru piese \u0219i prototipuri de prelucrare CNC<\/title>\n<meta name=\"robots\" content=\"index, follow, max-snippet:-1, max-image-preview:large, max-video-preview:-1\" \/>\n<link rel=\"canonical\" href=\"https:\/\/chansmachining.com\/ro\/obtineti-o-oferta\/\" \/>\n<meta property=\"og:locale\" content=\"ro_RO\" \/>\n<meta property=\"og:type\" content=\"article\" \/>\n<meta property=\"og:title\" content=\"Ob\u021bine\u021bi o ofert\u0103 pentru piese \u0219i prototipuri de prelucrare CNC\" \/>\n<meta property=\"og:description\" content=\"Mul\u021bumesc pentru alegerea ChanMachining&nbsp; cu alte 3000+ companii pentru&nbsp; Piese de \u00eenalt\u0103 calitate Ob\u021bine\u021bi o cota\u021bie pentru proiectul dvs. Acest site este protejat de reCAPTCHA \u0219i urmeaz\u0103 Politica de confiden\u021bialitate Google Privacy Policy \u0219i Termeni de serviciu.\" \/>\n<meta property=\"og:url\" content=\"https:\/\/chansmachining.com\/ro\/obtineti-o-oferta\/\" \/>\n<meta property=\"og:site_name\" content=\"ChansMachining\" \/>\n<meta property=\"article:modified_time\" content=\"2024-12-17T17:35:32+00:00\" \/>\n<meta name=\"twitter:card\" content=\"summary_large_image\" \/>\n<script type=\"application\/ld+json\" class=\"yoast-schema-graph\">{\"@context\":\"https:\/\/schema.org\",\"@graph\":[{\"@type\":\"WebPage\",\"@id\":\"https:\/\/chansmachining.com\/ro\/obtineti-o-oferta\/\",\"url\":\"https:\/\/chansmachining.com\/ro\/obtineti-o-oferta\/\",\"name\":\"Ob\u021bine\u021bi o ofert\u0103 pentru piese \u0219i prototipuri de prelucrare CNC\",\"isPartOf\":{\"@id\":\"https:\/\/chansmachining.com\/ro\/#website\"},\"datePublished\":\"2021-11-01T16:40:01+00:00\",\"dateModified\":\"2024-12-17T17:35:32+00:00\",\"breadcrumb\":{\"@id\":\"https:\/\/chansmachining.com\/ro\/obtineti-o-oferta\/#breadcrumb\"},\"inLanguage\":\"ro-RO\",\"potentialAction\":[{\"@type\":\"ReadAction\",\"target\":[\"https:\/\/chansmachining.com\/ro\/obtineti-o-oferta\/\"]}]},{\"@type\":\"BreadcrumbList\",\"@id\":\"https:\/\/chansmachining.com\/ro\/obtineti-o-oferta\/#breadcrumb\",\"itemListElement\":[{\"@type\":\"ListItem\",\"position\":1,\"name\":\"Home\",\"item\":\"https:\/\/chansmachining.com\/ro\/?page_id=9836\"},{\"@type\":\"ListItem\",\"position\":2,\"name\":\"Ob\u021bine\u021bi o ofert\u0103\"}]},{\"@type\":\"WebSite\",\"@id\":\"https:\/\/chansmachining.com\/ro\/#website\",\"url\":\"https:\/\/chansmachining.com\/ro\/\",\"name\":\"ChansMachining\",\"description\":\"Just another WordPress site\",\"publisher\":{\"@id\":\"https:\/\/chansmachining.com\/ro\/#organization\"},\"potentialAction\":[{\"@type\":\"SearchAction\",\"target\":{\"@type\":\"EntryPoint\",\"urlTemplate\":\"https:\/\/chansmachining.com\/ro\/?s={search_term_string}\"},\"query-input\":{\"@type\":\"PropertyValueSpecification\",\"valueRequired\":true,\"valueName\":\"search_term_string\"}}],\"inLanguage\":\"ro-RO\"},{\"@type\":\"Organization\",\"@id\":\"https:\/\/chansmachining.com\/ro\/#organization\",\"name\":\"ChansMachining\",\"url\":\"https:\/\/chansmachining.com\/ro\/\",\"logo\":{\"@type\":\"ImageObject\",\"inLanguage\":\"ro-RO\",\"@id\":\"https:\/\/chansmachining.com\/ro\/#\/schema\/logo\/image\/\",\"url\":\"https:\/\/chansmachining.com\/wp-content\/uploads\/2021\/07\/Chansmachining.com_.png\",\"contentUrl\":\"https:\/\/chansmachining.com\/wp-content\/uploads\/2021\/07\/Chansmachining.com_.png\",\"width\":151,\"height\":44,\"caption\":\"ChansMachining\"},\"image\":{\"@id\":\"https:\/\/chansmachining.com\/ro\/#\/schema\/logo\/image\/\"}}]}<\/script>\n<!-- \/ Yoast SEO plugin. -->","yoast_head_json":{"title":"Ob\u021bine\u021bi o ofert\u0103 pentru piese \u0219i prototipuri de prelucrare CNC","robots":{"index":"index","follow":"follow","max-snippet":"max-snippet:-1","max-image-preview":"max-image-preview:large","max-video-preview":"max-video-preview:-1"},"canonical":"https:\/\/chansmachining.com\/ro\/obtineti-o-oferta\/","og_locale":"ro_RO","og_type":"article","og_title":"Ob\u021bine\u021bi o ofert\u0103 pentru piese \u0219i prototipuri de prelucrare CNC","og_description":"Mul\u021bumesc pentru alegerea ChanMachining&nbsp; cu alte 3000+ companii pentru&nbsp; Piese de \u00eenalt\u0103 calitate Ob\u021bine\u021bi o cota\u021bie pentru proiectul dvs. Acest site este protejat de reCAPTCHA \u0219i urmeaz\u0103 Politica de confiden\u021bialitate Google Privacy Policy \u0219i Termeni de serviciu.","og_url":"https:\/\/chansmachining.com\/ro\/obtineti-o-oferta\/","og_site_name":"ChansMachining","article_modified_time":"2024-12-17T17:35:32+00:00","twitter_card":"summary_large_image","schema":{"@context":"https:\/\/schema.org","@graph":[{"@type":"WebPage","@id":"https:\/\/chansmachining.com\/ro\/obtineti-o-oferta\/","url":"https:\/\/chansmachining.com\/ro\/obtineti-o-oferta\/","name":"Ob\u021bine\u021bi o ofert\u0103 pentru piese \u0219i prototipuri de prelucrare CNC","isPartOf":{"@id":"https:\/\/chansmachining.com\/ro\/#website"},"datePublished":"2021-11-01T16:40:01+00:00","dateModified":"2024-12-17T17:35:32+00:00","breadcrumb":{"@id":"https:\/\/chansmachining.com\/ro\/obtineti-o-oferta\/#breadcrumb"},"inLanguage":"ro-RO","potentialAction":[{"@type":"ReadAction","target":["https:\/\/chansmachining.com\/ro\/obtineti-o-oferta\/"]}]},{"@type":"BreadcrumbList","@id":"https:\/\/chansmachining.com\/ro\/obtineti-o-oferta\/#breadcrumb","itemListElement":[{"@type":"ListItem","position":1,"name":"Home","item":"https:\/\/chansmachining.com\/ro\/?page_id=9836"},{"@type":"ListItem","position":2,"name":"Ob\u021bine\u021bi o ofert\u0103"}]},{"@type":"WebSite","@id":"https:\/\/chansmachining.com\/ro\/#website","url":"https:\/\/chansmachining.com\/ro\/","name":"ChansMachining","description":"Just another WordPress site","publisher":{"@id":"https:\/\/chansmachining.com\/ro\/#organization"},"potentialAction":[{"@type":"SearchAction","target":{"@type":"EntryPoint","urlTemplate":"https:\/\/chansmachining.com\/ro\/?s={search_term_string}"},"query-input":{"@type":"PropertyValueSpecification","valueRequired":true,"valueName":"search_term_string"}}],"inLanguage":"ro-RO"},{"@type":"Organization","@id":"https:\/\/chansmachining.com\/ro\/#organization","name":"ChansMachining","url":"https:\/\/chansmachining.com\/ro\/","logo":{"@type":"ImageObject","inLanguage":"ro-RO","@id":"https:\/\/chansmachining.com\/ro\/#\/schema\/logo\/image\/","url":"https:\/\/chansmachining.com\/wp-content\/uploads\/2021\/07\/Chansmachining.com_.png","contentUrl":"https:\/\/chansmachining.com\/wp-content\/uploads\/2021\/07\/Chansmachining.com_.png","width":151,"height":44,"caption":"ChansMachining"},"image":{"@id":"https:\/\/chansmachining.com\/ro\/#\/schema\/logo\/image\/"}}]}},"_links":{"self":[{"href":"https:\/\/chansmachining.com\/ro\/wp-json\/wp\/v2\/pages\/11510","targetHints":{"allow":["GET"]}}],"collection":[{"href":"https:\/\/chansmachining.com\/ro\/wp-json\/wp\/v2\/pages"}],"about":[{"href":"https:\/\/chansmachining.com\/ro\/wp-json\/wp\/v2\/types\/page"}],"author":[{"embeddable":true,"href":"https:\/\/chansmachining.com\/ro\/wp-json\/wp\/v2\/users\/1"}],"replies":[{"embeddable":true,"href":"https:\/\/chansmachining.com\/ro\/wp-json\/wp\/v2\/comments?post=11510"}],"version-history":[{"count":3,"href":"https:\/\/chansmachining.com\/ro\/wp-json\/wp\/v2\/pages\/11510\/revisions"}],"predecessor-version":[{"id":11561,"href":"https:\/\/chansmachining.com\/ro\/wp-json\/wp\/v2\/pages\/11510\/revisions\/11561"}],"wp:attachment":[{"href":"https:\/\/chansmachining.com\/ro\/wp-json\/wp\/v2\/media?parent=11510"}],"curies":[{"name":"wp","href":"https:\/\/api.w.org\/{rel}","templated":true}]}}