{"id":11534,"date":"2021-11-01T08:40:01","date_gmt":"2021-11-01T16:40:01","guid":{"rendered":"https:\/\/chansmachining.com\/obter-um-orcamento\/"},"modified":"2025-10-27T22:38:35","modified_gmt":"2025-10-28T06:38:35","slug":"obter-um-orcamento","status":"publish","type":"page","link":"https:\/\/chansmachining.com\/pt-pt\/obter-um-orcamento\/","title":{"rendered":"Obter um or\u00e7amento"},"content":{"rendered":"\t\t<div data-elementor-type=\"wp-page\" data-elementor-id=\"11534\" class=\"elementor elementor-11534 elementor-1513\" data-elementor-post-type=\"page\">\n\t\t\t\t<div class=\"elementor-element elementor-element-ea44948 e-flex e-con-boxed e-con e-parent\" data-id=\"ea44948\" data-element_type=\"container\" data-e-type=\"container\" data-settings=\"{&quot;background_background&quot;:&quot;classic&quot;}\">\n\t\t\t\t\t<div class=\"e-con-inner\">\n\t\t\t\t<div class=\"elementor-element elementor-element-011bb2b elementor-widget elementor-widget-text-editor\" data-id=\"011bb2b\" data-element_type=\"widget\" data-e-type=\"widget\" data-widget_type=\"text-editor.default\">\n\t\t\t\t<div class=\"elementor-widget-container\">\n\t\t\t\t\t\t\t\t\t<h2 class=\"elementor-heading-title elementor-size-default\">Obrigado por escolher ChanMachining&nbsp;<\/h2>\n<h2 class=\"elementor-heading-title elementor-size-default\">com outras 3000+ empresas para&nbsp;<\/h2>\n<h2 class=\"elementor-heading-title elementor-size-default\">Pe\u00e7as de alta qualidade<\/h2>\t\t\t\t\t\t\t\t<\/div>\n\t\t\t\t<\/div>\n\t\t\t\t\t<\/div>\n\t\t\t\t<\/div>\n\t\t\t\t<section class=\"elementor-section elementor-top-section elementor-element elementor-element-ad1b28f elementor-section-boxed elementor-section-height-default elementor-section-height-default\" data-id=\"ad1b28f\" data-element_type=\"section\" data-e-type=\"section\" data-settings=\"{&quot;background_background&quot;:&quot;classic&quot;}\">\n\t\t\t\t\t\t<div class=\"elementor-container elementor-column-gap-default\">\n\t\t\t\t\t<div class=\"elementor-column elementor-col-100 elementor-top-column elementor-element elementor-element-83c997d\" data-id=\"83c997d\" data-element_type=\"column\" data-e-type=\"column\" data-settings=\"{&quot;background_background&quot;:&quot;classic&quot;}\">\n\t\t\t<div class=\"elementor-widget-wrap elementor-element-populated\">\n\t\t\t\t\t<div class=\"elementor-background-overlay\"><\/div>\n\t\t\t\t\t\t<div class=\"elementor-element elementor-element-2083e41 elementor-widget elementor-widget-heading\" data-id=\"2083e41\" data-element_type=\"widget\" data-e-type=\"widget\" data-widget_type=\"heading.default\">\n\t\t\t\t<div class=\"elementor-widget-container\">\n\t\t\t\t\t<h2 class=\"elementor-heading-title elementor-size-default\">Obtenha um or\u00e7amento para o seu projeto<\/h2>\t\t\t\t<\/div>\n\t\t\t\t<\/div>\n\t\t\t\t<div class=\"elementor-element elementor-element-b7e0722 elementor-button-align-start elementor-widget elementor-widget-form\" data-id=\"b7e0722\" data-element_type=\"widget\" data-e-type=\"widget\" data-settings=\"{&quot;step_next_label&quot;:&quot;Seguinte&quot;,&quot;step_previous_label&quot;:&quot;Anterior&quot;,&quot;button_width&quot;:&quot;30&quot;,&quot;step_type&quot;:&quot;number_text&quot;,&quot;step_icon_shape&quot;:&quot;circle&quot;}\" data-widget_type=\"form.default\">\n\t\t\t\t<div class=\"elementor-widget-container\">\n\t\t\t\t\t\t\t<form class=\"elementor-form\" method=\"post\" name=\"obter um or\u00e7amento\" aria-label=\"obter um or\u00e7amento\">\n\t\t\t<input type=\"hidden\" name=\"post_id\" value=\"11534\"\/>\n\t\t\t<input type=\"hidden\" name=\"form_id\" value=\"b7e0722\"\/>\n\t\t\t<input type=\"hidden\" name=\"referer_title\" value=\"Obter um or\u00e7amento para maquinagem CNC de pe\u00e7as e prot\u00f3tipos\" \/>\n\n\t\t\t\t\t\t\t<input type=\"hidden\" name=\"queried_id\" value=\"11534\"\/>\n\t\t\t\n\t\t\t<div class=\"elementor-form-fields-wrapper elementor-labels-above\">\n\t\t\t\t\t\t\t\t<div class=\"elementor-field-type-text elementor-field-group elementor-column elementor-field-group-name elementor-col-50 elementor-field-required elementor-mark-required\">\n\t\t\t\t\t\t\t\t\t\t\t\t<label for=\"form-field-name\" class=\"elementor-field-label\">\n\t\t\t\t\t\t\t\tNome\t\t\t\t\t\t\t<\/label>\n\t\t\t\t\t\t\t\t\t\t\t\t\t\t<input size=\"1\" type=\"text\" name=\"form_fields[name]\" id=\"form-field-name\" class=\"elementor-field elementor-size-md  elementor-field-textual\" placeholder=\"Nome\" required=\"required\">\n\t\t\t\t\t\t\t\t\t\t\t<\/div>\n\t\t\t\t\t\t\t\t<div class=\"elementor-field-type-text elementor-field-group elementor-column elementor-field-group-field_2effbe9 elementor-col-50\">\n\t\t\t\t\t\t\t\t\t\t\t\t<label for=\"form-field-field_2effbe9\" class=\"elementor-field-label\">\n\t\t\t\t\t\t\t\tPa\u00eds\t\t\t\t\t\t\t<\/label>\n\t\t\t\t\t\t\t\t\t\t\t\t\t\t<input size=\"1\" type=\"text\" name=\"form_fields[field_2effbe9]\" id=\"form-field-field_2effbe9\" class=\"elementor-field elementor-size-md  elementor-field-textual\" placeholder=\"Pa\u00eds\">\n\t\t\t\t\t\t\t\t\t\t\t<\/div>\n\t\t\t\t\t\t\t\t<div class=\"elementor-field-type-email elementor-field-group elementor-column elementor-field-group-email elementor-col-50 elementor-field-required elementor-mark-required\">\n\t\t\t\t\t\t\t\t\t\t\t\t<label for=\"form-field-email\" class=\"elementor-field-label\">\n\t\t\t\t\t\t\t\tCorreio eletr\u00f3nico\t\t\t\t\t\t\t<\/label>\n\t\t\t\t\t\t\t\t\t\t\t\t\t\t<input size=\"1\" type=\"email\" name=\"form_fields[email]\" id=\"form-field-email\" class=\"elementor-field elementor-size-md  elementor-field-textual\" placeholder=\"Correio eletr\u00f3nico\" required=\"required\">\n\t\t\t\t\t\t\t\t\t\t\t<\/div>\n\t\t\t\t\t\t\t\t<div class=\"elementor-field-type-tel elementor-field-group elementor-column elementor-field-group-field_5dd093a elementor-col-50\">\n\t\t\t\t\t\t\t\t\t\t\t\t<label for=\"form-field-field_5dd093a\" class=\"elementor-field-label\">\n\t\t\t\t\t\t\t\tN\u00famero de telefone\t\t\t\t\t\t\t<\/label>\n\t\t\t\t\t\t\t\t<input size=\"1\" type=\"tel\" name=\"form_fields[field_5dd093a]\" id=\"form-field-field_5dd093a\" class=\"elementor-field elementor-size-md  elementor-field-textual\" placeholder=\"N\u00famero de telefone\" pattern=\"[0-9()#&amp;+*-=.]+\" title=\"Only numbers and phone characters (#, -, *, etc) are accepted.\">\n\n\t\t\t\t\t\t<\/div>\n\t\t\t\t\t\t\t\t<div class=\"elementor-field-type-textarea elementor-field-group elementor-column elementor-field-group-message elementor-col-100 elementor-field-required elementor-mark-required\">\n\t\t\t\t\t\t\t\t\t\t\t\t<label for=\"form-field-message\" class=\"elementor-field-label\">\n\t\t\t\t\t\t\t\tDetalhes do projeto\t\t\t\t\t\t\t<\/label>\n\t\t\t\t\t\t<textarea class=\"elementor-field-textual elementor-field  elementor-size-md\" name=\"form_fields[message]\" id=\"form-field-message\" rows=\"4\" placeholder=\"Nome da pe\u00e7a \/ Quantidade \/ Material \/ Cor \/ Acabamento da superf\u00edcie\" required=\"required\"><\/textarea>\t\t\t\t<\/div>\n\t\t\t\t\t\t\t\t<div class=\"elementor-field-type-upload elementor-field-group elementor-column elementor-field-group-field_b9db34b elementor-col-100\">\n\t\t\t\t\t\t\t<input type=\"file\" name=\"form_fields[field_b9db34b][]\" id=\"form-field-field_b9db34b\" class=\"elementor-field elementor-size-md  elementor-upload-field\" multiple=\"multiple\" data-maxsize=\"100\" data-maxsize-message=\"This file exceeds the maximum allowed size.\">\n\n\t\t\t\t\t\t<\/div>\n\t\t\t\t\t\t\t\t<div class=\"elementor-field-type-html elementor-field-group elementor-column elementor-field-group-field_27be21f elementor-col-100\">\n\t\t\t\t\t<ul>\n <li>Todos os ficheiros s\u00e3o seguros e confidenciais.<\/li>\n    <li>Por favor, anexe desenhos CAD 2D e modelos CAD 3D em qualquer formato, incluindo STEP, IGES, DWG, PDF, STL, etc. Ou comprimir o ficheiro num ZIP ou RAR. Tamanho do ficheiro: <130 MB<\/li>\n<\/ul>\n\n\t\t\t\t<\/div>\n\t\t\t\t\t\t\t\t<div class=\"elementor-field-type-recaptcha elementor-field-group elementor-column elementor-field-group-field_372b30a elementor-col-100\">\n\t\t\t\t\t<div class=\"elementor-field\" id=\"form-field-field_372b30a\"><div class=\"elementor-g-recaptcha\" data-sitekey=\"6LcDRd4bAAAAAKCaOb_gz_IoKdVPgp1UGVdCtYMO\" data-type=\"v2_checkbox\" data-theme=\"light\" data-size=\"normal\"><\/div><\/div>\t\t\t\t<\/div>\n\t\t\t\t\t\t\t\t<div class=\"elementor-field-group elementor-column elementor-field-type-submit elementor-col-30 e-form__buttons\">\n\t\t\t\t\t<button class=\"elementor-button elementor-size-md\" type=\"submit\">\n\t\t\t\t\t\t<span class=\"elementor-button-content-wrapper\">\n\t\t\t\t\t\t\t\t\t\t\t\t\t\t\t\t\t\t\t\t\t\t<span class=\"elementor-button-text\">Enviar<\/span>\n\t\t\t\t\t\t\t\t\t\t\t\t\t<\/span>\n\t\t\t\t\t<\/button>\n\t\t\t\t<\/div>\n\t\t\t<\/div>\n\t\t<\/form>\n\t\t\t\t\t\t<\/div>\n\t\t\t\t<\/div>\n\t\t\t\t<div class=\"elementor-element elementor-element-b6c712a elementor-widget elementor-widget-text-editor\" data-id=\"b6c712a\" data-element_type=\"widget\" data-e-type=\"widget\" data-widget_type=\"text-editor.default\">\n\t\t\t\t<div class=\"elementor-widget-container\">\n\t\t\t\t\t\t\t\t\t<p>Este s\u00edtio \u00e9 salvaguardado pelo reCAPTCHA e segue a <a href=\"https:\/\/policies.google.com\/privacy\">Pol\u00edtica de Privacidade<\/a> e os <a href=\"https:\/\/policies.google.com\/terms\">Termos de Servi\u00e7o<\/a> da Google.<\/p>\n\t\t\t\t\t\t\t\t<\/div>\n\t\t\t\t<\/div>\n\t\t\t\t\t<\/div>\n\t\t<\/div>\n\t\t\t\t\t<\/div>\n\t\t<\/section>\n\t\t\t\t<\/div>\n\t\t","protected":false},"excerpt":{"rendered":"<p>Obrigado por escolher ChanMachining&nbsp; com outras 3000+ empresas para&nbsp; Pe\u00e7as de alta qualidade Obtenha um or\u00e7amento para o seu projeto Este s\u00edtio \u00e9 salvaguardado pelo reCAPTCHA e segue a Pol\u00edtica de Privacidade e os Termos de Servi\u00e7o da Google.<\/p>\n","protected":false},"author":1,"featured_media":0,"parent":0,"menu_order":0,"comment_status":"closed","ping_status":"closed","template":"","meta":{"footnotes":""},"class_list":["post-11534","page","type-page","status-publish","hentry"],"yoast_head":"<!-- This site is optimized with the Yoast SEO plugin v26.8 - https:\/\/yoast.com\/product\/yoast-seo-wordpress\/ -->\n<title>Obter um or\u00e7amento para maquinagem CNC de pe\u00e7as e prot\u00f3tipos<\/title>\n<meta name=\"robots\" content=\"index, follow, max-snippet:-1, max-image-preview:large, max-video-preview:-1\" \/>\n<link rel=\"canonical\" href=\"https:\/\/chansmachining.com\/pt-pt\/obter-um-orcamento\/\" \/>\n<meta property=\"og:locale\" content=\"pt_PT\" \/>\n<meta property=\"og:type\" content=\"article\" \/>\n<meta property=\"og:title\" content=\"Obter um or\u00e7amento para maquinagem CNC de pe\u00e7as e prot\u00f3tipos\" \/>\n<meta property=\"og:description\" content=\"Obrigado por escolher ChanMachining&nbsp; com outras 3000+ empresas para&nbsp; Pe\u00e7as de alta qualidade Obtenha um or\u00e7amento para o seu projeto Este s\u00edtio \u00e9 salvaguardado pelo reCAPTCHA e segue a Pol\u00edtica de Privacidade e os Termos de Servi\u00e7o da Google.\" \/>\n<meta property=\"og:url\" content=\"https:\/\/chansmachining.com\/pt-pt\/obter-um-orcamento\/\" \/>\n<meta property=\"og:site_name\" content=\"ChansMachining\" \/>\n<meta property=\"article:modified_time\" content=\"2025-10-28T06:38:35+00:00\" \/>\n<meta name=\"twitter:card\" content=\"summary_large_image\" \/>\n<script type=\"application\/ld+json\" class=\"yoast-schema-graph\">{\"@context\":\"https:\/\/schema.org\",\"@graph\":[{\"@type\":\"WebPage\",\"@id\":\"https:\/\/chansmachining.com\/pt-pt\/obter-um-orcamento\/\",\"url\":\"https:\/\/chansmachining.com\/pt-pt\/obter-um-orcamento\/\",\"name\":\"Obter um or\u00e7amento para maquinagem CNC de pe\u00e7as e prot\u00f3tipos\",\"isPartOf\":{\"@id\":\"https:\/\/chansmachining.com\/pt-pt\/#website\"},\"datePublished\":\"2021-11-01T16:40:01+00:00\",\"dateModified\":\"2025-10-28T06:38:35+00:00\",\"breadcrumb\":{\"@id\":\"https:\/\/chansmachining.com\/pt-pt\/obter-um-orcamento\/#breadcrumb\"},\"inLanguage\":\"pt-PT\",\"potentialAction\":[{\"@type\":\"ReadAction\",\"target\":[\"https:\/\/chansmachining.com\/pt-pt\/obter-um-orcamento\/\"]}]},{\"@type\":\"BreadcrumbList\",\"@id\":\"https:\/\/chansmachining.com\/pt-pt\/obter-um-orcamento\/#breadcrumb\",\"itemListElement\":[{\"@type\":\"ListItem\",\"position\":1,\"name\":\"Home\",\"item\":\"https:\/\/chansmachining.com\/pt-pt\/?page_id=9850\"},{\"@type\":\"ListItem\",\"position\":2,\"name\":\"Obter um or\u00e7amento\"}]},{\"@type\":\"WebSite\",\"@id\":\"https:\/\/chansmachining.com\/pt-pt\/#website\",\"url\":\"https:\/\/chansmachining.com\/pt-pt\/\",\"name\":\"ChansMachining\",\"description\":\"Just another WordPress site\",\"publisher\":{\"@id\":\"https:\/\/chansmachining.com\/pt-pt\/#organization\"},\"potentialAction\":[{\"@type\":\"SearchAction\",\"target\":{\"@type\":\"EntryPoint\",\"urlTemplate\":\"https:\/\/chansmachining.com\/pt-pt\/?s={search_term_string}\"},\"query-input\":{\"@type\":\"PropertyValueSpecification\",\"valueRequired\":true,\"valueName\":\"search_term_string\"}}],\"inLanguage\":\"pt-PT\"},{\"@type\":\"Organization\",\"@id\":\"https:\/\/chansmachining.com\/pt-pt\/#organization\",\"name\":\"ChansMachining\",\"url\":\"https:\/\/chansmachining.com\/pt-pt\/\",\"logo\":{\"@type\":\"ImageObject\",\"inLanguage\":\"pt-PT\",\"@id\":\"https:\/\/chansmachining.com\/pt-pt\/#\/schema\/logo\/image\/\",\"url\":\"https:\/\/chansmachining.com\/wp-content\/uploads\/2021\/07\/Chansmachining.com_.png\",\"contentUrl\":\"https:\/\/chansmachining.com\/wp-content\/uploads\/2021\/07\/Chansmachining.com_.png\",\"width\":151,\"height\":44,\"caption\":\"ChansMachining\"},\"image\":{\"@id\":\"https:\/\/chansmachining.com\/pt-pt\/#\/schema\/logo\/image\/\"}}]}<\/script>\n<!-- \/ Yoast SEO plugin. -->","yoast_head_json":{"title":"Obter um or\u00e7amento para maquinagem CNC de pe\u00e7as e prot\u00f3tipos","robots":{"index":"index","follow":"follow","max-snippet":"max-snippet:-1","max-image-preview":"max-image-preview:large","max-video-preview":"max-video-preview:-1"},"canonical":"https:\/\/chansmachining.com\/pt-pt\/obter-um-orcamento\/","og_locale":"pt_PT","og_type":"article","og_title":"Obter um or\u00e7amento para maquinagem CNC de pe\u00e7as e prot\u00f3tipos","og_description":"Obrigado por escolher ChanMachining&nbsp; com outras 3000+ empresas para&nbsp; Pe\u00e7as de alta qualidade Obtenha um or\u00e7amento para o seu projeto Este s\u00edtio \u00e9 salvaguardado pelo reCAPTCHA e segue a Pol\u00edtica de Privacidade e os Termos de Servi\u00e7o da Google.","og_url":"https:\/\/chansmachining.com\/pt-pt\/obter-um-orcamento\/","og_site_name":"ChansMachining","article_modified_time":"2025-10-28T06:38:35+00:00","twitter_card":"summary_large_image","schema":{"@context":"https:\/\/schema.org","@graph":[{"@type":"WebPage","@id":"https:\/\/chansmachining.com\/pt-pt\/obter-um-orcamento\/","url":"https:\/\/chansmachining.com\/pt-pt\/obter-um-orcamento\/","name":"Obter um or\u00e7amento para maquinagem CNC de pe\u00e7as e prot\u00f3tipos","isPartOf":{"@id":"https:\/\/chansmachining.com\/pt-pt\/#website"},"datePublished":"2021-11-01T16:40:01+00:00","dateModified":"2025-10-28T06:38:35+00:00","breadcrumb":{"@id":"https:\/\/chansmachining.com\/pt-pt\/obter-um-orcamento\/#breadcrumb"},"inLanguage":"pt-PT","potentialAction":[{"@type":"ReadAction","target":["https:\/\/chansmachining.com\/pt-pt\/obter-um-orcamento\/"]}]},{"@type":"BreadcrumbList","@id":"https:\/\/chansmachining.com\/pt-pt\/obter-um-orcamento\/#breadcrumb","itemListElement":[{"@type":"ListItem","position":1,"name":"Home","item":"https:\/\/chansmachining.com\/pt-pt\/?page_id=9850"},{"@type":"ListItem","position":2,"name":"Obter um or\u00e7amento"}]},{"@type":"WebSite","@id":"https:\/\/chansmachining.com\/pt-pt\/#website","url":"https:\/\/chansmachining.com\/pt-pt\/","name":"ChansMachining","description":"Just another WordPress site","publisher":{"@id":"https:\/\/chansmachining.com\/pt-pt\/#organization"},"potentialAction":[{"@type":"SearchAction","target":{"@type":"EntryPoint","urlTemplate":"https:\/\/chansmachining.com\/pt-pt\/?s={search_term_string}"},"query-input":{"@type":"PropertyValueSpecification","valueRequired":true,"valueName":"search_term_string"}}],"inLanguage":"pt-PT"},{"@type":"Organization","@id":"https:\/\/chansmachining.com\/pt-pt\/#organization","name":"ChansMachining","url":"https:\/\/chansmachining.com\/pt-pt\/","logo":{"@type":"ImageObject","inLanguage":"pt-PT","@id":"https:\/\/chansmachining.com\/pt-pt\/#\/schema\/logo\/image\/","url":"https:\/\/chansmachining.com\/wp-content\/uploads\/2021\/07\/Chansmachining.com_.png","contentUrl":"https:\/\/chansmachining.com\/wp-content\/uploads\/2021\/07\/Chansmachining.com_.png","width":151,"height":44,"caption":"ChansMachining"},"image":{"@id":"https:\/\/chansmachining.com\/pt-pt\/#\/schema\/logo\/image\/"}}]}},"_links":{"self":[{"href":"https:\/\/chansmachining.com\/pt-pt\/wp-json\/wp\/v2\/pages\/11534","targetHints":{"allow":["GET"]}}],"collection":[{"href":"https:\/\/chansmachining.com\/pt-pt\/wp-json\/wp\/v2\/pages"}],"about":[{"href":"https:\/\/chansmachining.com\/pt-pt\/wp-json\/wp\/v2\/types\/page"}],"author":[{"embeddable":true,"href":"https:\/\/chansmachining.com\/pt-pt\/wp-json\/wp\/v2\/users\/1"}],"replies":[{"embeddable":true,"href":"https:\/\/chansmachining.com\/pt-pt\/wp-json\/wp\/v2\/comments?post=11534"}],"version-history":[{"count":1,"href":"https:\/\/chansmachining.com\/pt-pt\/wp-json\/wp\/v2\/pages\/11534\/revisions"}],"predecessor-version":[{"id":11536,"href":"https:\/\/chansmachining.com\/pt-pt\/wp-json\/wp\/v2\/pages\/11534\/revisions\/11536"}],"wp:attachment":[{"href":"https:\/\/chansmachining.com\/pt-pt\/wp-json\/wp\/v2\/media?parent=11534"}],"curies":[{"name":"wp","href":"https:\/\/api.w.org\/{rel}","templated":true}]}}