{"id":11591,"date":"2021-07-20T04:26:43","date_gmt":"2021-07-20T12:26:43","guid":{"rendered":"https:\/\/chansmachining.com\/susisiekite-su-mumis\/"},"modified":"2025-10-27T23:00:45","modified_gmt":"2025-10-28T07:00:45","slug":"susisiekite-su-mumis","status":"publish","type":"page","link":"https:\/\/chansmachining.com\/lt\/susisiekite-su-mumis\/","title":{"rendered":"Susisiekite su mumis"},"content":{"rendered":"\t\t<div data-elementor-type=\"wp-page\" data-elementor-id=\"11591\" class=\"elementor elementor-11591 elementor-29\" data-elementor-post-type=\"page\">\n\t\t\t\t\t\t<section class=\"elementor-section elementor-top-section elementor-element elementor-element-0163409 elementor-section-content-middle elementor-section-boxed elementor-section-height-default elementor-section-height-default\" data-id=\"0163409\" data-element_type=\"section\" data-e-type=\"section\">\n\t\t\t\t\t\t<div class=\"elementor-container elementor-column-gap-default\">\n\t\t\t\t\t<div class=\"elementor-column elementor-col-50 elementor-top-column elementor-element elementor-element-6762096\" data-id=\"6762096\" data-element_type=\"column\" data-e-type=\"column\">\n\t\t\t<div class=\"elementor-widget-wrap elementor-element-populated\">\n\t\t\t\t\t\t<div class=\"elementor-element elementor-element-4d176c1 elementor-widget elementor-widget-heading\" data-id=\"4d176c1\" data-element_type=\"widget\" data-e-type=\"widget\" data-widget_type=\"heading.default\">\n\t\t\t\t<div class=\"elementor-widget-container\">\n\t\t\t\t\t<h2 class=\"elementor-heading-title elementor-size-default\">Apsilankymas pas mus<\/h2>\t\t\t\t<\/div>\n\t\t\t\t<\/div>\n\t\t\t\t<div class=\"elementor-element elementor-element-eee7f19 elementor-widget elementor-widget-text-editor\" data-id=\"eee7f19\" data-element_type=\"widget\" data-e-type=\"widget\" data-widget_type=\"text-editor.default\">\n\t\t\t\t<div class=\"elementor-widget-container\">\n\t\t\t\t\t\t\t\t\t<p>Visada kvie\u010diame apsilankyti m\u016bs\u0173 \u012fmon\u0117je \u0160end\u017eene, kuris yra tik u\u017e 2 valand\u0173 kelio nuo Honkongo oro uosto, 90 minu\u010di\u0173 kelio nuo Guangd\u017eou oro uosto ir 20 minu\u010di\u0173 kelio nuo \u0160end\u017eeno oro uosto. Apsilankymo metu m\u016bs\u0173 ekspertai gal\u0117t\u0173 parodyti jums m\u016bs\u0173 gamykl\u0105, bendrauti su jumis apie j\u016bs\u0173 projekt\u0105 ir pateikti savo pasi\u016blymus.<\/p>\n\t\t\t\t\t\t\t\t<\/div>\n\t\t\t\t<\/div>\n\t\t\t\t<div class=\"elementor-element elementor-element-2db0cd9 elementor-widget elementor-widget-heading\" data-id=\"2db0cd9\" data-element_type=\"widget\" data-e-type=\"widget\" data-widget_type=\"heading.default\">\n\t\t\t\t<div class=\"elementor-widget-container\">\n\t\t\t\t\t<h2 class=\"elementor-heading-title elementor-size-default\">Susisiekite su mumis d\u0117l pagalbos ir pardavimo<\/h2>\t\t\t\t<\/div>\n\t\t\t\t<\/div>\n\t\t\t\t<div class=\"elementor-element elementor-element-0ad884c elementor-icon-list--layout-traditional elementor-list-item-link-full_width elementor-widget elementor-widget-icon-list\" data-id=\"0ad884c\" data-element_type=\"widget\" data-e-type=\"widget\" data-widget_type=\"icon-list.default\">\n\t\t\t\t<div class=\"elementor-widget-container\">\n\t\t\t\t\t\t\t<ul class=\"elementor-icon-list-items\">\n\t\t\t\t\t\t\t<li class=\"elementor-icon-list-item\">\n\t\t\t\t\t\t\t\t\t\t\t<a href=\"http:\/\/sales@chansmachining.com\">\n\n\t\t\t\t\t\t\t\t\t\t\t\t<span class=\"elementor-icon-list-icon\">\n\t\t\t\t\t\t\t<i aria-hidden=\"true\" class=\"fas fa-mail-bulk\"><\/i>\t\t\t\t\t\t<\/span>\n\t\t\t\t\t\t\t\t\t\t<span class=\"elementor-icon-list-text\">sales@chansmachining.com<\/span>\n\t\t\t\t\t\t\t\t\t\t\t<\/a>\n\t\t\t\t\t\t\t\t\t<\/li>\n\t\t\t\t\t\t\t\t<li class=\"elementor-icon-list-item\">\n\t\t\t\t\t\t\t\t\t\t\t<span class=\"elementor-icon-list-icon\">\n\t\t\t\t\t\t\t<i aria-hidden=\"true\" class=\"fas fa-phone-alt\"><\/i>\t\t\t\t\t\t<\/span>\n\t\t\t\t\t\t\t\t\t\t<span class=\"elementor-icon-list-text\">+86 755 87961814<\/span>\n\t\t\t\t\t\t\t\t\t<\/li>\n\t\t\t\t\t\t\t\t<li class=\"elementor-icon-list-item\">\n\t\t\t\t\t\t\t\t\t\t\t<span class=\"elementor-icon-list-icon\">\n\t\t\t\t\t\t\t<i aria-hidden=\"true\" class=\"fas fa-address-book\"><\/i>\t\t\t\t\t\t<\/span>\n\t\t\t\t\t\t\t\t\t\t<span class=\"elementor-icon-list-text\">Nr. 228 Datian Road Songgang gatv\u0117, Baoan rajonas Shenzhen miestas Kinija.<\/span>\n\t\t\t\t\t\t\t\t\t<\/li>\n\t\t\t\t\t\t<\/ul>\n\t\t\t\t\t\t<\/div>\n\t\t\t\t<\/div>\n\t\t\t\t<div class=\"elementor-element elementor-element-8150423 elementor-widget elementor-widget-google_maps\" data-id=\"8150423\" data-element_type=\"widget\" data-e-type=\"widget\" data-widget_type=\"google_maps.default\">\n\t\t\t\t<div class=\"elementor-widget-container\">\n\t\t\t\t\t\t\t<div class=\"elementor-custom-embed\">\n\t\t\t<iframe loading=\"lazy\"\n\t\t\t\t\tsrc=\"https:\/\/maps.google.com\/maps?q=22.802654%2C%20113.843367&#038;t=m&#038;z=11&#038;output=embed&#038;iwloc=near\"\n\t\t\t\t\ttitle=\"22.802654, 113.843367\"\n\t\t\t\t\taria-label=\"22.802654, 113.843367\"\n\t\t\t><\/iframe>\n\t\t<\/div>\n\t\t\t\t\t\t<\/div>\n\t\t\t\t<\/div>\n\t\t\t\t\t<\/div>\n\t\t<\/div>\n\t\t\t\t<div class=\"elementor-column elementor-col-50 elementor-top-column elementor-element elementor-element-4bfa9db\" data-id=\"4bfa9db\" data-element_type=\"column\" data-e-type=\"column\" data-settings=\"{&quot;background_background&quot;:&quot;classic&quot;}\">\n\t\t\t<div class=\"elementor-widget-wrap elementor-element-populated\">\n\t\t\t\t\t\t<div class=\"elementor-element elementor-element-cbda0a9 elementor-widget elementor-widget-heading\" data-id=\"cbda0a9\" data-element_type=\"widget\" data-e-type=\"widget\" data-widget_type=\"heading.default\">\n\t\t\t\t<div class=\"elementor-widget-container\">\n\t\t\t\t\t<h2 class=\"elementor-heading-title elementor-size-default\">Gaukite savo projekto pasi\u016blym\u0105<\/h2>\t\t\t\t<\/div>\n\t\t\t\t<\/div>\n\t\t\t\t<div class=\"elementor-element elementor-element-c67ba08 elementor-button-align-start elementor-widget elementor-widget-form\" data-id=\"c67ba08\" data-element_type=\"widget\" data-e-type=\"widget\" data-settings=\"{&quot;step_next_label&quot;:&quot;Kitas&quot;,&quot;step_previous_label&quot;:&quot;Ankstesnis&quot;,&quot;button_width&quot;:&quot;50&quot;,&quot;step_type&quot;:&quot;number_text&quot;,&quot;step_icon_shape&quot;:&quot;circle&quot;}\" data-widget_type=\"form.default\">\n\t\t\t\t<div class=\"elementor-widget-container\">\n\t\t\t\t\t\t\t<form class=\"elementor-form\" method=\"post\" name=\"Susisiekite su mumis\" aria-label=\"Susisiekite su mumis\">\n\t\t\t<input type=\"hidden\" name=\"post_id\" value=\"11591\"\/>\n\t\t\t<input type=\"hidden\" name=\"form_id\" value=\"c67ba08\"\/>\n\t\t\t<input type=\"hidden\" name=\"referer_title\" value=\"Susisiekite su &quot;Chansmachining&quot;, kad gautum\u0117te daugiau informacijos apie CNC apdirbim\u0105 ir citat\u0105\" \/>\n\n\t\t\t\t\t\t\t<input type=\"hidden\" name=\"queried_id\" value=\"11591\"\/>\n\t\t\t\n\t\t\t<div class=\"elementor-form-fields-wrapper elementor-labels-above\">\n\t\t\t\t\t\t\t\t<div class=\"elementor-field-type-text elementor-field-group elementor-column elementor-field-group-name elementor-col-50 elementor-field-required elementor-mark-required\">\n\t\t\t\t\t\t\t\t\t\t\t\t<label for=\"form-field-name\" class=\"elementor-field-label\">\n\t\t\t\t\t\t\t\tPavadinimas\t\t\t\t\t\t\t<\/label>\n\t\t\t\t\t\t\t\t\t\t\t\t\t\t<input size=\"1\" type=\"text\" name=\"form_fields[name]\" id=\"form-field-name\" class=\"elementor-field elementor-size-md  elementor-field-textual\" placeholder=\"Pavadinimas\" required=\"required\">\n\t\t\t\t\t\t\t\t\t\t\t<\/div>\n\t\t\t\t\t\t\t\t<div class=\"elementor-field-type-text elementor-field-group elementor-column elementor-field-group-field_2effbe9 elementor-col-50\">\n\t\t\t\t\t\t\t\t\t\t\t\t<label for=\"form-field-field_2effbe9\" class=\"elementor-field-label\">\n\t\t\t\t\t\t\t\t\u0160alis\t\t\t\t\t\t\t<\/label>\n\t\t\t\t\t\t\t\t\t\t\t\t\t\t<input size=\"1\" type=\"text\" name=\"form_fields[field_2effbe9]\" id=\"form-field-field_2effbe9\" class=\"elementor-field elementor-size-md  elementor-field-textual\" placeholder=\"\u0160alis\">\n\t\t\t\t\t\t\t\t\t\t\t<\/div>\n\t\t\t\t\t\t\t\t<div class=\"elementor-field-type-email elementor-field-group elementor-column elementor-field-group-email elementor-col-50 elementor-field-required elementor-mark-required\">\n\t\t\t\t\t\t\t\t\t\t\t\t<label for=\"form-field-email\" class=\"elementor-field-label\">\n\t\t\t\t\t\t\t\tEl. pa\u0161tas\t\t\t\t\t\t\t<\/label>\n\t\t\t\t\t\t\t\t\t\t\t\t\t\t<input size=\"1\" type=\"email\" name=\"form_fields[email]\" id=\"form-field-email\" class=\"elementor-field elementor-size-md  elementor-field-textual\" placeholder=\"El. pa\u0161tas\" required=\"required\">\n\t\t\t\t\t\t\t\t\t\t\t<\/div>\n\t\t\t\t\t\t\t\t<div class=\"elementor-field-type-tel elementor-field-group elementor-column elementor-field-group-field_5dd093a elementor-col-50\">\n\t\t\t\t\t\t\t\t\t\t\t\t<label for=\"form-field-field_5dd093a\" class=\"elementor-field-label\">\n\t\t\t\t\t\t\t\tTelefono numeris\t\t\t\t\t\t\t<\/label>\n\t\t\t\t\t\t\t\t<input size=\"1\" type=\"tel\" name=\"form_fields[field_5dd093a]\" id=\"form-field-field_5dd093a\" class=\"elementor-field elementor-size-md  elementor-field-textual\" placeholder=\"Telefono numeris\" pattern=\"[0-9()#&amp;+*-=.]+\" title=\"Only numbers and phone characters (#, -, *, etc) are accepted.\">\n\n\t\t\t\t\t\t<\/div>\n\t\t\t\t\t\t\t\t<div class=\"elementor-field-type-textarea elementor-field-group elementor-column elementor-field-group-message elementor-col-100 elementor-field-required elementor-mark-required\">\n\t\t\t\t\t\t\t\t\t\t\t\t<label for=\"form-field-message\" class=\"elementor-field-label\">\n\t\t\t\t\t\t\t\tI\u0161sami informacija apie projekt\u0105\t\t\t\t\t\t\t<\/label>\n\t\t\t\t\t\t<textarea class=\"elementor-field-textual elementor-field  elementor-size-md\" name=\"form_fields[message]\" id=\"form-field-message\" rows=\"4\" placeholder=\"Dalies pavadinimas \/ kiekis \/ med\u017eiaga \/ spalva \/ pavir\u0161iaus apdaila\" required=\"required\"><\/textarea>\t\t\t\t<\/div>\n\t\t\t\t\t\t\t\t<div class=\"elementor-field-type-upload elementor-field-group elementor-column elementor-field-group-field_b9db34b elementor-col-100\">\n\t\t\t\t\t\t\t<input type=\"file\" name=\"form_fields[field_b9db34b][]\" id=\"form-field-field_b9db34b\" class=\"elementor-field elementor-size-md  elementor-upload-field\" multiple=\"multiple\" data-maxsize=\"100\" data-maxsize-message=\"This file exceeds the maximum allowed size.\">\n\n\t\t\t\t\t\t<\/div>\n\t\t\t\t\t\t\t\t<div class=\"elementor-field-type-html elementor-field-group elementor-column elementor-field-group-field_65ee318 elementor-col-100\">\n\t\t\t\t\t<ul>\n <li>Visi failai yra saug\u016bs ir konfidencial\u016bs.<\/li>\n    <li>Prie pra\u0161ymo prid\u0117kite 2D CAD br\u0117\u017einius ir 3D CAD modelius bet kokiu formatu, \u012fskaitant STEP, IGES, DWG, PDF, STL ir kt. Arba suspauskite fail\u0105 \u012f ZIP arba RAR. Failo dydis: <130 MB<\/li>\n<\/ul>\n\n\t\t\t\t<\/div>\n\t\t\t\t\t\t\t\t<div class=\"elementor-field-type-recaptcha elementor-field-group elementor-column elementor-field-group-field_372b30a elementor-col-100\">\n\t\t\t\t\t<div class=\"elementor-field\" id=\"form-field-field_372b30a\"><div class=\"elementor-g-recaptcha\" data-sitekey=\"6LcDRd4bAAAAAKCaOb_gz_IoKdVPgp1UGVdCtYMO\" data-type=\"v2_checkbox\" data-theme=\"light\" data-size=\"normal\"><\/div><\/div>\t\t\t\t<\/div>\n\t\t\t\t\t\t\t\t<div class=\"elementor-field-group elementor-column elementor-field-type-submit elementor-col-50 e-form__buttons\">\n\t\t\t\t\t<button class=\"elementor-button elementor-size-md\" type=\"submit\">\n\t\t\t\t\t\t<span class=\"elementor-button-content-wrapper\">\n\t\t\t\t\t\t\t\t\t\t\t\t\t\t\t\t\t\t\t\t\t\t<span class=\"elementor-button-text\">Si\u0173sti<\/span>\n\t\t\t\t\t\t\t\t\t\t\t\t\t<\/span>\n\t\t\t\t\t<\/button>\n\t\t\t\t<\/div>\n\t\t\t<\/div>\n\t\t<\/form>\n\t\t\t\t\t\t<\/div>\n\t\t\t\t<\/div>\n\t\t\t\t\t<\/div>\n\t\t<\/div>\n\t\t\t\t\t<\/div>\n\t\t<\/section>\n\t\t\t\t<\/div>\n\t\t","protected":false},"excerpt":{"rendered":"<p>Apsilankymas pas mus Visada kvie\u010diame apsilankyti m\u016bs\u0173 \u012fmon\u0117je \u0160end\u017eene, kuris yra tik u\u017e 2 valand\u0173 kelio nuo Honkongo oro uosto, 90 minu\u010di\u0173 kelio nuo Guangd\u017eou oro uosto ir 20 minu\u010di\u0173 kelio nuo \u0160end\u017eeno oro uosto. Apsilankymo metu m\u016bs\u0173 ekspertai gal\u0117t\u0173 parodyti jums m\u016bs\u0173 gamykl\u0105, bendrauti su jumis apie j\u016bs\u0173 projekt\u0105 ir pateikti savo pasi\u016blymus. Susisiekite [&hellip;]<\/p>\n","protected":false},"author":1,"featured_media":0,"parent":0,"menu_order":0,"comment_status":"closed","ping_status":"closed","template":"","meta":{"footnotes":""},"class_list":["post-11591","page","type-page","status-publish","hentry"],"yoast_head":"<!-- This site is optimized with the Yoast SEO plugin v26.8 - https:\/\/yoast.com\/product\/yoast-seo-wordpress\/ -->\n<title>Susisiekite su &quot;Chansmachining&quot;, kad gautum\u0117te daugiau informacijos apie CNC apdirbim\u0105 ir citat\u0105<\/title>\n<meta name=\"robots\" content=\"index, follow, max-snippet:-1, max-image-preview:large, max-video-preview:-1\" \/>\n<link rel=\"canonical\" href=\"https:\/\/chansmachining.com\/lt\/susisiekite-su-mumis\/\" \/>\n<meta property=\"og:locale\" content=\"lt_LT\" \/>\n<meta property=\"og:type\" content=\"article\" \/>\n<meta property=\"og:title\" content=\"Susisiekite su &quot;Chansmachining&quot;, kad gautum\u0117te daugiau informacijos apie CNC apdirbim\u0105 ir citat\u0105\" \/>\n<meta property=\"og:description\" content=\"Apsilankymas pas mus Visada kvie\u010diame apsilankyti m\u016bs\u0173 \u012fmon\u0117je \u0160end\u017eene, kuris yra tik u\u017e 2 valand\u0173 kelio nuo Honkongo oro uosto, 90 minu\u010di\u0173 kelio nuo Guangd\u017eou oro uosto ir 20 minu\u010di\u0173 kelio nuo \u0160end\u017eeno oro uosto. Apsilankymo metu m\u016bs\u0173 ekspertai gal\u0117t\u0173 parodyti jums m\u016bs\u0173 gamykl\u0105, bendrauti su jumis apie j\u016bs\u0173 projekt\u0105 ir pateikti savo pasi\u016blymus. Susisiekite [&hellip;]\" \/>\n<meta property=\"og:url\" content=\"https:\/\/chansmachining.com\/lt\/susisiekite-su-mumis\/\" \/>\n<meta property=\"og:site_name\" content=\"ChansMachining\" \/>\n<meta property=\"article:modified_time\" content=\"2025-10-28T07:00:45+00:00\" \/>\n<meta name=\"twitter:card\" content=\"summary_large_image\" \/>\n<script type=\"application\/ld+json\" class=\"yoast-schema-graph\">{\"@context\":\"https:\/\/schema.org\",\"@graph\":[{\"@type\":\"WebPage\",\"@id\":\"https:\/\/chansmachining.com\/lt\/susisiekite-su-mumis\/\",\"url\":\"https:\/\/chansmachining.com\/lt\/susisiekite-su-mumis\/\",\"name\":\"Susisiekite su \\\"Chansmachining\\\", kad gautum\u0117te daugiau informacijos apie CNC apdirbim\u0105 ir citat\u0105\",\"isPartOf\":{\"@id\":\"https:\/\/chansmachining.com\/lt\/#website\"},\"datePublished\":\"2021-07-20T12:26:43+00:00\",\"dateModified\":\"2025-10-28T07:00:45+00:00\",\"breadcrumb\":{\"@id\":\"https:\/\/chansmachining.com\/lt\/susisiekite-su-mumis\/#breadcrumb\"},\"inLanguage\":\"lt-LT\",\"potentialAction\":[{\"@type\":\"ReadAction\",\"target\":[\"https:\/\/chansmachining.com\/lt\/susisiekite-su-mumis\/\"]}]},{\"@type\":\"BreadcrumbList\",\"@id\":\"https:\/\/chansmachining.com\/lt\/susisiekite-su-mumis\/#breadcrumb\",\"itemListElement\":[{\"@type\":\"ListItem\",\"position\":1,\"name\":\"Home\",\"item\":\"https:\/\/chansmachining.com\/lt\/\"},{\"@type\":\"ListItem\",\"position\":2,\"name\":\"Susisiekite su mumis\"}]},{\"@type\":\"WebSite\",\"@id\":\"https:\/\/chansmachining.com\/lt\/#website\",\"url\":\"https:\/\/chansmachining.com\/lt\/\",\"name\":\"ChansMachining\",\"description\":\"Just another WordPress site\",\"publisher\":{\"@id\":\"https:\/\/chansmachining.com\/lt\/#organization\"},\"potentialAction\":[{\"@type\":\"SearchAction\",\"target\":{\"@type\":\"EntryPoint\",\"urlTemplate\":\"https:\/\/chansmachining.com\/lt\/?s={search_term_string}\"},\"query-input\":{\"@type\":\"PropertyValueSpecification\",\"valueRequired\":true,\"valueName\":\"search_term_string\"}}],\"inLanguage\":\"lt-LT\"},{\"@type\":\"Organization\",\"@id\":\"https:\/\/chansmachining.com\/lt\/#organization\",\"name\":\"ChansMachining\",\"url\":\"https:\/\/chansmachining.com\/lt\/\",\"logo\":{\"@type\":\"ImageObject\",\"inLanguage\":\"lt-LT\",\"@id\":\"https:\/\/chansmachining.com\/lt\/#\/schema\/logo\/image\/\",\"url\":\"https:\/\/chansmachining.com\/wp-content\/uploads\/2021\/07\/Chansmachining.com_.png\",\"contentUrl\":\"https:\/\/chansmachining.com\/wp-content\/uploads\/2021\/07\/Chansmachining.com_.png\",\"width\":151,\"height\":44,\"caption\":\"ChansMachining\"},\"image\":{\"@id\":\"https:\/\/chansmachining.com\/lt\/#\/schema\/logo\/image\/\"}}]}<\/script>\n<!-- \/ Yoast SEO plugin. -->","yoast_head_json":{"title":"Susisiekite su \"Chansmachining\", kad gautum\u0117te daugiau informacijos apie CNC apdirbim\u0105 ir citat\u0105","robots":{"index":"index","follow":"follow","max-snippet":"max-snippet:-1","max-image-preview":"max-image-preview:large","max-video-preview":"max-video-preview:-1"},"canonical":"https:\/\/chansmachining.com\/lt\/susisiekite-su-mumis\/","og_locale":"lt_LT","og_type":"article","og_title":"Susisiekite su \"Chansmachining\", kad gautum\u0117te daugiau informacijos apie CNC apdirbim\u0105 ir citat\u0105","og_description":"Apsilankymas pas mus Visada kvie\u010diame apsilankyti m\u016bs\u0173 \u012fmon\u0117je \u0160end\u017eene, kuris yra tik u\u017e 2 valand\u0173 kelio nuo Honkongo oro uosto, 90 minu\u010di\u0173 kelio nuo Guangd\u017eou oro uosto ir 20 minu\u010di\u0173 kelio nuo \u0160end\u017eeno oro uosto. Apsilankymo metu m\u016bs\u0173 ekspertai gal\u0117t\u0173 parodyti jums m\u016bs\u0173 gamykl\u0105, bendrauti su jumis apie j\u016bs\u0173 projekt\u0105 ir pateikti savo pasi\u016blymus. Susisiekite [&hellip;]","og_url":"https:\/\/chansmachining.com\/lt\/susisiekite-su-mumis\/","og_site_name":"ChansMachining","article_modified_time":"2025-10-28T07:00:45+00:00","twitter_card":"summary_large_image","schema":{"@context":"https:\/\/schema.org","@graph":[{"@type":"WebPage","@id":"https:\/\/chansmachining.com\/lt\/susisiekite-su-mumis\/","url":"https:\/\/chansmachining.com\/lt\/susisiekite-su-mumis\/","name":"Susisiekite su \"Chansmachining\", kad gautum\u0117te daugiau informacijos apie CNC apdirbim\u0105 ir citat\u0105","isPartOf":{"@id":"https:\/\/chansmachining.com\/lt\/#website"},"datePublished":"2021-07-20T12:26:43+00:00","dateModified":"2025-10-28T07:00:45+00:00","breadcrumb":{"@id":"https:\/\/chansmachining.com\/lt\/susisiekite-su-mumis\/#breadcrumb"},"inLanguage":"lt-LT","potentialAction":[{"@type":"ReadAction","target":["https:\/\/chansmachining.com\/lt\/susisiekite-su-mumis\/"]}]},{"@type":"BreadcrumbList","@id":"https:\/\/chansmachining.com\/lt\/susisiekite-su-mumis\/#breadcrumb","itemListElement":[{"@type":"ListItem","position":1,"name":"Home","item":"https:\/\/chansmachining.com\/lt\/"},{"@type":"ListItem","position":2,"name":"Susisiekite su mumis"}]},{"@type":"WebSite","@id":"https:\/\/chansmachining.com\/lt\/#website","url":"https:\/\/chansmachining.com\/lt\/","name":"ChansMachining","description":"Just another WordPress site","publisher":{"@id":"https:\/\/chansmachining.com\/lt\/#organization"},"potentialAction":[{"@type":"SearchAction","target":{"@type":"EntryPoint","urlTemplate":"https:\/\/chansmachining.com\/lt\/?s={search_term_string}"},"query-input":{"@type":"PropertyValueSpecification","valueRequired":true,"valueName":"search_term_string"}}],"inLanguage":"lt-LT"},{"@type":"Organization","@id":"https:\/\/chansmachining.com\/lt\/#organization","name":"ChansMachining","url":"https:\/\/chansmachining.com\/lt\/","logo":{"@type":"ImageObject","inLanguage":"lt-LT","@id":"https:\/\/chansmachining.com\/lt\/#\/schema\/logo\/image\/","url":"https:\/\/chansmachining.com\/wp-content\/uploads\/2021\/07\/Chansmachining.com_.png","contentUrl":"https:\/\/chansmachining.com\/wp-content\/uploads\/2021\/07\/Chansmachining.com_.png","width":151,"height":44,"caption":"ChansMachining"},"image":{"@id":"https:\/\/chansmachining.com\/lt\/#\/schema\/logo\/image\/"}}]}},"_links":{"self":[{"href":"https:\/\/chansmachining.com\/lt\/wp-json\/wp\/v2\/pages\/11591","targetHints":{"allow":["GET"]}}],"collection":[{"href":"https:\/\/chansmachining.com\/lt\/wp-json\/wp\/v2\/pages"}],"about":[{"href":"https:\/\/chansmachining.com\/lt\/wp-json\/wp\/v2\/types\/page"}],"author":[{"embeddable":true,"href":"https:\/\/chansmachining.com\/lt\/wp-json\/wp\/v2\/users\/1"}],"replies":[{"embeddable":true,"href":"https:\/\/chansmachining.com\/lt\/wp-json\/wp\/v2\/comments?post=11591"}],"version-history":[{"count":3,"href":"https:\/\/chansmachining.com\/lt\/wp-json\/wp\/v2\/pages\/11591\/revisions"}],"predecessor-version":[{"id":11668,"href":"https:\/\/chansmachining.com\/lt\/wp-json\/wp\/v2\/pages\/11591\/revisions\/11668"}],"wp:attachment":[{"href":"https:\/\/chansmachining.com\/lt\/wp-json\/wp\/v2\/media?parent=11591"}],"curies":[{"name":"wp","href":"https:\/\/api.w.org\/{rel}","templated":true}]}}