{"id":11528,"date":"2021-11-01T08:40:01","date_gmt":"2021-11-01T16:40:01","guid":{"rendered":"https:\/\/chansmachining.com\/kerjen-arajanlatot\/"},"modified":"2024-12-17T09:35:32","modified_gmt":"2024-12-17T17:35:32","slug":"kerjen-arajanlatot","status":"publish","type":"page","link":"https:\/\/chansmachining.com\/hu\/kerjen-arajanlatot\/","title":{"rendered":"K\u00e9rjen \u00e1raj\u00e1nlatot"},"content":{"rendered":"\t\t<div data-elementor-type=\"wp-page\" data-elementor-id=\"11528\" class=\"elementor elementor-11528 elementor-1513\" data-elementor-post-type=\"page\">\n\t\t\t\t<div class=\"elementor-element elementor-element-ea44948 e-flex e-con-boxed e-con e-parent\" data-id=\"ea44948\" data-element_type=\"container\" data-e-type=\"container\" data-settings=\"{&quot;background_background&quot;:&quot;classic&quot;}\">\n\t\t\t\t\t<div class=\"e-con-inner\">\n\t\t\t\t<div class=\"elementor-element elementor-element-011bb2b elementor-widget elementor-widget-text-editor\" data-id=\"011bb2b\" data-element_type=\"widget\" data-e-type=\"widget\" data-widget_type=\"text-editor.default\">\n\t\t\t\t<div class=\"elementor-widget-container\">\n\t\t\t\t\t\t\t\t\t<h2 class=\"elementor-heading-title elementor-size-default\">K\u00f6sz\u00f6nj\u00fck, hogy a ChanMachininget v\u00e1lasztotta&nbsp;<\/h2>\n<h2 class=\"elementor-heading-title elementor-size-default\">m\u00e1s 3000+ c\u00e9gn\u00e9l&nbsp;<\/h2>\n<h2 class=\"elementor-heading-title elementor-size-default\">Magas min\u0151s\u00e9g\u0171 alkatr\u00e9szek<\/h2>\t\t\t\t\t\t\t\t<\/div>\n\t\t\t\t<\/div>\n\t\t\t\t\t<\/div>\n\t\t\t\t<\/div>\n\t\t\t\t<section class=\"elementor-section elementor-top-section elementor-element elementor-element-ad1b28f elementor-section-boxed elementor-section-height-default elementor-section-height-default\" data-id=\"ad1b28f\" data-element_type=\"section\" data-e-type=\"section\" data-settings=\"{&quot;background_background&quot;:&quot;classic&quot;}\">\n\t\t\t\t\t\t<div class=\"elementor-container elementor-column-gap-default\">\n\t\t\t\t\t<div class=\"elementor-column elementor-col-100 elementor-top-column elementor-element elementor-element-83c997d\" data-id=\"83c997d\" data-element_type=\"column\" data-e-type=\"column\" data-settings=\"{&quot;background_background&quot;:&quot;classic&quot;}\">\n\t\t\t<div class=\"elementor-widget-wrap elementor-element-populated\">\n\t\t\t\t\t<div class=\"elementor-background-overlay\"><\/div>\n\t\t\t\t\t\t<div class=\"elementor-element elementor-element-2083e41 elementor-widget elementor-widget-heading\" data-id=\"2083e41\" data-element_type=\"widget\" data-e-type=\"widget\" data-widget_type=\"heading.default\">\n\t\t\t\t<div class=\"elementor-widget-container\">\n\t\t\t\t\t<h2 class=\"elementor-heading-title elementor-size-default\">K\u00e9rjen \u00e1raj\u00e1nlatot a projektj\u00e9hez<\/h2>\t\t\t\t<\/div>\n\t\t\t\t<\/div>\n\t\t\t\t<div class=\"elementor-element elementor-element-b7e0722 elementor-button-align-start elementor-widget elementor-widget-form\" data-id=\"b7e0722\" data-element_type=\"widget\" data-e-type=\"widget\" data-settings=\"{&quot;step_next_label&quot;:&quot;K\\u00f6vetkez\\u0151&quot;,&quot;step_previous_label&quot;:&quot;El\\u0151z\\u0151&quot;,&quot;button_width&quot;:&quot;30&quot;,&quot;step_type&quot;:&quot;number_text&quot;,&quot;step_icon_shape&quot;:&quot;circle&quot;}\" data-widget_type=\"form.default\">\n\t\t\t\t<div class=\"elementor-widget-container\">\n\t\t\t\t\t\t\t<form class=\"elementor-form\" method=\"post\" name=\"k\u00e9rjen \u00e1raj\u00e1nlatot\" aria-label=\"k\u00e9rjen \u00e1raj\u00e1nlatot\">\n\t\t\t<input type=\"hidden\" name=\"post_id\" value=\"11528\"\/>\n\t\t\t<input type=\"hidden\" name=\"form_id\" value=\"b7e0722\"\/>\n\t\t\t<input type=\"hidden\" name=\"referer_title\" value=\"ChansMachining\" \/>\n\n\t\t\t\n\t\t\t<div class=\"elementor-form-fields-wrapper elementor-labels-above\">\n\t\t\t\t\t\t\t\t<div class=\"elementor-field-type-text elementor-field-group elementor-column elementor-field-group-name elementor-col-50 elementor-field-required elementor-mark-required\">\n\t\t\t\t\t\t\t\t\t\t\t\t<label for=\"form-field-name\" class=\"elementor-field-label\">\n\t\t\t\t\t\t\t\tN\u00e9v\t\t\t\t\t\t\t<\/label>\n\t\t\t\t\t\t\t\t\t\t\t\t\t\t<input size=\"1\" type=\"text\" name=\"form_fields[name]\" id=\"form-field-name\" class=\"elementor-field elementor-size-md  elementor-field-textual\" placeholder=\"N\u00e9v\" required=\"required\">\n\t\t\t\t\t\t\t\t\t\t\t<\/div>\n\t\t\t\t\t\t\t\t<div class=\"elementor-field-type-text elementor-field-group elementor-column elementor-field-group-field_2effbe9 elementor-col-50\">\n\t\t\t\t\t\t\t\t\t\t\t\t<label for=\"form-field-field_2effbe9\" class=\"elementor-field-label\">\n\t\t\t\t\t\t\t\tOrsz\u00e1g\t\t\t\t\t\t\t<\/label>\n\t\t\t\t\t\t\t\t\t\t\t\t\t\t<input size=\"1\" type=\"text\" name=\"form_fields[field_2effbe9]\" id=\"form-field-field_2effbe9\" class=\"elementor-field elementor-size-md  elementor-field-textual\" placeholder=\"Orsz\u00e1g\">\n\t\t\t\t\t\t\t\t\t\t\t<\/div>\n\t\t\t\t\t\t\t\t<div class=\"elementor-field-type-email elementor-field-group elementor-column elementor-field-group-email elementor-col-50 elementor-field-required elementor-mark-required\">\n\t\t\t\t\t\t\t\t\t\t\t\t<label for=\"form-field-email\" class=\"elementor-field-label\">\n\t\t\t\t\t\t\t\tE-mail\t\t\t\t\t\t\t<\/label>\n\t\t\t\t\t\t\t\t\t\t\t\t\t\t<input size=\"1\" type=\"email\" name=\"form_fields[email]\" id=\"form-field-email\" class=\"elementor-field elementor-size-md  elementor-field-textual\" placeholder=\"E-mail\" required=\"required\">\n\t\t\t\t\t\t\t\t\t\t\t<\/div>\n\t\t\t\t\t\t\t\t<div class=\"elementor-field-type-tel elementor-field-group elementor-column elementor-field-group-field_5dd093a elementor-col-50\">\n\t\t\t\t\t\t\t\t\t\t\t\t<label for=\"form-field-field_5dd093a\" class=\"elementor-field-label\">\n\t\t\t\t\t\t\t\tTelefonsz\u00e1m\t\t\t\t\t\t\t<\/label>\n\t\t\t\t\t\t\t\t<input size=\"1\" type=\"tel\" name=\"form_fields[field_5dd093a]\" id=\"form-field-field_5dd093a\" class=\"elementor-field elementor-size-md  elementor-field-textual\" placeholder=\"Telefonsz\u00e1m\" pattern=\"[0-9()#&amp;+*-=.]+\" title=\"Only numbers and phone characters (#, -, *, etc) are accepted.\">\n\n\t\t\t\t\t\t<\/div>\n\t\t\t\t\t\t\t\t<div class=\"elementor-field-type-textarea elementor-field-group elementor-column elementor-field-group-message elementor-col-100 elementor-field-required elementor-mark-required\">\n\t\t\t\t\t\t\t\t\t\t\t\t<label for=\"form-field-message\" class=\"elementor-field-label\">\n\t\t\t\t\t\t\t\tA projekt r\u00e9szletei\t\t\t\t\t\t\t<\/label>\n\t\t\t\t\t\t<textarea class=\"elementor-field-textual elementor-field  elementor-size-md\" name=\"form_fields[message]\" id=\"form-field-message\" rows=\"4\" placeholder=\"Alkatr\u00e9sz neve \/ mennyis\u00e9g \/ anyag \/ sz\u00edn \/ fel\u00fcletkezel\u00e9s\" required=\"required\"><\/textarea>\t\t\t\t<\/div>\n\t\t\t\t\t\t\t\t<div class=\"elementor-field-type-upload elementor-field-group elementor-column elementor-field-group-field_b9db34b elementor-col-100\">\n\t\t\t\t\t\t\t<input type=\"file\" name=\"form_fields[field_b9db34b][]\" id=\"form-field-field_b9db34b\" class=\"elementor-field elementor-size-md  elementor-upload-field\" multiple=\"multiple\" data-maxsize=\"100\" data-maxsize-message=\"This file exceeds the maximum allowed size.\">\n\n\t\t\t\t\t\t<\/div>\n\t\t\t\t\t\t\t\t<div class=\"elementor-field-type-html elementor-field-group elementor-column elementor-field-group-field_27be21f elementor-col-100\">\n\t\t\t\t\t<ul>\n <li>Minden f\u00e1jl biztons\u00e1gos \u00e9s bizalmas.<\/li>\n    <li>K\u00e9rj\u00fck, csatolja a 2D CAD rajzokat \u00e9s 3D CAD modelleket b\u00e1rmilyen form\u00e1tumban, bele\u00e9rtve a STEP, IGES, DWG, PDF, STL stb. form\u00e1tumokat. Vagy k\u00e9rj\u00fck, t\u00f6m\u00f6r\u00edtse a f\u00e1jlt ZIP vagy RAR f\u00e1jlba. F\u00e1jlm\u00e9ret: <130 MB<\/li>\n<\/ul>\n\n\t\t\t\t<\/div>\n\t\t\t\t\t\t\t\t<div class=\"elementor-field-type-recaptcha elementor-field-group elementor-column elementor-field-group-field_372b30a elementor-col-100\">\n\t\t\t\t\t<div class=\"elementor-field\" id=\"form-field-field_372b30a\"><div class=\"elementor-g-recaptcha\" data-sitekey=\"6LcDRd4bAAAAAKCaOb_gz_IoKdVPgp1UGVdCtYMO\" data-type=\"v2_checkbox\" data-theme=\"light\" data-size=\"normal\"><\/div><\/div>\t\t\t\t<\/div>\n\t\t\t\t\t\t\t\t<div class=\"elementor-field-group elementor-column elementor-field-type-submit elementor-col-30 e-form__buttons\">\n\t\t\t\t\t<button class=\"elementor-button elementor-size-md\" type=\"submit\">\n\t\t\t\t\t\t<span class=\"elementor-button-content-wrapper\">\n\t\t\t\t\t\t\t\t\t\t\t\t\t\t\t\t\t\t\t\t\t\t<span class=\"elementor-button-text\">K\u00fcldje el a<\/span>\n\t\t\t\t\t\t\t\t\t\t\t\t\t<\/span>\n\t\t\t\t\t<\/button>\n\t\t\t\t<\/div>\n\t\t\t<\/div>\n\t\t<\/form>\n\t\t\t\t\t\t<\/div>\n\t\t\t\t<\/div>\n\t\t\t\t<div class=\"elementor-element elementor-element-b6c712a elementor-widget elementor-widget-text-editor\" data-id=\"b6c712a\" data-element_type=\"widget\" data-e-type=\"widget\" data-widget_type=\"text-editor.default\">\n\t\t\t\t<div class=\"elementor-widget-container\">\n\t\t\t\t\t\t\t\t\t<p>Ezt az oldalt reCAPTCHA v\u00e9di, \u00e9s k\u00f6veti a Google <a href=\"https:\/\/policies.google.com\/privacy\">Adatv\u00e9delmi ir\u00e1nyelvek<\/a> \u00e9s <a href=\"https:\/\/policies.google.com\/terms\">Szolg\u00e1ltat\u00e1si felt\u00e9telek<\/a> ir\u00e1nyelveit.<\/p>\n<p>Az oldalt reCAPTCHA v\u00e9di.<\/p>\n\t\t\t\t\t\t\t\t<\/div>\n\t\t\t\t<\/div>\n\t\t\t\t\t<\/div>\n\t\t<\/div>\n\t\t\t\t\t<\/div>\n\t\t<\/section>\n\t\t\t\t<\/div>\n\t\t","protected":false},"excerpt":{"rendered":"<p>K\u00f6sz\u00f6nj\u00fck, hogy a ChanMachininget v\u00e1lasztotta&nbsp; m\u00e1s 3000+ c\u00e9gn\u00e9l&nbsp; Magas min\u0151s\u00e9g\u0171 alkatr\u00e9szek K\u00e9rjen \u00e1raj\u00e1nlatot a projektj\u00e9hez Ezt az oldalt reCAPTCHA v\u00e9di, \u00e9s k\u00f6veti a Google Adatv\u00e9delmi ir\u00e1nyelvek \u00e9s Szolg\u00e1ltat\u00e1si felt\u00e9telek ir\u00e1nyelveit. Az oldalt reCAPTCHA v\u00e9di.<\/p>\n","protected":false},"author":1,"featured_media":0,"parent":0,"menu_order":0,"comment_status":"closed","ping_status":"closed","template":"","meta":{"footnotes":""},"class_list":["post-11528","page","type-page","status-publish","hentry"],"yoast_head":"<!-- This site is optimized with the Yoast SEO plugin v26.8 - https:\/\/yoast.com\/product\/yoast-seo-wordpress\/ -->\n<title>K\u00e9rjen \u00e1raj\u00e1nlatot CNC megmunk\u00e1l\u00f3 alkatr\u00e9szek \u00e9s protot\u00edpusok megmunk\u00e1l\u00e1s\u00e1r\u00f3l<\/title>\n<meta name=\"robots\" content=\"index, follow, max-snippet:-1, max-image-preview:large, max-video-preview:-1\" \/>\n<link rel=\"canonical\" href=\"https:\/\/chansmachining.com\/hu\/kerjen-arajanlatot\/\" \/>\n<meta property=\"og:locale\" content=\"hu_HU\" \/>\n<meta property=\"og:type\" content=\"article\" \/>\n<meta property=\"og:title\" content=\"K\u00e9rjen \u00e1raj\u00e1nlatot CNC megmunk\u00e1l\u00f3 alkatr\u00e9szek \u00e9s protot\u00edpusok megmunk\u00e1l\u00e1s\u00e1r\u00f3l\" \/>\n<meta property=\"og:description\" content=\"K\u00f6sz\u00f6nj\u00fck, hogy a ChanMachininget v\u00e1lasztotta&nbsp; m\u00e1s 3000+ c\u00e9gn\u00e9l&nbsp; Magas min\u0151s\u00e9g\u0171 alkatr\u00e9szek K\u00e9rjen \u00e1raj\u00e1nlatot a projektj\u00e9hez Ezt az oldalt reCAPTCHA v\u00e9di, \u00e9s k\u00f6veti a Google Adatv\u00e9delmi ir\u00e1nyelvek \u00e9s Szolg\u00e1ltat\u00e1si felt\u00e9telek ir\u00e1nyelveit. Az oldalt reCAPTCHA v\u00e9di.\" \/>\n<meta property=\"og:url\" content=\"https:\/\/chansmachining.com\/hu\/kerjen-arajanlatot\/\" \/>\n<meta property=\"og:site_name\" content=\"ChansMachining\" \/>\n<meta property=\"article:modified_time\" content=\"2024-12-17T17:35:32+00:00\" \/>\n<meta name=\"twitter:card\" content=\"summary_large_image\" \/>\n<script type=\"application\/ld+json\" class=\"yoast-schema-graph\">{\"@context\":\"https:\/\/schema.org\",\"@graph\":[{\"@type\":\"WebPage\",\"@id\":\"https:\/\/chansmachining.com\/hu\/kerjen-arajanlatot\/\",\"url\":\"https:\/\/chansmachining.com\/hu\/kerjen-arajanlatot\/\",\"name\":\"K\u00e9rjen \u00e1raj\u00e1nlatot CNC megmunk\u00e1l\u00f3 alkatr\u00e9szek \u00e9s protot\u00edpusok megmunk\u00e1l\u00e1s\u00e1r\u00f3l\",\"isPartOf\":{\"@id\":\"https:\/\/chansmachining.com\/hu\/#website\"},\"datePublished\":\"2021-11-01T16:40:01+00:00\",\"dateModified\":\"2024-12-17T17:35:32+00:00\",\"breadcrumb\":{\"@id\":\"https:\/\/chansmachining.com\/hu\/kerjen-arajanlatot\/#breadcrumb\"},\"inLanguage\":\"hu\",\"potentialAction\":[{\"@type\":\"ReadAction\",\"target\":[\"https:\/\/chansmachining.com\/hu\/kerjen-arajanlatot\/\"]}]},{\"@type\":\"BreadcrumbList\",\"@id\":\"https:\/\/chansmachining.com\/hu\/kerjen-arajanlatot\/#breadcrumb\",\"itemListElement\":[{\"@type\":\"ListItem\",\"position\":1,\"name\":\"Home\",\"item\":\"https:\/\/chansmachining.com\/hu\/?page_id=8846\"},{\"@type\":\"ListItem\",\"position\":2,\"name\":\"K\u00e9rjen \u00e1raj\u00e1nlatot\"}]},{\"@type\":\"WebSite\",\"@id\":\"https:\/\/chansmachining.com\/hu\/#website\",\"url\":\"https:\/\/chansmachining.com\/hu\/\",\"name\":\"ChansMachining\",\"description\":\"Just another WordPress site\",\"publisher\":{\"@id\":\"https:\/\/chansmachining.com\/hu\/#organization\"},\"potentialAction\":[{\"@type\":\"SearchAction\",\"target\":{\"@type\":\"EntryPoint\",\"urlTemplate\":\"https:\/\/chansmachining.com\/hu\/?s={search_term_string}\"},\"query-input\":{\"@type\":\"PropertyValueSpecification\",\"valueRequired\":true,\"valueName\":\"search_term_string\"}}],\"inLanguage\":\"hu\"},{\"@type\":\"Organization\",\"@id\":\"https:\/\/chansmachining.com\/hu\/#organization\",\"name\":\"ChansMachining\",\"url\":\"https:\/\/chansmachining.com\/hu\/\",\"logo\":{\"@type\":\"ImageObject\",\"inLanguage\":\"hu\",\"@id\":\"https:\/\/chansmachining.com\/hu\/#\/schema\/logo\/image\/\",\"url\":\"https:\/\/chansmachining.com\/wp-content\/uploads\/2021\/07\/Chansmachining.com_.png\",\"contentUrl\":\"https:\/\/chansmachining.com\/wp-content\/uploads\/2021\/07\/Chansmachining.com_.png\",\"width\":151,\"height\":44,\"caption\":\"ChansMachining\"},\"image\":{\"@id\":\"https:\/\/chansmachining.com\/hu\/#\/schema\/logo\/image\/\"}}]}<\/script>\n<!-- \/ Yoast SEO plugin. -->","yoast_head_json":{"title":"K\u00e9rjen \u00e1raj\u00e1nlatot CNC megmunk\u00e1l\u00f3 alkatr\u00e9szek \u00e9s protot\u00edpusok megmunk\u00e1l\u00e1s\u00e1r\u00f3l","robots":{"index":"index","follow":"follow","max-snippet":"max-snippet:-1","max-image-preview":"max-image-preview:large","max-video-preview":"max-video-preview:-1"},"canonical":"https:\/\/chansmachining.com\/hu\/kerjen-arajanlatot\/","og_locale":"hu_HU","og_type":"article","og_title":"K\u00e9rjen \u00e1raj\u00e1nlatot CNC megmunk\u00e1l\u00f3 alkatr\u00e9szek \u00e9s protot\u00edpusok megmunk\u00e1l\u00e1s\u00e1r\u00f3l","og_description":"K\u00f6sz\u00f6nj\u00fck, hogy a ChanMachininget v\u00e1lasztotta&nbsp; m\u00e1s 3000+ c\u00e9gn\u00e9l&nbsp; Magas min\u0151s\u00e9g\u0171 alkatr\u00e9szek K\u00e9rjen \u00e1raj\u00e1nlatot a projektj\u00e9hez Ezt az oldalt reCAPTCHA v\u00e9di, \u00e9s k\u00f6veti a Google Adatv\u00e9delmi ir\u00e1nyelvek \u00e9s Szolg\u00e1ltat\u00e1si felt\u00e9telek ir\u00e1nyelveit. Az oldalt reCAPTCHA v\u00e9di.","og_url":"https:\/\/chansmachining.com\/hu\/kerjen-arajanlatot\/","og_site_name":"ChansMachining","article_modified_time":"2024-12-17T17:35:32+00:00","twitter_card":"summary_large_image","schema":{"@context":"https:\/\/schema.org","@graph":[{"@type":"WebPage","@id":"https:\/\/chansmachining.com\/hu\/kerjen-arajanlatot\/","url":"https:\/\/chansmachining.com\/hu\/kerjen-arajanlatot\/","name":"K\u00e9rjen \u00e1raj\u00e1nlatot CNC megmunk\u00e1l\u00f3 alkatr\u00e9szek \u00e9s protot\u00edpusok megmunk\u00e1l\u00e1s\u00e1r\u00f3l","isPartOf":{"@id":"https:\/\/chansmachining.com\/hu\/#website"},"datePublished":"2021-11-01T16:40:01+00:00","dateModified":"2024-12-17T17:35:32+00:00","breadcrumb":{"@id":"https:\/\/chansmachining.com\/hu\/kerjen-arajanlatot\/#breadcrumb"},"inLanguage":"hu","potentialAction":[{"@type":"ReadAction","target":["https:\/\/chansmachining.com\/hu\/kerjen-arajanlatot\/"]}]},{"@type":"BreadcrumbList","@id":"https:\/\/chansmachining.com\/hu\/kerjen-arajanlatot\/#breadcrumb","itemListElement":[{"@type":"ListItem","position":1,"name":"Home","item":"https:\/\/chansmachining.com\/hu\/?page_id=8846"},{"@type":"ListItem","position":2,"name":"K\u00e9rjen \u00e1raj\u00e1nlatot"}]},{"@type":"WebSite","@id":"https:\/\/chansmachining.com\/hu\/#website","url":"https:\/\/chansmachining.com\/hu\/","name":"ChansMachining","description":"Just another WordPress site","publisher":{"@id":"https:\/\/chansmachining.com\/hu\/#organization"},"potentialAction":[{"@type":"SearchAction","target":{"@type":"EntryPoint","urlTemplate":"https:\/\/chansmachining.com\/hu\/?s={search_term_string}"},"query-input":{"@type":"PropertyValueSpecification","valueRequired":true,"valueName":"search_term_string"}}],"inLanguage":"hu"},{"@type":"Organization","@id":"https:\/\/chansmachining.com\/hu\/#organization","name":"ChansMachining","url":"https:\/\/chansmachining.com\/hu\/","logo":{"@type":"ImageObject","inLanguage":"hu","@id":"https:\/\/chansmachining.com\/hu\/#\/schema\/logo\/image\/","url":"https:\/\/chansmachining.com\/wp-content\/uploads\/2021\/07\/Chansmachining.com_.png","contentUrl":"https:\/\/chansmachining.com\/wp-content\/uploads\/2021\/07\/Chansmachining.com_.png","width":151,"height":44,"caption":"ChansMachining"},"image":{"@id":"https:\/\/chansmachining.com\/hu\/#\/schema\/logo\/image\/"}}]}},"_links":{"self":[{"href":"https:\/\/chansmachining.com\/hu\/wp-json\/wp\/v2\/pages\/11528","targetHints":{"allow":["GET"]}}],"collection":[{"href":"https:\/\/chansmachining.com\/hu\/wp-json\/wp\/v2\/pages"}],"about":[{"href":"https:\/\/chansmachining.com\/hu\/wp-json\/wp\/v2\/types\/page"}],"author":[{"embeddable":true,"href":"https:\/\/chansmachining.com\/hu\/wp-json\/wp\/v2\/users\/1"}],"replies":[{"embeddable":true,"href":"https:\/\/chansmachining.com\/hu\/wp-json\/wp\/v2\/comments?post=11528"}],"version-history":[{"count":1,"href":"https:\/\/chansmachining.com\/hu\/wp-json\/wp\/v2\/pages\/11528\/revisions"}],"predecessor-version":[{"id":11530,"href":"https:\/\/chansmachining.com\/hu\/wp-json\/wp\/v2\/pages\/11528\/revisions\/11530"}],"wp:attachment":[{"href":"https:\/\/chansmachining.com\/hu\/wp-json\/wp\/v2\/media?parent=11528"}],"curies":[{"name":"wp","href":"https:\/\/api.w.org\/{rel}","templated":true}]}}