{"id":11595,"date":"2021-07-20T04:26:43","date_gmt":"2021-07-20T12:26:43","guid":{"rendered":"https:\/\/chansmachining.com\/votke-meiega-uhendust\/"},"modified":"2025-10-27T23:00:24","modified_gmt":"2025-10-28T07:00:24","slug":"votke-meiega-uhendust","status":"publish","type":"page","link":"https:\/\/chansmachining.com\/et\/votke-meiega-uhendust\/","title":{"rendered":"V\u00f5tke meiega \u00fchendust"},"content":{"rendered":"\t\t<div data-elementor-type=\"wp-page\" data-elementor-id=\"11595\" class=\"elementor elementor-11595 elementor-29\" data-elementor-post-type=\"page\">\n\t\t\t\t\t\t<section class=\"elementor-section elementor-top-section elementor-element elementor-element-0163409 elementor-section-content-middle elementor-section-boxed elementor-section-height-default elementor-section-height-default\" data-id=\"0163409\" data-element_type=\"section\" data-e-type=\"section\">\n\t\t\t\t\t\t<div class=\"elementor-container elementor-column-gap-default\">\n\t\t\t\t\t<div class=\"elementor-column elementor-col-50 elementor-top-column elementor-element elementor-element-6762096\" data-id=\"6762096\" data-element_type=\"column\" data-e-type=\"column\">\n\t\t\t<div class=\"elementor-widget-wrap elementor-element-populated\">\n\t\t\t\t\t\t<div class=\"elementor-element elementor-element-4d176c1 elementor-widget elementor-widget-heading\" data-id=\"4d176c1\" data-element_type=\"widget\" data-e-type=\"widget\" data-widget_type=\"heading.default\">\n\t\t\t\t<div class=\"elementor-widget-container\">\n\t\t\t\t\t<h2 class=\"elementor-heading-title elementor-size-default\">Meid k\u00fclastada<\/h2>\t\t\t\t<\/div>\n\t\t\t\t<\/div>\n\t\t\t\t<div class=\"elementor-element elementor-element-eee7f19 elementor-widget elementor-widget-text-editor\" data-id=\"eee7f19\" data-element_type=\"widget\" data-e-type=\"widget\" data-widget_type=\"text-editor.default\">\n\t\t\t\t<div class=\"elementor-widget-container\">\n\t\t\t\t\t\t\t\t\t<p>Olete alati oodatud k\u00fclastama meie rajatisi Shenzhenis, mis asub vaid 2 tunni kaugusel Hongkongi lennujaamast, 90 minuti kaugusel Guangzhou lennujaamast ja 20 minuti kaugusel Shenzheni lennujaamast. Teie k\u00fclastuse ajal v\u00f5iksid meie eksperdid n\u00e4idata teile meie tehast ja suhelda teiega teie projekti kohta, et anda teile meie soovitusi.<\/p>\n\t\t\t\t\t\t\t\t<\/div>\n\t\t\t\t<\/div>\n\t\t\t\t<div class=\"elementor-element elementor-element-2db0cd9 elementor-widget elementor-widget-heading\" data-id=\"2db0cd9\" data-element_type=\"widget\" data-e-type=\"widget\" data-widget_type=\"heading.default\">\n\t\t\t\t<div class=\"elementor-widget-container\">\n\t\t\t\t\t<h2 class=\"elementor-heading-title elementor-size-default\">V\u00f5tke meiega \u00fchendust toetuse ja m\u00fc\u00fcgi osas<\/h2>\t\t\t\t<\/div>\n\t\t\t\t<\/div>\n\t\t\t\t<div class=\"elementor-element elementor-element-0ad884c elementor-icon-list--layout-traditional elementor-list-item-link-full_width elementor-widget elementor-widget-icon-list\" data-id=\"0ad884c\" data-element_type=\"widget\" data-e-type=\"widget\" data-widget_type=\"icon-list.default\">\n\t\t\t\t<div class=\"elementor-widget-container\">\n\t\t\t\t\t\t\t<ul class=\"elementor-icon-list-items\">\n\t\t\t\t\t\t\t<li class=\"elementor-icon-list-item\">\n\t\t\t\t\t\t\t\t\t\t\t<a href=\"http:\/\/sales@chansmachining.com\">\n\n\t\t\t\t\t\t\t\t\t\t\t\t<span class=\"elementor-icon-list-icon\">\n\t\t\t\t\t\t\t<i aria-hidden=\"true\" class=\"fas fa-mail-bulk\"><\/i>\t\t\t\t\t\t<\/span>\n\t\t\t\t\t\t\t\t\t\t<span class=\"elementor-icon-list-text\">sales@chansmachining.com<\/span>\n\t\t\t\t\t\t\t\t\t\t\t<\/a>\n\t\t\t\t\t\t\t\t\t<\/li>\n\t\t\t\t\t\t\t\t<li class=\"elementor-icon-list-item\">\n\t\t\t\t\t\t\t\t\t\t\t<span class=\"elementor-icon-list-icon\">\n\t\t\t\t\t\t\t<i aria-hidden=\"true\" class=\"fas fa-phone-alt\"><\/i>\t\t\t\t\t\t<\/span>\n\t\t\t\t\t\t\t\t\t\t<span class=\"elementor-icon-list-text\">+86 755 87961814<\/span>\n\t\t\t\t\t\t\t\t\t<\/li>\n\t\t\t\t\t\t\t\t<li class=\"elementor-icon-list-item\">\n\t\t\t\t\t\t\t\t\t\t\t<span class=\"elementor-icon-list-icon\">\n\t\t\t\t\t\t\t<i aria-hidden=\"true\" class=\"fas fa-address-book\"><\/i>\t\t\t\t\t\t<\/span>\n\t\t\t\t\t\t\t\t\t\t<span class=\"elementor-icon-list-text\">No.228 Datian Road Songgang street, Baoan district Shenzhen City Hiina.<\/span>\n\t\t\t\t\t\t\t\t\t<\/li>\n\t\t\t\t\t\t<\/ul>\n\t\t\t\t\t\t<\/div>\n\t\t\t\t<\/div>\n\t\t\t\t<div class=\"elementor-element elementor-element-8150423 elementor-widget elementor-widget-google_maps\" data-id=\"8150423\" data-element_type=\"widget\" data-e-type=\"widget\" data-widget_type=\"google_maps.default\">\n\t\t\t\t<div class=\"elementor-widget-container\">\n\t\t\t\t\t\t\t<div class=\"elementor-custom-embed\">\n\t\t\t<iframe loading=\"lazy\"\n\t\t\t\t\tsrc=\"https:\/\/maps.google.com\/maps?q=22.802654%2C%20113.843367&#038;t=m&#038;z=11&#038;output=embed&#038;iwloc=near\"\n\t\t\t\t\ttitle=\"22.802654, 113.843367\"\n\t\t\t\t\taria-label=\"22.802654, 113.843367\"\n\t\t\t><\/iframe>\n\t\t<\/div>\n\t\t\t\t\t\t<\/div>\n\t\t\t\t<\/div>\n\t\t\t\t\t<\/div>\n\t\t<\/div>\n\t\t\t\t<div class=\"elementor-column elementor-col-50 elementor-top-column elementor-element elementor-element-4bfa9db\" data-id=\"4bfa9db\" data-element_type=\"column\" data-e-type=\"column\" data-settings=\"{&quot;background_background&quot;:&quot;classic&quot;}\">\n\t\t\t<div class=\"elementor-widget-wrap elementor-element-populated\">\n\t\t\t\t\t\t<div class=\"elementor-element elementor-element-cbda0a9 elementor-widget elementor-widget-heading\" data-id=\"cbda0a9\" data-element_type=\"widget\" data-e-type=\"widget\" data-widget_type=\"heading.default\">\n\t\t\t\t<div class=\"elementor-widget-container\">\n\t\t\t\t\t<h2 class=\"elementor-heading-title elementor-size-default\">Hankige oma projekti jaoks hinnapakkumine<\/h2>\t\t\t\t<\/div>\n\t\t\t\t<\/div>\n\t\t\t\t<div class=\"elementor-element elementor-element-c67ba08 elementor-button-align-start elementor-widget elementor-widget-form\" data-id=\"c67ba08\" data-element_type=\"widget\" data-e-type=\"widget\" data-settings=\"{&quot;step_next_label&quot;:&quot;J\\u00e4rgmine&quot;,&quot;step_previous_label&quot;:&quot;Eelmine&quot;,&quot;button_width&quot;:&quot;50&quot;,&quot;step_type&quot;:&quot;number_text&quot;,&quot;step_icon_shape&quot;:&quot;circle&quot;}\" data-widget_type=\"form.default\">\n\t\t\t\t<div class=\"elementor-widget-container\">\n\t\t\t\t\t\t\t<form class=\"elementor-form\" method=\"post\" name=\"V\u00f5tke meiega \u00fchendust\" aria-label=\"V\u00f5tke meiega \u00fchendust\">\n\t\t\t<input type=\"hidden\" name=\"post_id\" value=\"11595\"\/>\n\t\t\t<input type=\"hidden\" name=\"form_id\" value=\"c67ba08\"\/>\n\t\t\t<input type=\"hidden\" name=\"referer_title\" value=\"V\u00f5tke \u00fchendust Chansmachiningiga rohkem infot ja hinnapakkumist CNC-t\u00f6\u00f6tluse kohta\" \/>\n\n\t\t\t\t\t\t\t<input type=\"hidden\" name=\"queried_id\" value=\"11595\"\/>\n\t\t\t\n\t\t\t<div class=\"elementor-form-fields-wrapper elementor-labels-above\">\n\t\t\t\t\t\t\t\t<div class=\"elementor-field-type-text elementor-field-group elementor-column elementor-field-group-name elementor-col-50 elementor-field-required elementor-mark-required\">\n\t\t\t\t\t\t\t\t\t\t\t\t<label for=\"form-field-name\" class=\"elementor-field-label\">\n\t\t\t\t\t\t\t\tNimi\t\t\t\t\t\t\t<\/label>\n\t\t\t\t\t\t\t\t\t\t\t\t\t\t<input size=\"1\" type=\"text\" name=\"form_fields[name]\" id=\"form-field-name\" class=\"elementor-field elementor-size-md  elementor-field-textual\" placeholder=\"Nimi\" required=\"required\">\n\t\t\t\t\t\t\t\t\t\t\t<\/div>\n\t\t\t\t\t\t\t\t<div class=\"elementor-field-type-text elementor-field-group elementor-column elementor-field-group-field_2effbe9 elementor-col-50\">\n\t\t\t\t\t\t\t\t\t\t\t\t<label for=\"form-field-field_2effbe9\" class=\"elementor-field-label\">\n\t\t\t\t\t\t\t\tRiik\t\t\t\t\t\t\t<\/label>\n\t\t\t\t\t\t\t\t\t\t\t\t\t\t<input size=\"1\" type=\"text\" name=\"form_fields[field_2effbe9]\" id=\"form-field-field_2effbe9\" class=\"elementor-field elementor-size-md  elementor-field-textual\" placeholder=\"Riik\">\n\t\t\t\t\t\t\t\t\t\t\t<\/div>\n\t\t\t\t\t\t\t\t<div class=\"elementor-field-type-email elementor-field-group elementor-column elementor-field-group-email elementor-col-50 elementor-field-required elementor-mark-required\">\n\t\t\t\t\t\t\t\t\t\t\t\t<label for=\"form-field-email\" class=\"elementor-field-label\">\n\t\t\t\t\t\t\t\tE-post\t\t\t\t\t\t\t<\/label>\n\t\t\t\t\t\t\t\t\t\t\t\t\t\t<input size=\"1\" type=\"email\" name=\"form_fields[email]\" id=\"form-field-email\" class=\"elementor-field elementor-size-md  elementor-field-textual\" placeholder=\"E-post\" required=\"required\">\n\t\t\t\t\t\t\t\t\t\t\t<\/div>\n\t\t\t\t\t\t\t\t<div class=\"elementor-field-type-tel elementor-field-group elementor-column elementor-field-group-field_5dd093a elementor-col-50\">\n\t\t\t\t\t\t\t\t\t\t\t\t<label for=\"form-field-field_5dd093a\" class=\"elementor-field-label\">\n\t\t\t\t\t\t\t\tTelefoninumber\t\t\t\t\t\t\t<\/label>\n\t\t\t\t\t\t\t\t<input size=\"1\" type=\"tel\" name=\"form_fields[field_5dd093a]\" id=\"form-field-field_5dd093a\" class=\"elementor-field elementor-size-md  elementor-field-textual\" placeholder=\"Telefoninumber\" pattern=\"[0-9()#&amp;+*-=.]+\" title=\"Only numbers and phone characters (#, -, *, etc) are accepted.\">\n\n\t\t\t\t\t\t<\/div>\n\t\t\t\t\t\t\t\t<div class=\"elementor-field-type-textarea elementor-field-group elementor-column elementor-field-group-message elementor-col-100 elementor-field-required elementor-mark-required\">\n\t\t\t\t\t\t\t\t\t\t\t\t<label for=\"form-field-message\" class=\"elementor-field-label\">\n\t\t\t\t\t\t\t\tProjekti \u00fcksikasjad\t\t\t\t\t\t\t<\/label>\n\t\t\t\t\t\t<textarea class=\"elementor-field-textual elementor-field  elementor-size-md\" name=\"form_fields[message]\" id=\"form-field-message\" rows=\"4\" placeholder=\"Osa nimi\/kogus\/materjal\/v\u00e4rv\/v\u00e4rvi\/pinna viimistlus\" required=\"required\"><\/textarea>\t\t\t\t<\/div>\n\t\t\t\t\t\t\t\t<div class=\"elementor-field-type-upload elementor-field-group elementor-column elementor-field-group-field_b9db34b elementor-col-100\">\n\t\t\t\t\t\t\t<input type=\"file\" name=\"form_fields[field_b9db34b][]\" id=\"form-field-field_b9db34b\" class=\"elementor-field elementor-size-md  elementor-upload-field\" multiple=\"multiple\" data-maxsize=\"100\" data-maxsize-message=\"This file exceeds the maximum allowed size.\">\n\n\t\t\t\t\t\t<\/div>\n\t\t\t\t\t\t\t\t<div class=\"elementor-field-type-html elementor-field-group elementor-column elementor-field-group-field_65ee318 elementor-col-100\">\n\t\t\t\t\t<ul>\n <li>K\u00f5ik failid on turvalised ja konfidentsiaalsed.<\/li>\n    <li>Palume lisada 2D-CAD joonised ja 3D-CAD mudelid mis tahes formaadis, sealhulgas STEP, IGES, DWG, PDF, STL jne. V\u00f5i palun pakendage fail ZIP- v\u00f5i RAR-faili. Faili suurus: <130 MB<\/li>\n<\/ul>\n\n\t\t\t\t<\/div>\n\t\t\t\t\t\t\t\t<div class=\"elementor-field-type-recaptcha elementor-field-group elementor-column elementor-field-group-field_372b30a elementor-col-100\">\n\t\t\t\t\t<div class=\"elementor-field\" id=\"form-field-field_372b30a\"><div class=\"elementor-g-recaptcha\" data-sitekey=\"6LcDRd4bAAAAAKCaOb_gz_IoKdVPgp1UGVdCtYMO\" data-type=\"v2_checkbox\" data-theme=\"light\" data-size=\"normal\"><\/div><\/div>\t\t\t\t<\/div>\n\t\t\t\t\t\t\t\t<div class=\"elementor-field-group elementor-column elementor-field-type-submit elementor-col-50 e-form__buttons\">\n\t\t\t\t\t<button class=\"elementor-button elementor-size-md\" type=\"submit\">\n\t\t\t\t\t\t<span class=\"elementor-button-content-wrapper\">\n\t\t\t\t\t\t\t\t\t\t\t\t\t\t\t\t\t\t\t\t\t\t<span class=\"elementor-button-text\">Saada<\/span>\n\t\t\t\t\t\t\t\t\t\t\t\t\t<\/span>\n\t\t\t\t\t<\/button>\n\t\t\t\t<\/div>\n\t\t\t<\/div>\n\t\t<\/form>\n\t\t\t\t\t\t<\/div>\n\t\t\t\t<\/div>\n\t\t\t\t\t<\/div>\n\t\t<\/div>\n\t\t\t\t\t<\/div>\n\t\t<\/section>\n\t\t\t\t<\/div>\n\t\t","protected":false},"excerpt":{"rendered":"<p>Meid k\u00fclastada Olete alati oodatud k\u00fclastama meie rajatisi Shenzhenis, mis asub vaid 2 tunni kaugusel Hongkongi lennujaamast, 90 minuti kaugusel Guangzhou lennujaamast ja 20 minuti kaugusel Shenzheni lennujaamast. Teie k\u00fclastuse ajal v\u00f5iksid meie eksperdid n\u00e4idata teile meie tehast ja suhelda teiega teie projekti kohta, et anda teile meie soovitusi. V\u00f5tke meiega \u00fchendust toetuse ja m\u00fc\u00fcgi [&hellip;]<\/p>\n","protected":false},"author":1,"featured_media":0,"parent":0,"menu_order":0,"comment_status":"closed","ping_status":"closed","template":"","meta":{"footnotes":""},"class_list":["post-11595","page","type-page","status-publish","hentry"],"yoast_head":"<!-- This site is optimized with the Yoast SEO plugin v26.8 - https:\/\/yoast.com\/product\/yoast-seo-wordpress\/ -->\n<title>V\u00f5tke \u00fchendust Chansmachiningiga rohkem infot ja hinnapakkumist CNC-t\u00f6\u00f6tluse kohta<\/title>\n<meta name=\"robots\" content=\"index, follow, max-snippet:-1, max-image-preview:large, max-video-preview:-1\" \/>\n<link rel=\"canonical\" href=\"https:\/\/chansmachining.com\/et\/votke-meiega-uhendust\/\" \/>\n<meta property=\"og:locale\" content=\"et_EE\" \/>\n<meta property=\"og:type\" content=\"article\" \/>\n<meta property=\"og:title\" content=\"V\u00f5tke \u00fchendust Chansmachiningiga rohkem infot ja hinnapakkumist CNC-t\u00f6\u00f6tluse kohta\" \/>\n<meta property=\"og:description\" content=\"Meid k\u00fclastada Olete alati oodatud k\u00fclastama meie rajatisi Shenzhenis, mis asub vaid 2 tunni kaugusel Hongkongi lennujaamast, 90 minuti kaugusel Guangzhou lennujaamast ja 20 minuti kaugusel Shenzheni lennujaamast. Teie k\u00fclastuse ajal v\u00f5iksid meie eksperdid n\u00e4idata teile meie tehast ja suhelda teiega teie projekti kohta, et anda teile meie soovitusi. V\u00f5tke meiega \u00fchendust toetuse ja m\u00fc\u00fcgi [&hellip;]\" \/>\n<meta property=\"og:url\" content=\"https:\/\/chansmachining.com\/et\/votke-meiega-uhendust\/\" \/>\n<meta property=\"og:site_name\" content=\"ChansMachining\" \/>\n<meta property=\"article:modified_time\" content=\"2025-10-28T07:00:24+00:00\" \/>\n<meta name=\"twitter:card\" content=\"summary_large_image\" \/>\n<script type=\"application\/ld+json\" class=\"yoast-schema-graph\">{\"@context\":\"https:\/\/schema.org\",\"@graph\":[{\"@type\":\"WebPage\",\"@id\":\"https:\/\/chansmachining.com\/et\/votke-meiega-uhendust\/\",\"url\":\"https:\/\/chansmachining.com\/et\/votke-meiega-uhendust\/\",\"name\":\"V\u00f5tke \u00fchendust Chansmachiningiga rohkem infot ja hinnapakkumist CNC-t\u00f6\u00f6tluse kohta\",\"isPartOf\":{\"@id\":\"https:\/\/chansmachining.com\/et\/#website\"},\"datePublished\":\"2021-07-20T12:26:43+00:00\",\"dateModified\":\"2025-10-28T07:00:24+00:00\",\"breadcrumb\":{\"@id\":\"https:\/\/chansmachining.com\/et\/votke-meiega-uhendust\/#breadcrumb\"},\"inLanguage\":\"et\",\"potentialAction\":[{\"@type\":\"ReadAction\",\"target\":[\"https:\/\/chansmachining.com\/et\/votke-meiega-uhendust\/\"]}]},{\"@type\":\"BreadcrumbList\",\"@id\":\"https:\/\/chansmachining.com\/et\/votke-meiega-uhendust\/#breadcrumb\",\"itemListElement\":[{\"@type\":\"ListItem\",\"position\":1,\"name\":\"Home\",\"item\":\"https:\/\/chansmachining.com\/et\/?page_id=8847\"},{\"@type\":\"ListItem\",\"position\":2,\"name\":\"V\u00f5tke meiega \u00fchendust\"}]},{\"@type\":\"WebSite\",\"@id\":\"https:\/\/chansmachining.com\/et\/#website\",\"url\":\"https:\/\/chansmachining.com\/et\/\",\"name\":\"ChansMachining\",\"description\":\"Just another WordPress site\",\"publisher\":{\"@id\":\"https:\/\/chansmachining.com\/et\/#organization\"},\"potentialAction\":[{\"@type\":\"SearchAction\",\"target\":{\"@type\":\"EntryPoint\",\"urlTemplate\":\"https:\/\/chansmachining.com\/et\/?s={search_term_string}\"},\"query-input\":{\"@type\":\"PropertyValueSpecification\",\"valueRequired\":true,\"valueName\":\"search_term_string\"}}],\"inLanguage\":\"et\"},{\"@type\":\"Organization\",\"@id\":\"https:\/\/chansmachining.com\/et\/#organization\",\"name\":\"ChansMachining\",\"url\":\"https:\/\/chansmachining.com\/et\/\",\"logo\":{\"@type\":\"ImageObject\",\"inLanguage\":\"et\",\"@id\":\"https:\/\/chansmachining.com\/et\/#\/schema\/logo\/image\/\",\"url\":\"https:\/\/chansmachining.com\/wp-content\/uploads\/2021\/07\/Chansmachining.com_.png\",\"contentUrl\":\"https:\/\/chansmachining.com\/wp-content\/uploads\/2021\/07\/Chansmachining.com_.png\",\"width\":151,\"height\":44,\"caption\":\"ChansMachining\"},\"image\":{\"@id\":\"https:\/\/chansmachining.com\/et\/#\/schema\/logo\/image\/\"}}]}<\/script>\n<!-- \/ Yoast SEO plugin. -->","yoast_head_json":{"title":"V\u00f5tke \u00fchendust Chansmachiningiga rohkem infot ja hinnapakkumist CNC-t\u00f6\u00f6tluse kohta","robots":{"index":"index","follow":"follow","max-snippet":"max-snippet:-1","max-image-preview":"max-image-preview:large","max-video-preview":"max-video-preview:-1"},"canonical":"https:\/\/chansmachining.com\/et\/votke-meiega-uhendust\/","og_locale":"et_EE","og_type":"article","og_title":"V\u00f5tke \u00fchendust Chansmachiningiga rohkem infot ja hinnapakkumist CNC-t\u00f6\u00f6tluse kohta","og_description":"Meid k\u00fclastada Olete alati oodatud k\u00fclastama meie rajatisi Shenzhenis, mis asub vaid 2 tunni kaugusel Hongkongi lennujaamast, 90 minuti kaugusel Guangzhou lennujaamast ja 20 minuti kaugusel Shenzheni lennujaamast. Teie k\u00fclastuse ajal v\u00f5iksid meie eksperdid n\u00e4idata teile meie tehast ja suhelda teiega teie projekti kohta, et anda teile meie soovitusi. V\u00f5tke meiega \u00fchendust toetuse ja m\u00fc\u00fcgi [&hellip;]","og_url":"https:\/\/chansmachining.com\/et\/votke-meiega-uhendust\/","og_site_name":"ChansMachining","article_modified_time":"2025-10-28T07:00:24+00:00","twitter_card":"summary_large_image","schema":{"@context":"https:\/\/schema.org","@graph":[{"@type":"WebPage","@id":"https:\/\/chansmachining.com\/et\/votke-meiega-uhendust\/","url":"https:\/\/chansmachining.com\/et\/votke-meiega-uhendust\/","name":"V\u00f5tke \u00fchendust Chansmachiningiga rohkem infot ja hinnapakkumist CNC-t\u00f6\u00f6tluse kohta","isPartOf":{"@id":"https:\/\/chansmachining.com\/et\/#website"},"datePublished":"2021-07-20T12:26:43+00:00","dateModified":"2025-10-28T07:00:24+00:00","breadcrumb":{"@id":"https:\/\/chansmachining.com\/et\/votke-meiega-uhendust\/#breadcrumb"},"inLanguage":"et","potentialAction":[{"@type":"ReadAction","target":["https:\/\/chansmachining.com\/et\/votke-meiega-uhendust\/"]}]},{"@type":"BreadcrumbList","@id":"https:\/\/chansmachining.com\/et\/votke-meiega-uhendust\/#breadcrumb","itemListElement":[{"@type":"ListItem","position":1,"name":"Home","item":"https:\/\/chansmachining.com\/et\/?page_id=8847"},{"@type":"ListItem","position":2,"name":"V\u00f5tke meiega \u00fchendust"}]},{"@type":"WebSite","@id":"https:\/\/chansmachining.com\/et\/#website","url":"https:\/\/chansmachining.com\/et\/","name":"ChansMachining","description":"Just another WordPress site","publisher":{"@id":"https:\/\/chansmachining.com\/et\/#organization"},"potentialAction":[{"@type":"SearchAction","target":{"@type":"EntryPoint","urlTemplate":"https:\/\/chansmachining.com\/et\/?s={search_term_string}"},"query-input":{"@type":"PropertyValueSpecification","valueRequired":true,"valueName":"search_term_string"}}],"inLanguage":"et"},{"@type":"Organization","@id":"https:\/\/chansmachining.com\/et\/#organization","name":"ChansMachining","url":"https:\/\/chansmachining.com\/et\/","logo":{"@type":"ImageObject","inLanguage":"et","@id":"https:\/\/chansmachining.com\/et\/#\/schema\/logo\/image\/","url":"https:\/\/chansmachining.com\/wp-content\/uploads\/2021\/07\/Chansmachining.com_.png","contentUrl":"https:\/\/chansmachining.com\/wp-content\/uploads\/2021\/07\/Chansmachining.com_.png","width":151,"height":44,"caption":"ChansMachining"},"image":{"@id":"https:\/\/chansmachining.com\/et\/#\/schema\/logo\/image\/"}}]}},"_links":{"self":[{"href":"https:\/\/chansmachining.com\/et\/wp-json\/wp\/v2\/pages\/11595","targetHints":{"allow":["GET"]}}],"collection":[{"href":"https:\/\/chansmachining.com\/et\/wp-json\/wp\/v2\/pages"}],"about":[{"href":"https:\/\/chansmachining.com\/et\/wp-json\/wp\/v2\/types\/page"}],"author":[{"embeddable":true,"href":"https:\/\/chansmachining.com\/et\/wp-json\/wp\/v2\/users\/1"}],"replies":[{"embeddable":true,"href":"https:\/\/chansmachining.com\/et\/wp-json\/wp\/v2\/comments?post=11595"}],"version-history":[{"count":7,"href":"https:\/\/chansmachining.com\/et\/wp-json\/wp\/v2\/pages\/11595\/revisions"}],"predecessor-version":[{"id":11767,"href":"https:\/\/chansmachining.com\/et\/wp-json\/wp\/v2\/pages\/11595\/revisions\/11767"}],"wp:attachment":[{"href":"https:\/\/chansmachining.com\/et\/wp-json\/wp\/v2\/media?parent=11595"}],"curies":[{"name":"wp","href":"https:\/\/api.w.org\/{rel}","templated":true}]}}