{"id":11525,"date":"2021-11-01T08:40:01","date_gmt":"2021-11-01T16:40:01","guid":{"rendered":"https:\/\/chansmachining.com\/angebot-einholen\/"},"modified":"2024-12-17T09:35:32","modified_gmt":"2024-12-17T17:35:32","slug":"angebot-einholen","status":"publish","type":"page","link":"https:\/\/chansmachining.com\/de\/angebot-einholen\/","title":{"rendered":"Angebot einholen"},"content":{"rendered":"\t\t<div data-elementor-type=\"wp-page\" data-elementor-id=\"11525\" class=\"elementor elementor-11525 elementor-1513\" data-elementor-post-type=\"page\">\n\t\t\t\t<div class=\"elementor-element elementor-element-ea44948 e-flex e-con-boxed e-con e-parent\" data-id=\"ea44948\" data-element_type=\"container\" data-e-type=\"container\" data-settings=\"{&quot;background_background&quot;:&quot;classic&quot;}\">\n\t\t\t\t\t<div class=\"e-con-inner\">\n\t\t\t\t<div class=\"elementor-element elementor-element-011bb2b elementor-widget elementor-widget-text-editor\" data-id=\"011bb2b\" data-element_type=\"widget\" data-e-type=\"widget\" data-widget_type=\"text-editor.default\">\n\t\t\t\t<div class=\"elementor-widget-container\">\n\t\t\t\t\t\t\t\t\t<h2 class=\"elementor-heading-title elementor-size-default\">Danke f\u00fcr die Wahl von ChanMachining&nbsp;<\/h2>\n<h2 class=\"elementor-heading-title elementor-size-default\">mit anderen 3000+ Firmen f\u00fcr&nbsp;<\/h2>\n<h2 class=\"elementor-heading-title elementor-size-default\">Hochwertige Teile<\/h2>\t\t\t\t\t\t\t\t<\/div>\n\t\t\t\t<\/div>\n\t\t\t\t\t<\/div>\n\t\t\t\t<\/div>\n\t\t\t\t<section class=\"elementor-section elementor-top-section elementor-element elementor-element-ad1b28f elementor-section-boxed elementor-section-height-default elementor-section-height-default\" data-id=\"ad1b28f\" data-element_type=\"section\" data-e-type=\"section\" data-settings=\"{&quot;background_background&quot;:&quot;classic&quot;}\">\n\t\t\t\t\t\t<div class=\"elementor-container elementor-column-gap-default\">\n\t\t\t\t\t<div class=\"elementor-column elementor-col-100 elementor-top-column elementor-element elementor-element-83c997d\" data-id=\"83c997d\" data-element_type=\"column\" data-e-type=\"column\" data-settings=\"{&quot;background_background&quot;:&quot;classic&quot;}\">\n\t\t\t<div class=\"elementor-widget-wrap elementor-element-populated\">\n\t\t\t\t\t<div class=\"elementor-background-overlay\"><\/div>\n\t\t\t\t\t\t<div class=\"elementor-element elementor-element-2083e41 elementor-widget elementor-widget-heading\" data-id=\"2083e41\" data-element_type=\"widget\" data-e-type=\"widget\" data-widget_type=\"heading.default\">\n\t\t\t\t<div class=\"elementor-widget-container\">\n\t\t\t\t\t<h2 class=\"elementor-heading-title elementor-size-default\">Kostenvoranschlag f\u00fcr Ihr Projekt anfordern<\/h2>\t\t\t\t<\/div>\n\t\t\t\t<\/div>\n\t\t\t\t<div class=\"elementor-element elementor-element-b7e0722 elementor-button-align-start elementor-widget elementor-widget-form\" data-id=\"b7e0722\" data-element_type=\"widget\" data-e-type=\"widget\" data-settings=\"{&quot;step_next_label&quot;:&quot;Weiter&quot;,&quot;step_previous_label&quot;:&quot;Vorherige&quot;,&quot;button_width&quot;:&quot;30&quot;,&quot;step_type&quot;:&quot;number_text&quot;,&quot;step_icon_shape&quot;:&quot;circle&quot;}\" data-widget_type=\"form.default\">\n\t\t\t\t<div class=\"elementor-widget-container\">\n\t\t\t\t\t\t\t<form class=\"elementor-form\" method=\"post\" name=\"ein Angebot einholen\" aria-label=\"ein Angebot einholen\">\n\t\t\t<input type=\"hidden\" name=\"post_id\" value=\"11525\"\/>\n\t\t\t<input type=\"hidden\" name=\"form_id\" value=\"b7e0722\"\/>\n\t\t\t<input type=\"hidden\" name=\"referer_title\" value=\"Erhalten Sie ein Angebot f\u00fcr CNC-Bearbeitung von Teilen und Prototypen\" \/>\n\n\t\t\t\t\t\t\t<input type=\"hidden\" name=\"queried_id\" value=\"11525\"\/>\n\t\t\t\n\t\t\t<div class=\"elementor-form-fields-wrapper elementor-labels-above\">\n\t\t\t\t\t\t\t\t<div class=\"elementor-field-type-text elementor-field-group elementor-column elementor-field-group-name elementor-col-50 elementor-field-required elementor-mark-required\">\n\t\t\t\t\t\t\t\t\t\t\t\t<label for=\"form-field-name\" class=\"elementor-field-label\">\n\t\t\t\t\t\t\t\tName\t\t\t\t\t\t\t<\/label>\n\t\t\t\t\t\t\t\t\t\t\t\t\t\t<input size=\"1\" type=\"text\" name=\"form_fields[name]\" id=\"form-field-name\" class=\"elementor-field elementor-size-md  elementor-field-textual\" placeholder=\"Name\" required=\"required\">\n\t\t\t\t\t\t\t\t\t\t\t<\/div>\n\t\t\t\t\t\t\t\t<div class=\"elementor-field-type-text elementor-field-group elementor-column elementor-field-group-field_2effbe9 elementor-col-50\">\n\t\t\t\t\t\t\t\t\t\t\t\t<label for=\"form-field-field_2effbe9\" class=\"elementor-field-label\">\n\t\t\t\t\t\t\t\tLand\t\t\t\t\t\t\t<\/label>\n\t\t\t\t\t\t\t\t\t\t\t\t\t\t<input size=\"1\" type=\"text\" name=\"form_fields[field_2effbe9]\" id=\"form-field-field_2effbe9\" class=\"elementor-field elementor-size-md  elementor-field-textual\" placeholder=\"Land\">\n\t\t\t\t\t\t\t\t\t\t\t<\/div>\n\t\t\t\t\t\t\t\t<div class=\"elementor-field-type-email elementor-field-group elementor-column elementor-field-group-email elementor-col-50 elementor-field-required elementor-mark-required\">\n\t\t\t\t\t\t\t\t\t\t\t\t<label for=\"form-field-email\" class=\"elementor-field-label\">\n\t\t\t\t\t\t\t\tE-Mail\t\t\t\t\t\t\t<\/label>\n\t\t\t\t\t\t\t\t\t\t\t\t\t\t<input size=\"1\" type=\"email\" name=\"form_fields[email]\" id=\"form-field-email\" class=\"elementor-field elementor-size-md  elementor-field-textual\" placeholder=\"E-Mail\" required=\"required\">\n\t\t\t\t\t\t\t\t\t\t\t<\/div>\n\t\t\t\t\t\t\t\t<div class=\"elementor-field-type-tel elementor-field-group elementor-column elementor-field-group-field_5dd093a elementor-col-50\">\n\t\t\t\t\t\t\t\t\t\t\t\t<label for=\"form-field-field_5dd093a\" class=\"elementor-field-label\">\n\t\t\t\t\t\t\t\tRufnummer\t\t\t\t\t\t\t<\/label>\n\t\t\t\t\t\t\t\t<input size=\"1\" type=\"tel\" name=\"form_fields[field_5dd093a]\" id=\"form-field-field_5dd093a\" class=\"elementor-field elementor-size-md  elementor-field-textual\" placeholder=\"Rufnummer\" pattern=\"[0-9()#&amp;+*-=.]+\" title=\"Nur Nummern oder Telefon-Zeichen (#, -, *, etc) werden akzeptiert.\">\n\n\t\t\t\t\t\t<\/div>\n\t\t\t\t\t\t\t\t<div class=\"elementor-field-type-textarea elementor-field-group elementor-column elementor-field-group-message elementor-col-100 elementor-field-required elementor-mark-required\">\n\t\t\t\t\t\t\t\t\t\t\t\t<label for=\"form-field-message\" class=\"elementor-field-label\">\n\t\t\t\t\t\t\t\tDetails zum Projekt\t\t\t\t\t\t\t<\/label>\n\t\t\t\t\t\t<textarea class=\"elementor-field-textual elementor-field  elementor-size-md\" name=\"form_fields[message]\" id=\"form-field-message\" rows=\"4\" placeholder=\"Teilebezeichnung \/ Anzahl \/ Material \/ Farbe \/ Oberfl\u00e4chenbehandlung\" required=\"required\"><\/textarea>\t\t\t\t<\/div>\n\t\t\t\t\t\t\t\t<div class=\"elementor-field-type-upload elementor-field-group elementor-column elementor-field-group-field_b9db34b elementor-col-100\">\n\t\t\t\t\t\t\t<input type=\"file\" name=\"form_fields[field_b9db34b][]\" id=\"form-field-field_b9db34b\" class=\"elementor-field elementor-size-md  elementor-upload-field\" multiple=\"multiple\" data-maxsize=\"100\" data-maxsize-message=\"Diese Datei \u00fcbersteigt die maximale Dateigr\u00f6\u00dfe.\">\n\n\t\t\t\t\t\t<\/div>\n\t\t\t\t\t\t\t\t<div class=\"elementor-field-type-html elementor-field-group elementor-column elementor-field-group-field_27be21f elementor-col-100\">\n\t\t\t\t\t<ul>\n <li>Alle Dateien sind sicher und vertraulich.<\/li>\n    <li>Bitte f\u00fcgen Sie 2D-CAD-Zeichnungen und 3D-CAD-Modelle in jedem Format bei, einschlie\u00dflich STEP, IGES, DWG, PDF, STL usw. Oder komprimieren Sie die Datei bitte in ein ZIP- oder RAR-Format. Dateigr\u00f6\u00dfe: <130 MB<\/li>\n<\/ul>\n\n\t\t\t\t<\/div>\n\t\t\t\t\t\t\t\t<div class=\"elementor-field-type-recaptcha elementor-field-group elementor-column elementor-field-group-field_372b30a elementor-col-100\">\n\t\t\t\t\t<div class=\"elementor-field\" id=\"form-field-field_372b30a\"><div class=\"elementor-g-recaptcha\" data-sitekey=\"6LcDRd4bAAAAAKCaOb_gz_IoKdVPgp1UGVdCtYMO\" data-type=\"v2_checkbox\" data-theme=\"light\" data-size=\"normal\"><\/div><\/div>\t\t\t\t<\/div>\n\t\t\t\t\t\t\t\t<div class=\"elementor-field-group elementor-column elementor-field-type-submit elementor-col-30 e-form__buttons\">\n\t\t\t\t\t<button class=\"elementor-button elementor-size-md\" type=\"submit\">\n\t\t\t\t\t\t<span class=\"elementor-button-content-wrapper\">\n\t\t\t\t\t\t\t\t\t\t\t\t\t\t\t\t\t\t\t\t\t\t<span class=\"elementor-button-text\">Send<\/span>\n\t\t\t\t\t\t\t\t\t\t\t\t\t<\/span>\n\t\t\t\t\t<\/button>\n\t\t\t\t<\/div>\n\t\t\t<\/div>\n\t\t<\/form>\n\t\t\t\t\t\t<\/div>\n\t\t\t\t<\/div>\n\t\t\t\t<div class=\"elementor-element elementor-element-b6c712a elementor-widget elementor-widget-text-editor\" data-id=\"b6c712a\" data-element_type=\"widget\" data-e-type=\"widget\" data-widget_type=\"text-editor.default\">\n\t\t\t\t<div class=\"elementor-widget-container\">\n\t\t\t\t\t\t\t\t\t<p>Diese Seite ist durch reCAPTCHA gesch\u00fctzt und befolgt die Google <a href=\"https:\/\/policies.google.com\/privacy\">Datenschutzbestimmungen<\/a> und <a href=\"https:\/\/policies.google.com\/terms\">Dienstleistungsbedingungen<\/a>.<\/p>\n\t\t\t\t\t\t\t\t<\/div>\n\t\t\t\t<\/div>\n\t\t\t\t\t<\/div>\n\t\t<\/div>\n\t\t\t\t\t<\/div>\n\t\t<\/section>\n\t\t\t\t<\/div>\n\t\t","protected":false},"excerpt":{"rendered":"<p>Danke f\u00fcr die Wahl von ChanMachining&nbsp; mit anderen 3000+ Firmen f\u00fcr&nbsp; Hochwertige Teile Kostenvoranschlag f\u00fcr Ihr Projekt anfordern Diese Seite ist durch reCAPTCHA gesch\u00fctzt und befolgt die Google Datenschutzbestimmungen und Dienstleistungsbedingungen.<\/p>\n","protected":false},"author":1,"featured_media":0,"parent":0,"menu_order":0,"comment_status":"closed","ping_status":"closed","template":"","meta":{"footnotes":""},"class_list":["post-11525","page","type-page","status-publish","hentry"],"yoast_head":"<!-- This site is optimized with the Yoast SEO plugin v26.8 - https:\/\/yoast.com\/product\/yoast-seo-wordpress\/ -->\n<title>Erhalten Sie ein Angebot f\u00fcr CNC-Bearbeitung von Teilen und Prototypen<\/title>\n<meta name=\"robots\" content=\"index, follow, max-snippet:-1, max-image-preview:large, max-video-preview:-1\" \/>\n<link rel=\"canonical\" href=\"https:\/\/chansmachining.com\/de\/angebot-einholen\/\" \/>\n<meta property=\"og:locale\" content=\"de_DE\" \/>\n<meta property=\"og:type\" content=\"article\" \/>\n<meta property=\"og:title\" content=\"Erhalten Sie ein Angebot f\u00fcr CNC-Bearbeitung von Teilen und Prototypen\" \/>\n<meta property=\"og:description\" content=\"Danke f\u00fcr die Wahl von ChanMachining&nbsp; mit anderen 3000+ Firmen f\u00fcr&nbsp; Hochwertige Teile Kostenvoranschlag f\u00fcr Ihr Projekt anfordern Diese Seite ist durch reCAPTCHA gesch\u00fctzt und befolgt die Google Datenschutzbestimmungen und Dienstleistungsbedingungen.\" \/>\n<meta property=\"og:url\" content=\"https:\/\/chansmachining.com\/de\/angebot-einholen\/\" \/>\n<meta property=\"og:site_name\" content=\"ChansMachining\" \/>\n<meta property=\"article:modified_time\" content=\"2024-12-17T17:35:32+00:00\" \/>\n<meta name=\"twitter:card\" content=\"summary_large_image\" \/>\n<script type=\"application\/ld+json\" class=\"yoast-schema-graph\">{\"@context\":\"https:\/\/schema.org\",\"@graph\":[{\"@type\":\"WebPage\",\"@id\":\"https:\/\/chansmachining.com\/de\/angebot-einholen\/\",\"url\":\"https:\/\/chansmachining.com\/de\/angebot-einholen\/\",\"name\":\"Erhalten Sie ein Angebot f\u00fcr CNC-Bearbeitung von Teilen und Prototypen\",\"isPartOf\":{\"@id\":\"https:\/\/chansmachining.com\/de\/#website\"},\"datePublished\":\"2021-11-01T16:40:01+00:00\",\"dateModified\":\"2024-12-17T17:35:32+00:00\",\"breadcrumb\":{\"@id\":\"https:\/\/chansmachining.com\/de\/angebot-einholen\/#breadcrumb\"},\"inLanguage\":\"de\",\"potentialAction\":[{\"@type\":\"ReadAction\",\"target\":[\"https:\/\/chansmachining.com\/de\/angebot-einholen\/\"]}]},{\"@type\":\"BreadcrumbList\",\"@id\":\"https:\/\/chansmachining.com\/de\/angebot-einholen\/#breadcrumb\",\"itemListElement\":[{\"@type\":\"ListItem\",\"position\":1,\"name\":\"Home\",\"item\":\"https:\/\/chansmachining.com\/de\/?page_id=8875\"},{\"@type\":\"ListItem\",\"position\":2,\"name\":\"Angebot einholen\"}]},{\"@type\":\"WebSite\",\"@id\":\"https:\/\/chansmachining.com\/de\/#website\",\"url\":\"https:\/\/chansmachining.com\/de\/\",\"name\":\"ChansMachining\",\"description\":\"Just another WordPress site\",\"publisher\":{\"@id\":\"https:\/\/chansmachining.com\/de\/#organization\"},\"potentialAction\":[{\"@type\":\"SearchAction\",\"target\":{\"@type\":\"EntryPoint\",\"urlTemplate\":\"https:\/\/chansmachining.com\/de\/?s={search_term_string}\"},\"query-input\":{\"@type\":\"PropertyValueSpecification\",\"valueRequired\":true,\"valueName\":\"search_term_string\"}}],\"inLanguage\":\"de\"},{\"@type\":\"Organization\",\"@id\":\"https:\/\/chansmachining.com\/de\/#organization\",\"name\":\"ChansMachining\",\"url\":\"https:\/\/chansmachining.com\/de\/\",\"logo\":{\"@type\":\"ImageObject\",\"inLanguage\":\"de\",\"@id\":\"https:\/\/chansmachining.com\/de\/#\/schema\/logo\/image\/\",\"url\":\"https:\/\/chansmachining.com\/wp-content\/uploads\/2021\/07\/Chansmachining.com_.png\",\"contentUrl\":\"https:\/\/chansmachining.com\/wp-content\/uploads\/2021\/07\/Chansmachining.com_.png\",\"width\":151,\"height\":44,\"caption\":\"ChansMachining\"},\"image\":{\"@id\":\"https:\/\/chansmachining.com\/de\/#\/schema\/logo\/image\/\"}}]}<\/script>\n<!-- \/ Yoast SEO plugin. -->","yoast_head_json":{"title":"Erhalten Sie ein Angebot f\u00fcr CNC-Bearbeitung von Teilen und Prototypen","robots":{"index":"index","follow":"follow","max-snippet":"max-snippet:-1","max-image-preview":"max-image-preview:large","max-video-preview":"max-video-preview:-1"},"canonical":"https:\/\/chansmachining.com\/de\/angebot-einholen\/","og_locale":"de_DE","og_type":"article","og_title":"Erhalten Sie ein Angebot f\u00fcr CNC-Bearbeitung von Teilen und Prototypen","og_description":"Danke f\u00fcr die Wahl von ChanMachining&nbsp; mit anderen 3000+ Firmen f\u00fcr&nbsp; Hochwertige Teile Kostenvoranschlag f\u00fcr Ihr Projekt anfordern Diese Seite ist durch reCAPTCHA gesch\u00fctzt und befolgt die Google Datenschutzbestimmungen und Dienstleistungsbedingungen.","og_url":"https:\/\/chansmachining.com\/de\/angebot-einholen\/","og_site_name":"ChansMachining","article_modified_time":"2024-12-17T17:35:32+00:00","twitter_card":"summary_large_image","schema":{"@context":"https:\/\/schema.org","@graph":[{"@type":"WebPage","@id":"https:\/\/chansmachining.com\/de\/angebot-einholen\/","url":"https:\/\/chansmachining.com\/de\/angebot-einholen\/","name":"Erhalten Sie ein Angebot f\u00fcr CNC-Bearbeitung von Teilen und Prototypen","isPartOf":{"@id":"https:\/\/chansmachining.com\/de\/#website"},"datePublished":"2021-11-01T16:40:01+00:00","dateModified":"2024-12-17T17:35:32+00:00","breadcrumb":{"@id":"https:\/\/chansmachining.com\/de\/angebot-einholen\/#breadcrumb"},"inLanguage":"de","potentialAction":[{"@type":"ReadAction","target":["https:\/\/chansmachining.com\/de\/angebot-einholen\/"]}]},{"@type":"BreadcrumbList","@id":"https:\/\/chansmachining.com\/de\/angebot-einholen\/#breadcrumb","itemListElement":[{"@type":"ListItem","position":1,"name":"Home","item":"https:\/\/chansmachining.com\/de\/?page_id=8875"},{"@type":"ListItem","position":2,"name":"Angebot einholen"}]},{"@type":"WebSite","@id":"https:\/\/chansmachining.com\/de\/#website","url":"https:\/\/chansmachining.com\/de\/","name":"ChansMachining","description":"Just another WordPress site","publisher":{"@id":"https:\/\/chansmachining.com\/de\/#organization"},"potentialAction":[{"@type":"SearchAction","target":{"@type":"EntryPoint","urlTemplate":"https:\/\/chansmachining.com\/de\/?s={search_term_string}"},"query-input":{"@type":"PropertyValueSpecification","valueRequired":true,"valueName":"search_term_string"}}],"inLanguage":"de"},{"@type":"Organization","@id":"https:\/\/chansmachining.com\/de\/#organization","name":"ChansMachining","url":"https:\/\/chansmachining.com\/de\/","logo":{"@type":"ImageObject","inLanguage":"de","@id":"https:\/\/chansmachining.com\/de\/#\/schema\/logo\/image\/","url":"https:\/\/chansmachining.com\/wp-content\/uploads\/2021\/07\/Chansmachining.com_.png","contentUrl":"https:\/\/chansmachining.com\/wp-content\/uploads\/2021\/07\/Chansmachining.com_.png","width":151,"height":44,"caption":"ChansMachining"},"image":{"@id":"https:\/\/chansmachining.com\/de\/#\/schema\/logo\/image\/"}}]}},"_links":{"self":[{"href":"https:\/\/chansmachining.com\/de\/wp-json\/wp\/v2\/pages\/11525","targetHints":{"allow":["GET"]}}],"collection":[{"href":"https:\/\/chansmachining.com\/de\/wp-json\/wp\/v2\/pages"}],"about":[{"href":"https:\/\/chansmachining.com\/de\/wp-json\/wp\/v2\/types\/page"}],"author":[{"embeddable":true,"href":"https:\/\/chansmachining.com\/de\/wp-json\/wp\/v2\/users\/1"}],"replies":[{"embeddable":true,"href":"https:\/\/chansmachining.com\/de\/wp-json\/wp\/v2\/comments?post=11525"}],"version-history":[{"count":1,"href":"https:\/\/chansmachining.com\/de\/wp-json\/wp\/v2\/pages\/11525\/revisions"}],"predecessor-version":[{"id":11527,"href":"https:\/\/chansmachining.com\/de\/wp-json\/wp\/v2\/pages\/11525\/revisions\/11527"}],"wp:attachment":[{"href":"https:\/\/chansmachining.com\/de\/wp-json\/wp\/v2\/media?parent=11525"}],"curies":[{"name":"wp","href":"https:\/\/api.w.org\/{rel}","templated":true}]}}