{"id":8680,"date":"2021-07-20T04:26:45","date_gmt":"2021-07-20T12:26:45","guid":{"rendered":"https:\/\/chansmachining.com\/blog\/"},"modified":"2024-12-17T23:29:55","modified_gmt":"2024-12-18T07:29:55","slug":"blog","status":"publish","type":"page","link":"https:\/\/chansmachining.com\/cs\/blog\/","title":{"rendered":"Blog"},"content":{"rendered":"\t\t<div data-elementor-type=\"wp-page\" data-elementor-id=\"8680\" class=\"elementor elementor-8680 elementor-28\" data-elementor-post-type=\"page\">\n\t\t\t\t\t\t<section class=\"elementor-section elementor-top-section elementor-element elementor-element-7b77135 elementor-section-height-min-height elementor-section-boxed elementor-section-height-default elementor-section-items-middle\" data-id=\"7b77135\" data-element_type=\"section\" data-e-type=\"section\" data-settings=\"{&quot;background_background&quot;:&quot;classic&quot;}\">\n\t\t\t\t\t\t\t<div class=\"elementor-background-overlay\"><\/div>\n\t\t\t\t\t\t\t<div class=\"elementor-container elementor-column-gap-default\">\n\t\t\t\t\t<div class=\"elementor-column elementor-col-50 elementor-top-column elementor-element elementor-element-1ce22c5\" data-id=\"1ce22c5\" data-element_type=\"column\" data-e-type=\"column\">\n\t\t\t<div class=\"elementor-widget-wrap elementor-element-populated\">\n\t\t\t\t\t\t<div class=\"elementor-element elementor-element-5e75ab3 elementor-widget elementor-widget-text-editor\" data-id=\"5e75ab3\" data-element_type=\"widget\" data-e-type=\"widget\" data-widget_type=\"text-editor.default\">\n\t\t\t\t<div class=\"elementor-widget-container\">\n\t\t\t\t\t\t\t\t\t<p><span style=\"color: #ffffff; font-family: var( --e-global-typography-text-font-family ), Montserrat;\">Sledujte nejnov\u011bj\u0161\u00ed pokroky v CNC obr\u00e1b\u011bn\u00ed a g<\/span><span style=\"color: #ffffff;\">nejnov\u011bj\u0161\u00ed aktualizace a poznatky o technik\u00e1ch, aplikac\u00edch a osv\u011bd\u010den\u00fdch postupech CNC obr\u00e1b\u011bn\u00ed. <\/span><\/p><p><span style=\"color: #ffffff;\">N\u00e1\u0161 blog se zab\u00fdv\u00e1 \u0161irokou \u0161k\u00e1lou t\u00e9mat souvisej\u00edc\u00edch s CNC obr\u00e1b\u011bn\u00edm, v\u010detn\u011b v\u00fdroby prototyp\u016f, s\u00e9riov\u00e9 v\u00fdroby, zak\u00e1zkov\u00e9 v\u00fdroby a dal\u0161\u00edch. Mohli byste <\/span><span style=\"color: #ffffff; font-family: var( --e-global-typography-text-font-family ), Montserrat;\"> zjist\u011bte, jak maximalizovat efektivitu a p\u0159esnost va\u0161ich d\u00edl\u016f a prototyp\u016f.<\/span><\/p>\t\t\t\t\t\t\t\t<\/div>\n\t\t\t\t<\/div>\n\t\t\t\t<div class=\"elementor-element elementor-element-e9b50ed elementor-widget elementor-widget-button\" data-id=\"e9b50ed\" data-element_type=\"widget\" data-e-type=\"widget\" data-widget_type=\"button.default\">\n\t\t\t\t<div class=\"elementor-widget-container\">\n\t\t\t\t\t\t\t\t\t<div class=\"elementor-button-wrapper\">\n\t\t\t\t\t<a class=\"elementor-button elementor-button-link elementor-size-sm\" href=\"#\">\n\t\t\t\t\t\t<span class=\"elementor-button-content-wrapper\">\n\t\t\t\t\t\t\t\t\t<span class=\"elementor-button-text\">Klikn\u011bte zde<\/span>\n\t\t\t\t\t<\/span>\n\t\t\t\t\t<\/a>\n\t\t\t\t<\/div>\n\t\t\t\t\t\t\t\t<\/div>\n\t\t\t\t<\/div>\n\t\t\t\t\t<\/div>\n\t\t<\/div>\n\t\t\t\t<div class=\"elementor-column elementor-col-50 elementor-top-column elementor-element elementor-element-c8633ee\" data-id=\"c8633ee\" data-element_type=\"column\" data-e-type=\"column\">\n\t\t\t<div class=\"elementor-widget-wrap\">\n\t\t\t\t\t\t\t<\/div>\n\t\t<\/div>\n\t\t\t\t\t<\/div>\n\t\t<\/section>\n\t\t\t\t<section class=\"elementor-section elementor-top-section elementor-element elementor-element-b884cb4 elementor-section-boxed elementor-section-height-default elementor-section-height-default\" data-id=\"b884cb4\" data-element_type=\"section\" data-e-type=\"section\">\n\t\t\t\t\t\t<div class=\"elementor-container elementor-column-gap-default\">\n\t\t\t\t\t<div class=\"elementor-column elementor-col-100 elementor-top-column elementor-element elementor-element-a77ca9d\" data-id=\"a77ca9d\" data-element_type=\"column\" data-e-type=\"column\">\n\t\t\t<div class=\"elementor-widget-wrap elementor-element-populated\">\n\t\t\t\t\t\t<div class=\"elementor-element elementor-element-4469895 elementor-search-form--skin-minimal elementor-widget elementor-widget-search-form\" data-id=\"4469895\" data-element_type=\"widget\" data-e-type=\"widget\" data-settings=\"{&quot;skin&quot;:&quot;minimal&quot;}\" data-widget_type=\"search-form.default\">\n\t\t\t\t<div class=\"elementor-widget-container\">\n\t\t\t\t\t\t\t<search role=\"search\">\n\t\t\t<form class=\"elementor-search-form\" action=\"https:\/\/chansmachining.com\/cs\/\" method=\"get\">\n\t\t\t\t\t\t\t\t\t\t\t\t<div class=\"elementor-search-form__container\">\n\t\t\t\t\t<label class=\"elementor-screen-only\" for=\"elementor-search-form-4469895\">Search<\/label>\n\n\t\t\t\t\t\t\t\t\t\t\t<div class=\"elementor-search-form__icon\">\n\t\t\t\t\t\t\t<i aria-hidden=\"true\" class=\"fas fa-search\"><\/i>\t\t\t\t\t\t\t<span class=\"elementor-screen-only\">Search<\/span>\n\t\t\t\t\t\t<\/div>\n\t\t\t\t\t\n\t\t\t\t\t<input id=\"elementor-search-form-4469895\" placeholder=\"Vyhled\u00e1v\u00e1n\u00ed...\" class=\"elementor-search-form__input\" type=\"search\" name=\"s\" value=\"\">\n\t\t\t\t\t<input type='hidden' name='lang' value='cs' \/>\n\t\t\t\t\t\n\t\t\t\t\t\t\t\t\t<\/div>\n\t\t\t<\/form>\n\t\t<\/search>\n\t\t\t\t\t\t<\/div>\n\t\t\t\t<\/div>\n\t\t\t\t\t<\/div>\n\t\t<\/div>\n\t\t\t\t\t<\/div>\n\t\t<\/section>\n\t\t\t\t<\/div>\n\t\t","protected":false},"excerpt":{"rendered":"<p>Sledujte nejnov\u011bj\u0161\u00ed pokroky v CNC obr\u00e1b\u011bn\u00ed a gnejnov\u011bj\u0161\u00ed aktualizace a poznatky o technik\u00e1ch, aplikac\u00edch a osv\u011bd\u010den\u00fdch postupech CNC obr\u00e1b\u011bn\u00ed. N\u00e1\u0161 blog se zab\u00fdv\u00e1 \u0161irokou \u0161k\u00e1lou t\u00e9mat souvisej\u00edc\u00edch s CNC obr\u00e1b\u011bn\u00edm, v\u010detn\u011b v\u00fdroby prototyp\u016f, s\u00e9riov\u00e9 v\u00fdroby, zak\u00e1zkov\u00e9 v\u00fdroby a dal\u0161\u00edch. Mohli byste zjist\u011bte, jak maximalizovat efektivitu a p\u0159esnost va\u0161ich d\u00edl\u016f a prototyp\u016f. Klikn\u011bte zde<\/p>\n","protected":false},"author":1,"featured_media":0,"parent":0,"menu_order":0,"comment_status":"closed","ping_status":"closed","template":"","meta":{"footnotes":""},"class_list":["post-8680","page","type-page","status-publish","hentry"],"yoast_head":"<!-- This site is optimized with the Yoast SEO plugin v26.8 - https:\/\/yoast.com\/product\/yoast-seo-wordpress\/ -->\n<title>Nejnov\u011bj\u0161\u00ed informace a poznatky o technik\u00e1ch CNC obr\u00e1b\u011bn\u00ed, aplikac\u00edch a osv\u011bd\u010den\u00fdch postupech.<\/title>\n<meta name=\"robots\" content=\"index, follow, max-snippet:-1, max-image-preview:large, max-video-preview:-1\" \/>\n<link rel=\"canonical\" href=\"https:\/\/chansmachining.com\/cs\/blog\/\" \/>\n<meta property=\"og:locale\" content=\"cs_CZ\" \/>\n<meta property=\"og:type\" content=\"article\" \/>\n<meta property=\"og:title\" content=\"Nejnov\u011bj\u0161\u00ed informace a poznatky o technik\u00e1ch CNC obr\u00e1b\u011bn\u00ed, aplikac\u00edch a osv\u011bd\u010den\u00fdch postupech.\" \/>\n<meta property=\"og:description\" content=\"Sledujte nejnov\u011bj\u0161\u00ed pokroky v CNC obr\u00e1b\u011bn\u00ed a gnejnov\u011bj\u0161\u00ed aktualizace a poznatky o technik\u00e1ch, aplikac\u00edch a osv\u011bd\u010den\u00fdch postupech CNC obr\u00e1b\u011bn\u00ed. N\u00e1\u0161 blog se zab\u00fdv\u00e1 \u0161irokou \u0161k\u00e1lou t\u00e9mat souvisej\u00edc\u00edch s CNC obr\u00e1b\u011bn\u00edm, v\u010detn\u011b v\u00fdroby prototyp\u016f, s\u00e9riov\u00e9 v\u00fdroby, zak\u00e1zkov\u00e9 v\u00fdroby a dal\u0161\u00edch. Mohli byste zjist\u011bte, jak maximalizovat efektivitu a p\u0159esnost va\u0161ich d\u00edl\u016f a prototyp\u016f. Klikn\u011bte zde\" \/>\n<meta property=\"og:url\" content=\"https:\/\/chansmachining.com\/cs\/blog\/\" \/>\n<meta property=\"og:site_name\" content=\"ChansMachining\" \/>\n<meta property=\"article:modified_time\" content=\"2024-12-18T07:29:55+00:00\" \/>\n<meta name=\"twitter:card\" content=\"summary_large_image\" \/>\n<meta name=\"twitter:label1\" content=\"Odhadovan\u00e1 doba \u010dten\u00ed\" \/>\n\t<meta name=\"twitter:data1\" content=\"6 minut\" \/>\n<script type=\"application\/ld+json\" class=\"yoast-schema-graph\">{\"@context\":\"https:\/\/schema.org\",\"@graph\":[{\"@type\":\"WebPage\",\"@id\":\"https:\/\/chansmachining.com\/cs\/blog\/\",\"url\":\"https:\/\/chansmachining.com\/cs\/blog\/\",\"name\":\"Nejnov\u011bj\u0161\u00ed informace a poznatky o technik\u00e1ch CNC obr\u00e1b\u011bn\u00ed, aplikac\u00edch a osv\u011bd\u010den\u00fdch postupech.\",\"isPartOf\":{\"@id\":\"https:\/\/chansmachining.com\/cs\/#website\"},\"datePublished\":\"2021-07-20T12:26:45+00:00\",\"dateModified\":\"2024-12-18T07:29:55+00:00\",\"breadcrumb\":{\"@id\":\"https:\/\/chansmachining.com\/cs\/blog\/#breadcrumb\"},\"inLanguage\":\"cs\",\"potentialAction\":[{\"@type\":\"ReadAction\",\"target\":[\"https:\/\/chansmachining.com\/cs\/blog\/\"]}]},{\"@type\":\"BreadcrumbList\",\"@id\":\"https:\/\/chansmachining.com\/cs\/blog\/#breadcrumb\",\"itemListElement\":[{\"@type\":\"ListItem\",\"position\":1,\"name\":\"Home\",\"item\":\"https:\/\/chansmachining.com\/cs\/home\/\"},{\"@type\":\"ListItem\",\"position\":2,\"name\":\"Blog\"}]},{\"@type\":\"WebSite\",\"@id\":\"https:\/\/chansmachining.com\/cs\/#website\",\"url\":\"https:\/\/chansmachining.com\/cs\/\",\"name\":\"ChansMachining\",\"description\":\"Just another WordPress site\",\"publisher\":{\"@id\":\"https:\/\/chansmachining.com\/cs\/#organization\"},\"potentialAction\":[{\"@type\":\"SearchAction\",\"target\":{\"@type\":\"EntryPoint\",\"urlTemplate\":\"https:\/\/chansmachining.com\/cs\/?s={search_term_string}\"},\"query-input\":{\"@type\":\"PropertyValueSpecification\",\"valueRequired\":true,\"valueName\":\"search_term_string\"}}],\"inLanguage\":\"cs\"},{\"@type\":\"Organization\",\"@id\":\"https:\/\/chansmachining.com\/cs\/#organization\",\"name\":\"ChansMachining\",\"url\":\"https:\/\/chansmachining.com\/cs\/\",\"logo\":{\"@type\":\"ImageObject\",\"inLanguage\":\"cs\",\"@id\":\"https:\/\/chansmachining.com\/cs\/#\/schema\/logo\/image\/\",\"url\":\"https:\/\/chansmachining.com\/wp-content\/uploads\/2021\/07\/Chansmachining.com_.png\",\"contentUrl\":\"https:\/\/chansmachining.com\/wp-content\/uploads\/2021\/07\/Chansmachining.com_.png\",\"width\":151,\"height\":44,\"caption\":\"ChansMachining\"},\"image\":{\"@id\":\"https:\/\/chansmachining.com\/cs\/#\/schema\/logo\/image\/\"}}]}<\/script>\n<!-- \/ Yoast SEO plugin. -->","yoast_head_json":{"title":"Nejnov\u011bj\u0161\u00ed informace a poznatky o technik\u00e1ch CNC obr\u00e1b\u011bn\u00ed, aplikac\u00edch a osv\u011bd\u010den\u00fdch postupech.","robots":{"index":"index","follow":"follow","max-snippet":"max-snippet:-1","max-image-preview":"max-image-preview:large","max-video-preview":"max-video-preview:-1"},"canonical":"https:\/\/chansmachining.com\/cs\/blog\/","og_locale":"cs_CZ","og_type":"article","og_title":"Nejnov\u011bj\u0161\u00ed informace a poznatky o technik\u00e1ch CNC obr\u00e1b\u011bn\u00ed, aplikac\u00edch a osv\u011bd\u010den\u00fdch postupech.","og_description":"Sledujte nejnov\u011bj\u0161\u00ed pokroky v CNC obr\u00e1b\u011bn\u00ed a gnejnov\u011bj\u0161\u00ed aktualizace a poznatky o technik\u00e1ch, aplikac\u00edch a osv\u011bd\u010den\u00fdch postupech CNC obr\u00e1b\u011bn\u00ed. N\u00e1\u0161 blog se zab\u00fdv\u00e1 \u0161irokou \u0161k\u00e1lou t\u00e9mat souvisej\u00edc\u00edch s CNC obr\u00e1b\u011bn\u00edm, v\u010detn\u011b v\u00fdroby prototyp\u016f, s\u00e9riov\u00e9 v\u00fdroby, zak\u00e1zkov\u00e9 v\u00fdroby a dal\u0161\u00edch. Mohli byste zjist\u011bte, jak maximalizovat efektivitu a p\u0159esnost va\u0161ich d\u00edl\u016f a prototyp\u016f. Klikn\u011bte zde","og_url":"https:\/\/chansmachining.com\/cs\/blog\/","og_site_name":"ChansMachining","article_modified_time":"2024-12-18T07:29:55+00:00","twitter_card":"summary_large_image","twitter_misc":{"Odhadovan\u00e1 doba \u010dten\u00ed":"6 minut"},"schema":{"@context":"https:\/\/schema.org","@graph":[{"@type":"WebPage","@id":"https:\/\/chansmachining.com\/cs\/blog\/","url":"https:\/\/chansmachining.com\/cs\/blog\/","name":"Nejnov\u011bj\u0161\u00ed informace a poznatky o technik\u00e1ch CNC obr\u00e1b\u011bn\u00ed, aplikac\u00edch a osv\u011bd\u010den\u00fdch postupech.","isPartOf":{"@id":"https:\/\/chansmachining.com\/cs\/#website"},"datePublished":"2021-07-20T12:26:45+00:00","dateModified":"2024-12-18T07:29:55+00:00","breadcrumb":{"@id":"https:\/\/chansmachining.com\/cs\/blog\/#breadcrumb"},"inLanguage":"cs","potentialAction":[{"@type":"ReadAction","target":["https:\/\/chansmachining.com\/cs\/blog\/"]}]},{"@type":"BreadcrumbList","@id":"https:\/\/chansmachining.com\/cs\/blog\/#breadcrumb","itemListElement":[{"@type":"ListItem","position":1,"name":"Home","item":"https:\/\/chansmachining.com\/cs\/home\/"},{"@type":"ListItem","position":2,"name":"Blog"}]},{"@type":"WebSite","@id":"https:\/\/chansmachining.com\/cs\/#website","url":"https:\/\/chansmachining.com\/cs\/","name":"ChansMachining","description":"Just another WordPress site","publisher":{"@id":"https:\/\/chansmachining.com\/cs\/#organization"},"potentialAction":[{"@type":"SearchAction","target":{"@type":"EntryPoint","urlTemplate":"https:\/\/chansmachining.com\/cs\/?s={search_term_string}"},"query-input":{"@type":"PropertyValueSpecification","valueRequired":true,"valueName":"search_term_string"}}],"inLanguage":"cs"},{"@type":"Organization","@id":"https:\/\/chansmachining.com\/cs\/#organization","name":"ChansMachining","url":"https:\/\/chansmachining.com\/cs\/","logo":{"@type":"ImageObject","inLanguage":"cs","@id":"https:\/\/chansmachining.com\/cs\/#\/schema\/logo\/image\/","url":"https:\/\/chansmachining.com\/wp-content\/uploads\/2021\/07\/Chansmachining.com_.png","contentUrl":"https:\/\/chansmachining.com\/wp-content\/uploads\/2021\/07\/Chansmachining.com_.png","width":151,"height":44,"caption":"ChansMachining"},"image":{"@id":"https:\/\/chansmachining.com\/cs\/#\/schema\/logo\/image\/"}}]}},"_links":{"self":[{"href":"https:\/\/chansmachining.com\/cs\/wp-json\/wp\/v2\/pages\/8680","targetHints":{"allow":["GET"]}}],"collection":[{"href":"https:\/\/chansmachining.com\/cs\/wp-json\/wp\/v2\/pages"}],"about":[{"href":"https:\/\/chansmachining.com\/cs\/wp-json\/wp\/v2\/types\/page"}],"author":[{"embeddable":true,"href":"https:\/\/chansmachining.com\/cs\/wp-json\/wp\/v2\/users\/1"}],"replies":[{"embeddable":true,"href":"https:\/\/chansmachining.com\/cs\/wp-json\/wp\/v2\/comments?post=8680"}],"version-history":[{"count":9,"href":"https:\/\/chansmachining.com\/cs\/wp-json\/wp\/v2\/pages\/8680\/revisions"}],"predecessor-version":[{"id":22189,"href":"https:\/\/chansmachining.com\/cs\/wp-json\/wp\/v2\/pages\/8680\/revisions\/22189"}],"wp:attachment":[{"href":"https:\/\/chansmachining.com\/cs\/wp-json\/wp\/v2\/media?parent=8680"}],"curies":[{"name":"wp","href":"https:\/\/api.w.org\/{rel}","templated":true}]}}