{"id":8669,"date":"2021-11-01T08:40:01","date_gmt":"2021-11-01T16:40:01","guid":{"rendered":"https:\/\/chansmachining.com\/ziskat-nabidku\/"},"modified":"2024-12-17T09:21:21","modified_gmt":"2024-12-17T17:21:21","slug":"ziskat-nabidku","status":"publish","type":"page","link":"https:\/\/chansmachining.com\/cs\/ziskat-nabidku\/","title":{"rendered":"Z\u00edskat nab\u00eddku"},"content":{"rendered":"\t\t<div data-elementor-type=\"wp-page\" data-elementor-id=\"8669\" class=\"elementor elementor-8669 elementor-1513\" data-elementor-post-type=\"page\">\n\t\t\t\t<div class=\"elementor-element elementor-element-ea44948 e-flex e-con-boxed e-con e-parent\" data-id=\"ea44948\" data-element_type=\"container\" data-e-type=\"container\" data-settings=\"{&quot;background_background&quot;:&quot;classic&quot;}\">\n\t\t\t\t\t<div class=\"e-con-inner\">\n\t\t\t\t<div class=\"elementor-element elementor-element-011bb2b elementor-widget elementor-widget-text-editor\" data-id=\"011bb2b\" data-element_type=\"widget\" data-e-type=\"widget\" data-widget_type=\"text-editor.default\">\n\t\t\t\t<div class=\"elementor-widget-container\">\n\t\t\t\t\t\t\t\t\t<h2 class=\"elementor-heading-title elementor-size-default\">D\u011bkujeme, \u017ee jste si vybrali spole\u010dnost ChanMachining&nbsp;<\/h2>\n<h2 class=\"elementor-heading-title elementor-size-default\">s dal\u0161\u00edmi v\u00edce ne\u017e 3000 spole\u010dnostmi pro&nbsp;<\/h2>\n<h2 class=\"elementor-heading-title elementor-size-default\">Vysoce kvalitn\u00ed d\u00edly<\/h2>\t\t\t\t\t\t\t\t<\/div>\n\t\t\t\t<\/div>\n\t\t\t\t\t<\/div>\n\t\t\t\t<\/div>\n\t\t\t\t<section class=\"elementor-section elementor-top-section elementor-element elementor-element-ad1b28f elementor-section-boxed elementor-section-height-default elementor-section-height-default\" data-id=\"ad1b28f\" data-element_type=\"section\" data-e-type=\"section\" data-settings=\"{&quot;background_background&quot;:&quot;classic&quot;}\">\n\t\t\t\t\t\t<div class=\"elementor-container elementor-column-gap-default\">\n\t\t\t\t\t<div class=\"elementor-column elementor-col-100 elementor-top-column elementor-element elementor-element-83c997d\" data-id=\"83c997d\" data-element_type=\"column\" data-e-type=\"column\" data-settings=\"{&quot;background_background&quot;:&quot;classic&quot;}\">\n\t\t\t<div class=\"elementor-widget-wrap elementor-element-populated\">\n\t\t\t\t\t<div class=\"elementor-background-overlay\"><\/div>\n\t\t\t\t\t\t<div class=\"elementor-element elementor-element-2083e41 elementor-widget elementor-widget-heading\" data-id=\"2083e41\" data-element_type=\"widget\" data-e-type=\"widget\" data-widget_type=\"heading.default\">\n\t\t\t\t<div class=\"elementor-widget-container\">\n\t\t\t\t\t<h2 class=\"elementor-heading-title elementor-size-default\">Z\u00edskejte nab\u00eddku pro sv\u016fj projekt<\/h2>\t\t\t\t<\/div>\n\t\t\t\t<\/div>\n\t\t\t\t<div class=\"elementor-element elementor-element-b7e0722 elementor-button-align-start elementor-widget elementor-widget-form\" data-id=\"b7e0722\" data-element_type=\"widget\" data-e-type=\"widget\" data-settings=\"{&quot;step_next_label&quot;:&quot;Dal\\u0161\\u00ed&quot;,&quot;step_previous_label&quot;:&quot;P\\u0159edchoz\\u00ed&quot;,&quot;button_width&quot;:&quot;30&quot;,&quot;step_type&quot;:&quot;number_text&quot;,&quot;step_icon_shape&quot;:&quot;circle&quot;}\" data-widget_type=\"form.default\">\n\t\t\t\t<div class=\"elementor-widget-container\">\n\t\t\t\t\t\t\t<form class=\"elementor-form\" method=\"post\" name=\"z\u00edskat cenovou nab\u00eddku\" aria-label=\"z\u00edskat cenovou nab\u00eddku\">\n\t\t\t<input type=\"hidden\" name=\"post_id\" value=\"8669\"\/>\n\t\t\t<input type=\"hidden\" name=\"form_id\" value=\"b7e0722\"\/>\n\t\t\t<input type=\"hidden\" name=\"referer_title\" value=\"ChansMachining\" \/>\n\n\t\t\t\n\t\t\t<div class=\"elementor-form-fields-wrapper elementor-labels-above\">\n\t\t\t\t\t\t\t\t<div class=\"elementor-field-type-text elementor-field-group elementor-column elementor-field-group-name elementor-col-50 elementor-field-required elementor-mark-required\">\n\t\t\t\t\t\t\t\t\t\t\t\t<label for=\"form-field-name\" class=\"elementor-field-label\">\n\t\t\t\t\t\t\t\tN\u00e1zev\t\t\t\t\t\t\t<\/label>\n\t\t\t\t\t\t\t\t\t\t\t\t\t\t<input size=\"1\" type=\"text\" name=\"form_fields[name]\" id=\"form-field-name\" class=\"elementor-field elementor-size-md  elementor-field-textual\" placeholder=\"N\u00e1zev\" required=\"required\">\n\t\t\t\t\t\t\t\t\t\t\t<\/div>\n\t\t\t\t\t\t\t\t<div class=\"elementor-field-type-text elementor-field-group elementor-column elementor-field-group-field_2effbe9 elementor-col-50\">\n\t\t\t\t\t\t\t\t\t\t\t\t<label for=\"form-field-field_2effbe9\" class=\"elementor-field-label\">\n\t\t\t\t\t\t\t\tZem\u011b\t\t\t\t\t\t\t<\/label>\n\t\t\t\t\t\t\t\t\t\t\t\t\t\t<input size=\"1\" type=\"text\" name=\"form_fields[field_2effbe9]\" id=\"form-field-field_2effbe9\" class=\"elementor-field elementor-size-md  elementor-field-textual\" placeholder=\"Zem\u011b\">\n\t\t\t\t\t\t\t\t\t\t\t<\/div>\n\t\t\t\t\t\t\t\t<div class=\"elementor-field-type-email elementor-field-group elementor-column elementor-field-group-email elementor-col-50 elementor-field-required elementor-mark-required\">\n\t\t\t\t\t\t\t\t\t\t\t\t<label for=\"form-field-email\" class=\"elementor-field-label\">\n\t\t\t\t\t\t\t\tE-mail\t\t\t\t\t\t\t<\/label>\n\t\t\t\t\t\t\t\t\t\t\t\t\t\t<input size=\"1\" type=\"email\" name=\"form_fields[email]\" id=\"form-field-email\" class=\"elementor-field elementor-size-md  elementor-field-textual\" placeholder=\"E-mail\" required=\"required\">\n\t\t\t\t\t\t\t\t\t\t\t<\/div>\n\t\t\t\t\t\t\t\t<div class=\"elementor-field-type-tel elementor-field-group elementor-column elementor-field-group-field_5dd093a elementor-col-50\">\n\t\t\t\t\t\t\t\t\t\t\t\t<label for=\"form-field-field_5dd093a\" class=\"elementor-field-label\">\n\t\t\t\t\t\t\t\tTelefonn\u00ed \u010d\u00edslo\t\t\t\t\t\t\t<\/label>\n\t\t\t\t\t\t\t\t<input size=\"1\" type=\"tel\" name=\"form_fields[field_5dd093a]\" id=\"form-field-field_5dd093a\" class=\"elementor-field elementor-size-md  elementor-field-textual\" placeholder=\"Telefonn\u00ed \u010d\u00edslo\" pattern=\"[0-9()#&amp;+*-=.]+\" title=\"Only numbers and phone characters (#, -, *, etc) are accepted.\">\n\n\t\t\t\t\t\t<\/div>\n\t\t\t\t\t\t\t\t<div class=\"elementor-field-type-textarea elementor-field-group elementor-column elementor-field-group-message elementor-col-100 elementor-field-required elementor-mark-required\">\n\t\t\t\t\t\t\t\t\t\t\t\t<label for=\"form-field-message\" class=\"elementor-field-label\">\n\t\t\t\t\t\t\t\tPodrobnosti o projektu\t\t\t\t\t\t\t<\/label>\n\t\t\t\t\t\t<textarea class=\"elementor-field-textual elementor-field  elementor-size-md\" name=\"form_fields[message]\" id=\"form-field-message\" rows=\"4\" placeholder=\"N\u00e1zev d\u00edlu \/ mno\u017estv\u00ed \/ materi\u00e1l \/ barva \/ povrchov\u00e1 \u00faprava\" required=\"required\"><\/textarea>\t\t\t\t<\/div>\n\t\t\t\t\t\t\t\t<div class=\"elementor-field-type-upload elementor-field-group elementor-column elementor-field-group-field_b9db34b elementor-col-100\">\n\t\t\t\t\t\t\t<input type=\"file\" name=\"form_fields[field_b9db34b][]\" id=\"form-field-field_b9db34b\" class=\"elementor-field elementor-size-md  elementor-upload-field\" multiple=\"multiple\" data-maxsize=\"100\" data-maxsize-message=\"This file exceeds the maximum allowed size.\">\n\n\t\t\t\t\t\t<\/div>\n\t\t\t\t\t\t\t\t<div class=\"elementor-field-type-html elementor-field-group elementor-column elementor-field-group-field_27be21f elementor-col-100\">\n\t\t\t\t\t<ul>\n <li>V\u0161echny soubory jsou zabezpe\u010den\u00e9 a d\u016fv\u011brn\u00e9.<\/li>\n    <li>P\u0159ilo\u017ete 2D v\u00fdkresy CAD a 3D modely CAD v libovoln\u00e9m form\u00e1tu v\u010detn\u011b STEP, IGES, DWG, PDF, STL atd. Nebo soubor zkomprimujte do form\u00e1tu ZIP nebo RAR. Velikost souboru: &lt;130 MB  <\/li>\n<\/ul>\n\n\t\t\t\t<\/div>\n\t\t\t\t\t\t\t\t<div class=\"elementor-field-type-recaptcha elementor-field-group elementor-column elementor-field-group-field_372b30a elementor-col-100\">\n\t\t\t\t\t<div class=\"elementor-field\" id=\"form-field-field_372b30a\"><div class=\"elementor-g-recaptcha\" data-sitekey=\"6LcDRd4bAAAAAKCaOb_gz_IoKdVPgp1UGVdCtYMO\" data-type=\"v2_checkbox\" data-theme=\"light\" data-size=\"normal\"><\/div><\/div>\t\t\t\t<\/div>\n\t\t\t\t\t\t\t\t<div class=\"elementor-field-group elementor-column elementor-field-type-submit elementor-col-30 e-form__buttons\">\n\t\t\t\t\t<button class=\"elementor-button elementor-size-md\" type=\"submit\">\n\t\t\t\t\t\t<span class=\"elementor-button-content-wrapper\">\n\t\t\t\t\t\t\t\t\t\t\t\t\t\t\t\t\t\t\t\t\t\t<span class=\"elementor-button-text\">Odeslat<\/span>\n\t\t\t\t\t\t\t\t\t\t\t\t\t<\/span>\n\t\t\t\t\t<\/button>\n\t\t\t\t<\/div>\n\t\t\t<\/div>\n\t\t<\/form>\n\t\t\t\t\t\t<\/div>\n\t\t\t\t<\/div>\n\t\t\t\t<div class=\"elementor-element elementor-element-b6c712a elementor-widget elementor-widget-text-editor\" data-id=\"b6c712a\" data-element_type=\"widget\" data-e-type=\"widget\" data-widget_type=\"text-editor.default\">\n\t\t\t\t<div class=\"elementor-widget-container\">\n\t\t\t\t\t\t\t\t\t<p>Tato str\u00e1nka je chr\u00e1n\u011bna pomoc\u00ed reCAPTCHA a \u0159\u00edd\u00ed se <a href=\"https:\/\/policies.google.com\/privacy\">z\u00e1sadami ochrany osobn\u00edch \u00fadaj\u016f<\/a> a <a href=\"https:\/\/policies.google.com\/terms\">podm\u00ednkami slu\u017eby<\/a> Google.<\/p>\n\t\t\t\t\t\t\t\t<\/div>\n\t\t\t\t<\/div>\n\t\t\t\t\t<\/div>\n\t\t<\/div>\n\t\t\t\t\t<\/div>\n\t\t<\/section>\n\t\t\t\t<\/div>\n\t\t","protected":false},"excerpt":{"rendered":"<p>D\u011bkujeme, \u017ee jste si vybrali spole\u010dnost ChanMachining&nbsp; s dal\u0161\u00edmi v\u00edce ne\u017e 3000 spole\u010dnostmi pro&nbsp; Vysoce kvalitn\u00ed d\u00edly Z\u00edskejte nab\u00eddku pro sv\u016fj projekt Tato str\u00e1nka je chr\u00e1n\u011bna pomoc\u00ed reCAPTCHA a \u0159\u00edd\u00ed se z\u00e1sadami ochrany osobn\u00edch \u00fadaj\u016f a podm\u00ednkami slu\u017eby Google.<\/p>\n","protected":false},"author":1,"featured_media":0,"parent":0,"menu_order":0,"comment_status":"closed","ping_status":"closed","template":"","meta":{"footnotes":""},"class_list":["post-8669","page","type-page","status-publish","hentry"],"yoast_head":"<!-- This site is optimized with the Yoast SEO plugin v26.8 - https:\/\/yoast.com\/product\/yoast-seo-wordpress\/ -->\n<title>Z\u00edskejte nab\u00eddku na CNC obr\u00e1b\u011bn\u00ed d\u00edl\u016f a prototyp\u016f<\/title>\n<meta name=\"robots\" content=\"index, follow, max-snippet:-1, max-image-preview:large, max-video-preview:-1\" \/>\n<link rel=\"canonical\" href=\"https:\/\/chansmachining.com\/cs\/ziskat-nabidku\/\" \/>\n<meta property=\"og:locale\" content=\"cs_CZ\" \/>\n<meta property=\"og:type\" content=\"article\" \/>\n<meta property=\"og:title\" content=\"Z\u00edskejte nab\u00eddku na CNC obr\u00e1b\u011bn\u00ed d\u00edl\u016f a prototyp\u016f\" \/>\n<meta property=\"og:description\" content=\"D\u011bkujeme, \u017ee jste si vybrali spole\u010dnost ChanMachining&nbsp; s dal\u0161\u00edmi v\u00edce ne\u017e 3000 spole\u010dnostmi pro&nbsp; Vysoce kvalitn\u00ed d\u00edly Z\u00edskejte nab\u00eddku pro sv\u016fj projekt Tato str\u00e1nka je chr\u00e1n\u011bna pomoc\u00ed reCAPTCHA a \u0159\u00edd\u00ed se z\u00e1sadami ochrany osobn\u00edch \u00fadaj\u016f a podm\u00ednkami slu\u017eby Google.\" \/>\n<meta property=\"og:url\" content=\"https:\/\/chansmachining.com\/cs\/ziskat-nabidku\/\" \/>\n<meta property=\"og:site_name\" content=\"ChansMachining\" \/>\n<meta property=\"article:modified_time\" content=\"2024-12-17T17:21:21+00:00\" \/>\n<meta name=\"twitter:card\" content=\"summary_large_image\" \/>\n<script type=\"application\/ld+json\" class=\"yoast-schema-graph\">{\"@context\":\"https:\/\/schema.org\",\"@graph\":[{\"@type\":\"WebPage\",\"@id\":\"https:\/\/chansmachining.com\/cs\/ziskat-nabidku\/\",\"url\":\"https:\/\/chansmachining.com\/cs\/ziskat-nabidku\/\",\"name\":\"Z\u00edskejte nab\u00eddku na CNC obr\u00e1b\u011bn\u00ed d\u00edl\u016f a prototyp\u016f\",\"isPartOf\":{\"@id\":\"https:\/\/chansmachining.com\/cs\/#website\"},\"datePublished\":\"2021-11-01T16:40:01+00:00\",\"dateModified\":\"2024-12-17T17:21:21+00:00\",\"breadcrumb\":{\"@id\":\"https:\/\/chansmachining.com\/cs\/ziskat-nabidku\/#breadcrumb\"},\"inLanguage\":\"cs\",\"potentialAction\":[{\"@type\":\"ReadAction\",\"target\":[\"https:\/\/chansmachining.com\/cs\/ziskat-nabidku\/\"]}]},{\"@type\":\"BreadcrumbList\",\"@id\":\"https:\/\/chansmachining.com\/cs\/ziskat-nabidku\/#breadcrumb\",\"itemListElement\":[{\"@type\":\"ListItem\",\"position\":1,\"name\":\"Home\",\"item\":\"https:\/\/chansmachining.com\/cs\/home\/\"},{\"@type\":\"ListItem\",\"position\":2,\"name\":\"Z\u00edskat nab\u00eddku\"}]},{\"@type\":\"WebSite\",\"@id\":\"https:\/\/chansmachining.com\/cs\/#website\",\"url\":\"https:\/\/chansmachining.com\/cs\/\",\"name\":\"ChansMachining\",\"description\":\"Just another WordPress site\",\"publisher\":{\"@id\":\"https:\/\/chansmachining.com\/cs\/#organization\"},\"potentialAction\":[{\"@type\":\"SearchAction\",\"target\":{\"@type\":\"EntryPoint\",\"urlTemplate\":\"https:\/\/chansmachining.com\/cs\/?s={search_term_string}\"},\"query-input\":{\"@type\":\"PropertyValueSpecification\",\"valueRequired\":true,\"valueName\":\"search_term_string\"}}],\"inLanguage\":\"cs\"},{\"@type\":\"Organization\",\"@id\":\"https:\/\/chansmachining.com\/cs\/#organization\",\"name\":\"ChansMachining\",\"url\":\"https:\/\/chansmachining.com\/cs\/\",\"logo\":{\"@type\":\"ImageObject\",\"inLanguage\":\"cs\",\"@id\":\"https:\/\/chansmachining.com\/cs\/#\/schema\/logo\/image\/\",\"url\":\"https:\/\/chansmachining.com\/wp-content\/uploads\/2021\/07\/Chansmachining.com_.png\",\"contentUrl\":\"https:\/\/chansmachining.com\/wp-content\/uploads\/2021\/07\/Chansmachining.com_.png\",\"width\":151,\"height\":44,\"caption\":\"ChansMachining\"},\"image\":{\"@id\":\"https:\/\/chansmachining.com\/cs\/#\/schema\/logo\/image\/\"}}]}<\/script>\n<!-- \/ Yoast SEO plugin. -->","yoast_head_json":{"title":"Z\u00edskejte nab\u00eddku na CNC obr\u00e1b\u011bn\u00ed d\u00edl\u016f a prototyp\u016f","robots":{"index":"index","follow":"follow","max-snippet":"max-snippet:-1","max-image-preview":"max-image-preview:large","max-video-preview":"max-video-preview:-1"},"canonical":"https:\/\/chansmachining.com\/cs\/ziskat-nabidku\/","og_locale":"cs_CZ","og_type":"article","og_title":"Z\u00edskejte nab\u00eddku na CNC obr\u00e1b\u011bn\u00ed d\u00edl\u016f a prototyp\u016f","og_description":"D\u011bkujeme, \u017ee jste si vybrali spole\u010dnost ChanMachining&nbsp; s dal\u0161\u00edmi v\u00edce ne\u017e 3000 spole\u010dnostmi pro&nbsp; Vysoce kvalitn\u00ed d\u00edly Z\u00edskejte nab\u00eddku pro sv\u016fj projekt Tato str\u00e1nka je chr\u00e1n\u011bna pomoc\u00ed reCAPTCHA a \u0159\u00edd\u00ed se z\u00e1sadami ochrany osobn\u00edch \u00fadaj\u016f a podm\u00ednkami slu\u017eby Google.","og_url":"https:\/\/chansmachining.com\/cs\/ziskat-nabidku\/","og_site_name":"ChansMachining","article_modified_time":"2024-12-17T17:21:21+00:00","twitter_card":"summary_large_image","schema":{"@context":"https:\/\/schema.org","@graph":[{"@type":"WebPage","@id":"https:\/\/chansmachining.com\/cs\/ziskat-nabidku\/","url":"https:\/\/chansmachining.com\/cs\/ziskat-nabidku\/","name":"Z\u00edskejte nab\u00eddku na CNC obr\u00e1b\u011bn\u00ed d\u00edl\u016f a prototyp\u016f","isPartOf":{"@id":"https:\/\/chansmachining.com\/cs\/#website"},"datePublished":"2021-11-01T16:40:01+00:00","dateModified":"2024-12-17T17:21:21+00:00","breadcrumb":{"@id":"https:\/\/chansmachining.com\/cs\/ziskat-nabidku\/#breadcrumb"},"inLanguage":"cs","potentialAction":[{"@type":"ReadAction","target":["https:\/\/chansmachining.com\/cs\/ziskat-nabidku\/"]}]},{"@type":"BreadcrumbList","@id":"https:\/\/chansmachining.com\/cs\/ziskat-nabidku\/#breadcrumb","itemListElement":[{"@type":"ListItem","position":1,"name":"Home","item":"https:\/\/chansmachining.com\/cs\/home\/"},{"@type":"ListItem","position":2,"name":"Z\u00edskat nab\u00eddku"}]},{"@type":"WebSite","@id":"https:\/\/chansmachining.com\/cs\/#website","url":"https:\/\/chansmachining.com\/cs\/","name":"ChansMachining","description":"Just another WordPress site","publisher":{"@id":"https:\/\/chansmachining.com\/cs\/#organization"},"potentialAction":[{"@type":"SearchAction","target":{"@type":"EntryPoint","urlTemplate":"https:\/\/chansmachining.com\/cs\/?s={search_term_string}"},"query-input":{"@type":"PropertyValueSpecification","valueRequired":true,"valueName":"search_term_string"}}],"inLanguage":"cs"},{"@type":"Organization","@id":"https:\/\/chansmachining.com\/cs\/#organization","name":"ChansMachining","url":"https:\/\/chansmachining.com\/cs\/","logo":{"@type":"ImageObject","inLanguage":"cs","@id":"https:\/\/chansmachining.com\/cs\/#\/schema\/logo\/image\/","url":"https:\/\/chansmachining.com\/wp-content\/uploads\/2021\/07\/Chansmachining.com_.png","contentUrl":"https:\/\/chansmachining.com\/wp-content\/uploads\/2021\/07\/Chansmachining.com_.png","width":151,"height":44,"caption":"ChansMachining"},"image":{"@id":"https:\/\/chansmachining.com\/cs\/#\/schema\/logo\/image\/"}}]}},"_links":{"self":[{"href":"https:\/\/chansmachining.com\/cs\/wp-json\/wp\/v2\/pages\/8669","targetHints":{"allow":["GET"]}}],"collection":[{"href":"https:\/\/chansmachining.com\/cs\/wp-json\/wp\/v2\/pages"}],"about":[{"href":"https:\/\/chansmachining.com\/cs\/wp-json\/wp\/v2\/types\/page"}],"author":[{"embeddable":true,"href":"https:\/\/chansmachining.com\/cs\/wp-json\/wp\/v2\/users\/1"}],"replies":[{"embeddable":true,"href":"https:\/\/chansmachining.com\/cs\/wp-json\/wp\/v2\/comments?post=8669"}],"version-history":[{"count":2,"href":"https:\/\/chansmachining.com\/cs\/wp-json\/wp\/v2\/pages\/8669\/revisions"}],"predecessor-version":[{"id":8671,"href":"https:\/\/chansmachining.com\/cs\/wp-json\/wp\/v2\/pages\/8669\/revisions\/8671"}],"wp:attachment":[{"href":"https:\/\/chansmachining.com\/cs\/wp-json\/wp\/v2\/media?parent=8669"}],"curies":[{"name":"wp","href":"https:\/\/api.w.org\/{rel}","templated":true}]}}